{"id":3673,"date":"2025-07-08T16:06:17","date_gmt":"2025-07-08T14:06:17","guid":{"rendered":"https:\/\/sar.fr\/sign-up-to-our-newsletter\/"},"modified":"2025-09-11T14:10:50","modified_gmt":"2025-09-11T12:10:50","slug":"sign-up-to-our-newsletter","status":"publish","type":"page","link":"https:\/\/sar.fr\/en\/sign-up-to-our-newsletter\/","title":{"rendered":"Sign up to our newsletter"},"content":{"rendered":"\n<p><\/p>\n\n<hr class=\"wp-block-separator has-text-color has-cyan-bluish-gray-color has-alpha-channel-opacity has-cyan-bluish-gray-background-color has-background is-style-wide\"\/>\n\n<div class=\"wpcf7 no-js\" id=\"wpcf7-f3234-o1\" lang=\"fr-FR\" dir=\"ltr\" data-wpcf7-id=\"3234\">\n<div class=\"screen-reader-response\"><p role=\"status\" aria-live=\"polite\" aria-atomic=\"true\"><\/p> <ul><\/ul><\/div>\n<form action=\"\/en\/wp-json\/wp\/v2\/pages\/3673#wpcf7-f3234-o1\" method=\"post\" class=\"wpcf7-form init\" aria-label=\"Formulaire de contact\" novalidate=\"novalidate\" data-status=\"init\">\n<fieldset class=\"hidden-fields-container\"><input type=\"hidden\" name=\"_wpcf7\" value=\"3234\" \/><input type=\"hidden\" name=\"_wpcf7_version\" value=\"6.1.5\" \/><input type=\"hidden\" name=\"_wpcf7_locale\" value=\"fr_FR\" \/><input type=\"hidden\" name=\"_wpcf7_unit_tag\" value=\"wpcf7-f3234-o1\" \/><input type=\"hidden\" name=\"_wpcf7_container_post\" value=\"0\" \/><input type=\"hidden\" name=\"_wpcf7_posted_data_hash\" value=\"\" \/>\n<\/fieldset>\n<div class=\"wpcf7-response-output\" aria-hidden=\"true\"><\/div>\n<div class=\"row\">\n  <div class=\"columns medium-6\">\n    <div class=\"section-contact__line\">\n      <label for=\"contact-name\">Nom *<\/label>\n      <span class=\"wpcf7-form-control-wrap\" data-name=\"contact-name\"><input size=\"40\" maxlength=\"400\" class=\"wpcf7-form-control wpcf7-text wpcf7-validates-as-required\" id=\"contact-name\" aria-required=\"true\" aria-invalid=\"false\" value=\"\" type=\"text\" name=\"contact-name\" \/><\/span>\n    <\/div>\n  <\/div>\n  <div class=\"columns medium-6\">\n    <div class=\"section-contact__line\">\n      <label for=\"contact-firstname\">Pr\u00e9nom<\/label>\n      <span class=\"wpcf7-form-control-wrap\" data-name=\"contact-firstname\"><input size=\"40\" maxlength=\"400\" class=\"wpcf7-form-control wpcf7-text\" id=\"contact-firstname\" aria-invalid=\"false\" value=\"\" type=\"text\" name=\"contact-firstname\" \/><\/span>\n    <\/div>\n  <\/div>\n<\/div>\n\n<div class=\"row\">\n  <div class=\"columns medium-12\">\n    <div class=\"section-contact__line\">\n      <label for=\"contact-email\">Adresse e-mail *<\/label>\n      <span class=\"wpcf7-form-control-wrap\" data-name=\"contact-email\"><input size=\"40\" maxlength=\"400\" class=\"wpcf7-form-control wpcf7-email wpcf7-validates-as-required wpcf7-text wpcf7-validates-as-email\" id=\"contact-email\" aria-required=\"true\" aria-invalid=\"false\" value=\"\" type=\"email\" name=\"contact-email\" \/><\/span>\n    <\/div>\n  <\/div>\n<\/div>\n\n<div class=\"row\">\n  <div class=\"columns small-12 text-center\">\n    <button class=\"btn\">Envoyer<\/button>\n  <\/div>\n<\/div>\n<\/form>\n<\/div>\n\n\n<hr class=\"wp-block-separator has-text-color has-cyan-bluish-gray-color has-alpha-channel-opacity has-cyan-bluish-gray-background-color has-background is-style-wide\"\/>\n\n<p><\/p>\n\n<p class=\"has-cyan-bluish-gray-color has-text-color has-link-color wp-elements-6e4fb7584ad11604022e126b1afc8c53\"><strong>Note sur les donn\u00e9es personnelles : <\/strong> Les donn\u00e9es personnelles d\u00e9signent les donn\u00e9es qui vous identifient en tant que personne physique. Nous pouvons \u00eatre amen\u00e9s \u00e0 traiter les types de donn\u00e9es personnelles suivants vous concernant : vos coordonn\u00e9es incluant votre nom, l\u2019adresse courriel ou le num\u00e9ro de t\u00e9l\u00e9phone. Ces informations utilisateur peuvent comprendre le num\u00e9ro IP, le type de p\u00e9riph\u00e9rique et le navigateur, fuseau horaire, situation g\u00e9ographique, ainsi que vos int<\/p>\n","protected":false},"excerpt":{"rendered":"<p>Note sur les donn\u00e9es personnelles : Les donn\u00e9es personnelles d\u00e9signent les donn\u00e9es qui vous identifient en tant que personne physique&#8230;.<\/p>\n","protected":false},"author":1,"featured_media":0,"parent":0,"menu_order":33,"comment_status":"closed","ping_status":"closed","template":"","meta":{"_acf_changed":false,"footnotes":""},"class_list":["post-3673","page","type-page","status-publish","hentry"],"acf":[],"yoast_head":"<!-- This site is optimized with the Yoast SEO plugin v27.3 - https:\/\/yoast.com\/product\/yoast-seo-wordpress\/ -->\n<title>Sign up to our newsletter - SAR<\/title>\n<meta name=\"robots\" content=\"index, follow, max-snippet:-1, max-image-preview:large, max-video-preview:-1\" \/>\n<link rel=\"canonical\" href=\"https:\/\/sar.fr\/inscription-newsletter\/\" \/>\n<meta property=\"og:locale\" content=\"en_US\" \/>\n<meta property=\"og:type\" content=\"article\" \/>\n<meta property=\"og:title\" content=\"Sign up to our newsletter - SAR\" \/>\n<meta property=\"og:description\" content=\"Note sur les donn\u00e9es personnelles : Les donn\u00e9es personnelles d\u00e9signent les donn\u00e9es qui vous identifient en tant que personne physique....\" \/>\n<meta property=\"og:url\" content=\"https:\/\/sar.fr\/inscription-newsletter\/\" \/>\n<meta property=\"og:site_name\" content=\"SAR\" \/>\n<meta property=\"article:modified_time\" content=\"2025-09-11T12:10:50+00:00\" \/>\n<meta name=\"twitter:card\" content=\"summary_large_image\" \/>\n<script type=\"application\/ld+json\" class=\"yoast-schema-graph\">{\"@context\":\"https:\\\/\\\/schema.org\",\"@graph\":[{\"@type\":\"WebPage\",\"@id\":\"https:\\\/\\\/sar.fr\\\/inscription-newsletter\\\/\",\"url\":\"https:\\\/\\\/sar.fr\\\/inscription-newsletter\\\/\",\"name\":\"Sign up to our newsletter - SAR\",\"isPartOf\":{\"@id\":\"https:\\\/\\\/sar.fr\\\/#website\"},\"datePublished\":\"2025-07-08T14:06:17+00:00\",\"dateModified\":\"2025-09-11T12:10:50+00:00\",\"breadcrumb\":{\"@id\":\"https:\\\/\\\/sar.fr\\\/inscription-newsletter\\\/#breadcrumb\"},\"inLanguage\":\"en-US\",\"potentialAction\":[{\"@type\":\"ReadAction\",\"target\":[\"https:\\\/\\\/sar.fr\\\/inscription-newsletter\\\/\"]}]},{\"@type\":\"BreadcrumbList\",\"@id\":\"https:\\\/\\\/sar.fr\\\/inscription-newsletter\\\/#breadcrumb\",\"itemListElement\":[{\"@type\":\"ListItem\",\"position\":1,\"name\":\"Accueil\",\"item\":\"https:\\\/\\\/sar.fr\\\/en\\\/\"},{\"@type\":\"ListItem\",\"position\":2,\"name\":\"Sign up to our newsletter\"}]},{\"@type\":\"WebSite\",\"@id\":\"https:\\\/\\\/sar.fr\\\/#website\",\"url\":\"https:\\\/\\\/sar.fr\\\/\",\"name\":\"Sar\",\"description\":\"\",\"publisher\":{\"@id\":\"https:\\\/\\\/sar.fr\\\/#organization\"},\"potentialAction\":[{\"@type\":\"SearchAction\",\"target\":{\"@type\":\"EntryPoint\",\"urlTemplate\":\"https:\\\/\\\/sar.fr\\\/?s={search_term_string}\"},\"query-input\":{\"@type\":\"PropertyValueSpecification\",\"valueRequired\":true,\"valueName\":\"search_term_string\"}}],\"inLanguage\":\"en-US\"},{\"@type\":\"Organization\",\"@id\":\"https:\\\/\\\/sar.fr\\\/#organization\",\"name\":\"Sar\",\"url\":\"https:\\\/\\\/sar.fr\\\/\",\"logo\":{\"@type\":\"ImageObject\",\"inLanguage\":\"en-US\",\"@id\":\"https:\\\/\\\/sar.fr\\\/#\\\/schema\\\/logo\\\/image\\\/\",\"url\":\"\",\"contentUrl\":\"\",\"caption\":\"Sar\"},\"image\":{\"@id\":\"https:\\\/\\\/sar.fr\\\/#\\\/schema\\\/logo\\\/image\\\/\"}}]}<\/script>\n<!-- \/ Yoast SEO plugin. -->","yoast_head_json":{"title":"Sign up to our newsletter - SAR","robots":{"index":"index","follow":"follow","max-snippet":"max-snippet:-1","max-image-preview":"max-image-preview:large","max-video-preview":"max-video-preview:-1"},"canonical":"https:\/\/sar.fr\/inscription-newsletter\/","og_locale":"en_US","og_type":"article","og_title":"Sign up to our newsletter - SAR","og_description":"Note sur les donn\u00e9es personnelles : Les donn\u00e9es personnelles d\u00e9signent les donn\u00e9es qui vous identifient en tant que personne physique....","og_url":"https:\/\/sar.fr\/inscription-newsletter\/","og_site_name":"SAR","article_modified_time":"2025-09-11T12:10:50+00:00","twitter_card":"summary_large_image","schema":{"@context":"https:\/\/schema.org","@graph":[{"@type":"WebPage","@id":"https:\/\/sar.fr\/inscription-newsletter\/","url":"https:\/\/sar.fr\/inscription-newsletter\/","name":"Sign up to our newsletter - SAR","isPartOf":{"@id":"https:\/\/sar.fr\/#website"},"datePublished":"2025-07-08T14:06:17+00:00","dateModified":"2025-09-11T12:10:50+00:00","breadcrumb":{"@id":"https:\/\/sar.fr\/inscription-newsletter\/#breadcrumb"},"inLanguage":"en-US","potentialAction":[{"@type":"ReadAction","target":["https:\/\/sar.fr\/inscription-newsletter\/"]}]},{"@type":"BreadcrumbList","@id":"https:\/\/sar.fr\/inscription-newsletter\/#breadcrumb","itemListElement":[{"@type":"ListItem","position":1,"name":"Accueil","item":"https:\/\/sar.fr\/en\/"},{"@type":"ListItem","position":2,"name":"Sign up to our newsletter"}]},{"@type":"WebSite","@id":"https:\/\/sar.fr\/#website","url":"https:\/\/sar.fr\/","name":"Sar","description":"","publisher":{"@id":"https:\/\/sar.fr\/#organization"},"potentialAction":[{"@type":"SearchAction","target":{"@type":"EntryPoint","urlTemplate":"https:\/\/sar.fr\/?s={search_term_string}"},"query-input":{"@type":"PropertyValueSpecification","valueRequired":true,"valueName":"search_term_string"}}],"inLanguage":"en-US"},{"@type":"Organization","@id":"https:\/\/sar.fr\/#organization","name":"Sar","url":"https:\/\/sar.fr\/","logo":{"@type":"ImageObject","inLanguage":"en-US","@id":"https:\/\/sar.fr\/#\/schema\/logo\/image\/","url":"","contentUrl":"","caption":"Sar"},"image":{"@id":"https:\/\/sar.fr\/#\/schema\/logo\/image\/"}}]}},"_links":{"self":[{"href":"https:\/\/sar.fr\/en\/wp-json\/wp\/v2\/pages\/3673","targetHints":{"allow":["GET"]}}],"collection":[{"href":"https:\/\/sar.fr\/en\/wp-json\/wp\/v2\/pages"}],"about":[{"href":"https:\/\/sar.fr\/en\/wp-json\/wp\/v2\/types\/page"}],"author":[{"embeddable":true,"href":"https:\/\/sar.fr\/en\/wp-json\/wp\/v2\/users\/1"}],"replies":[{"embeddable":true,"href":"https:\/\/sar.fr\/en\/wp-json\/wp\/v2\/comments?post=3673"}],"version-history":[{"count":1,"href":"https:\/\/sar.fr\/en\/wp-json\/wp\/v2\/pages\/3673\/revisions"}],"predecessor-version":[{"id":3674,"href":"https:\/\/sar.fr\/en\/wp-json\/wp\/v2\/pages\/3673\/revisions\/3674"}],"wp:attachment":[{"href":"https:\/\/sar.fr\/en\/wp-json\/wp\/v2\/media?parent=3673"}],"curies":[{"name":"wp","href":"https:\/\/api.w.org\/{rel}","templated":true}]}}