{"id":3690,"date":"2025-09-09T14:03:03","date_gmt":"2025-09-09T12:03:03","guid":{"rendered":"https:\/\/sar.fr\/our-services\/"},"modified":"2025-11-03T12:27:35","modified_gmt":"2025-11-03T11:27:35","slug":"our-services","status":"publish","type":"page","link":"https:\/\/sar.fr\/en\/our-expertises\/our-services\/","title":{"rendered":"Our services"},"content":{"rendered":"\n<div style=\"height:26px\" aria-hidden=\"true\" class=\"wp-block-spacer\"><\/div>\n\n\n\n<h2 class=\"wp-block-heading\">Performance measurements\u00a0<\/h2>\n\n\n\n<p><strong><strong>Road marking expert SAR has a highly qualified technical team specifically focused on taking and analysing road marking performance measurements.<\/strong><\/strong><\/p>\n\n\n\n<div style=\"height:60px\" aria-hidden=\"true\" class=\"wp-block-spacer\"><\/div>\n\n\n\n<h2 class=\"wp-block-heading\">Assistance technique<\/h2>\n\n\n\n<p>SAR has created a <strong>special applications department <\/strong>for its customers. This department\u2019s main duties include:<\/p>\n\n\n\n<ul class=\"wp-block-list\">\n<li>Providing technical support with applying the company\u2019s products, and matching equipment and products\u00a0<\/li>\n\n\n\n<li>Product testing\u00a0<\/li>\n\n\n\n<li>Performance measurements\u00a0<\/li>\n<\/ul>\n\n\n\n<div style=\"height:20px\" aria-hidden=\"true\" class=\"wp-block-spacer\"><\/div>\n\n\n\n<h3 class=\"wp-block-heading\">These measurements comply with EN 1436 and include:\u00a0<\/h3>\n\n\n\n<ul class=\"wp-block-list\">\n<li><strong>Retroreflected luminance <\/strong>(RL), which is measured under static and dynamic conditions (using a Zehntner retroreflectometer)\u00a0<\/li>\n\n\n\n<li><strong>Retroreflected luminance<\/strong> in wet and rainy conditions according to the protocol for night-time visibility in rainy conditions\u00a0<\/li>\n\n\n\n<li><strong>Skid resistance <\/strong>(SRT)\u00a0<\/li>\n\n\n\n<li><strong>Luminance coefficient<\/strong> under diffuse illumination (Qd)\u00a0<\/li>\n<\/ul>\n\n\n\n<div style=\"height:40px\" aria-hidden=\"true\" class=\"wp-block-spacer\"><\/div>\n\n\n\n<div class=\"wp-block-buttons is-content-justification-center is-layout-flex wp-container-core-buttons-is-layout-16018d1d wp-block-buttons-is-layout-flex\">\n<div class=\"wp-block-button\"><a class=\"wp-block-button__link wp-element-button\" href=\"https:\/\/sar.fr\/wp-content\/uploads\/2025\/10\/SAR-Certification-NF.pdf\" target=\"_blank\" rel=\"noreferrer noopener\">Learn more about NF certification<\/a><\/div>\n<\/div>\n\n\n\n<p><\/p>\n","protected":false},"excerpt":{"rendered":"<p>Performance measurements\u00a0 Road marking expert SAR has a highly qualified technical team specifically focused on taking and analysing road marking&#8230;<\/p>\n","protected":false},"author":6,"featured_media":0,"parent":3693,"menu_order":1,"comment_status":"closed","ping_status":"closed","template":"","meta":{"_acf_changed":false,"footnotes":""},"class_list":["post-3690","page","type-page","status-publish","hentry"],"acf":[],"yoast_head":"<!-- This site is optimized with the Yoast SEO plugin v27.3 - https:\/\/yoast.com\/product\/yoast-seo-wordpress\/ -->\n<title>Our services - SAR, r\u00e9f\u00e9rent en produits de marquage routier<\/title>\n<meta name=\"description\" content=\"D\u00e9couvrez les diff\u00e9rents services de SAR, r\u00e9f\u00e9rent en produits de marquage routier. Nos services font partis de nos expertises.\" \/>\n<meta name=\"robots\" content=\"index, follow, max-snippet:-1, max-image-preview:large, max-video-preview:-1\" \/>\n<link rel=\"canonical\" href=\"https:\/\/sar.fr\/en\/our-expertises\/our-services\/\" \/>\n<meta property=\"og:locale\" content=\"en_US\" \/>\n<meta property=\"og:type\" content=\"article\" \/>\n<meta property=\"og:title\" content=\"Our services - SAR, r\u00e9f\u00e9rent en produits de marquage routier\" \/>\n<meta property=\"og:description\" content=\"D\u00e9couvrez les diff\u00e9rents services de SAR, r\u00e9f\u00e9rent en produits de marquage routier. Nos services font partis de nos expertises.\" \/>\n<meta property=\"og:url\" content=\"https:\/\/sar.fr\/en\/our-expertises\/our-services\/\" \/>\n<meta property=\"og:site_name\" content=\"SAR\" \/>\n<meta property=\"article:modified_time\" content=\"2025-11-03T11:27:35+00:00\" \/>\n<meta name=\"twitter:card\" content=\"summary_large_image\" \/>\n<meta name=\"twitter:label1\" content=\"Est. reading time\" \/>\n\t<meta name=\"twitter:data1\" content=\"1 minute\" \/>\n<script type=\"application\/ld+json\" class=\"yoast-schema-graph\">{\"@context\":\"https:\\\/\\\/schema.org\",\"@graph\":[{\"@type\":\"WebPage\",\"@id\":\"https:\\\/\\\/sar.fr\\\/en\\\/our-expertises\\\/our-services\\\/\",\"url\":\"https:\\\/\\\/sar.fr\\\/en\\\/our-expertises\\\/our-services\\\/\",\"name\":\"Our services - SAR, r\u00e9f\u00e9rent en produits de marquage routier\",\"isPartOf\":{\"@id\":\"https:\\\/\\\/sar.fr\\\/#website\"},\"datePublished\":\"2025-09-09T12:03:03+00:00\",\"dateModified\":\"2025-11-03T11:27:35+00:00\",\"description\":\"D\u00e9couvrez les diff\u00e9rents services de SAR, r\u00e9f\u00e9rent en produits de marquage routier. Nos services font partis de nos expertises.\",\"breadcrumb\":{\"@id\":\"https:\\\/\\\/sar.fr\\\/en\\\/our-expertises\\\/our-services\\\/#breadcrumb\"},\"inLanguage\":\"en-US\",\"potentialAction\":[{\"@type\":\"ReadAction\",\"target\":[\"https:\\\/\\\/sar.fr\\\/en\\\/our-expertises\\\/our-services\\\/\"]}]},{\"@type\":\"BreadcrumbList\",\"@id\":\"https:\\\/\\\/sar.fr\\\/en\\\/our-expertises\\\/our-services\\\/#breadcrumb\",\"itemListElement\":[{\"@type\":\"ListItem\",\"position\":1,\"name\":\"Accueil\",\"item\":\"https:\\\/\\\/sar.fr\\\/en\\\/\"},{\"@type\":\"ListItem\",\"position\":2,\"name\":\"Our areas of expertise\",\"item\":\"https:\\\/\\\/sar.fr\\\/en\\\/our-expertises\\\/\"},{\"@type\":\"ListItem\",\"position\":3,\"name\":\"Our services\"}]},{\"@type\":\"WebSite\",\"@id\":\"https:\\\/\\\/sar.fr\\\/#website\",\"url\":\"https:\\\/\\\/sar.fr\\\/\",\"name\":\"Sar\",\"description\":\"\",\"publisher\":{\"@id\":\"https:\\\/\\\/sar.fr\\\/#organization\"},\"potentialAction\":[{\"@type\":\"SearchAction\",\"target\":{\"@type\":\"EntryPoint\",\"urlTemplate\":\"https:\\\/\\\/sar.fr\\\/?s={search_term_string}\"},\"query-input\":{\"@type\":\"PropertyValueSpecification\",\"valueRequired\":true,\"valueName\":\"search_term_string\"}}],\"inLanguage\":\"en-US\"},{\"@type\":\"Organization\",\"@id\":\"https:\\\/\\\/sar.fr\\\/#organization\",\"name\":\"Sar\",\"url\":\"https:\\\/\\\/sar.fr\\\/\",\"logo\":{\"@type\":\"ImageObject\",\"inLanguage\":\"en-US\",\"@id\":\"https:\\\/\\\/sar.fr\\\/#\\\/schema\\\/logo\\\/image\\\/\",\"url\":\"\",\"contentUrl\":\"\",\"caption\":\"Sar\"},\"image\":{\"@id\":\"https:\\\/\\\/sar.fr\\\/#\\\/schema\\\/logo\\\/image\\\/\"}}]}<\/script>\n<!-- \/ Yoast SEO plugin. -->","yoast_head_json":{"title":"Our services - SAR, r\u00e9f\u00e9rent en produits de marquage routier","description":"D\u00e9couvrez les diff\u00e9rents services de SAR, r\u00e9f\u00e9rent en produits de marquage routier. Nos services font partis de nos expertises.","robots":{"index":"index","follow":"follow","max-snippet":"max-snippet:-1","max-image-preview":"max-image-preview:large","max-video-preview":"max-video-preview:-1"},"canonical":"https:\/\/sar.fr\/en\/our-expertises\/our-services\/","og_locale":"en_US","og_type":"article","og_title":"Our services - SAR, r\u00e9f\u00e9rent en produits de marquage routier","og_description":"D\u00e9couvrez les diff\u00e9rents services de SAR, r\u00e9f\u00e9rent en produits de marquage routier. Nos services font partis de nos expertises.","og_url":"https:\/\/sar.fr\/en\/our-expertises\/our-services\/","og_site_name":"SAR","article_modified_time":"2025-11-03T11:27:35+00:00","twitter_card":"summary_large_image","twitter_misc":{"Est. reading time":"1 minute"},"schema":{"@context":"https:\/\/schema.org","@graph":[{"@type":"WebPage","@id":"https:\/\/sar.fr\/en\/our-expertises\/our-services\/","url":"https:\/\/sar.fr\/en\/our-expertises\/our-services\/","name":"Our services - SAR, r\u00e9f\u00e9rent en produits de marquage routier","isPartOf":{"@id":"https:\/\/sar.fr\/#website"},"datePublished":"2025-09-09T12:03:03+00:00","dateModified":"2025-11-03T11:27:35+00:00","description":"D\u00e9couvrez les diff\u00e9rents services de SAR, r\u00e9f\u00e9rent en produits de marquage routier. Nos services font partis de nos expertises.","breadcrumb":{"@id":"https:\/\/sar.fr\/en\/our-expertises\/our-services\/#breadcrumb"},"inLanguage":"en-US","potentialAction":[{"@type":"ReadAction","target":["https:\/\/sar.fr\/en\/our-expertises\/our-services\/"]}]},{"@type":"BreadcrumbList","@id":"https:\/\/sar.fr\/en\/our-expertises\/our-services\/#breadcrumb","itemListElement":[{"@type":"ListItem","position":1,"name":"Accueil","item":"https:\/\/sar.fr\/en\/"},{"@type":"ListItem","position":2,"name":"Our areas of expertise","item":"https:\/\/sar.fr\/en\/our-expertises\/"},{"@type":"ListItem","position":3,"name":"Our services"}]},{"@type":"WebSite","@id":"https:\/\/sar.fr\/#website","url":"https:\/\/sar.fr\/","name":"Sar","description":"","publisher":{"@id":"https:\/\/sar.fr\/#organization"},"potentialAction":[{"@type":"SearchAction","target":{"@type":"EntryPoint","urlTemplate":"https:\/\/sar.fr\/?s={search_term_string}"},"query-input":{"@type":"PropertyValueSpecification","valueRequired":true,"valueName":"search_term_string"}}],"inLanguage":"en-US"},{"@type":"Organization","@id":"https:\/\/sar.fr\/#organization","name":"Sar","url":"https:\/\/sar.fr\/","logo":{"@type":"ImageObject","inLanguage":"en-US","@id":"https:\/\/sar.fr\/#\/schema\/logo\/image\/","url":"","contentUrl":"","caption":"Sar"},"image":{"@id":"https:\/\/sar.fr\/#\/schema\/logo\/image\/"}}]}},"_links":{"self":[{"href":"https:\/\/sar.fr\/en\/wp-json\/wp\/v2\/pages\/3690","targetHints":{"allow":["GET"]}}],"collection":[{"href":"https:\/\/sar.fr\/en\/wp-json\/wp\/v2\/pages"}],"about":[{"href":"https:\/\/sar.fr\/en\/wp-json\/wp\/v2\/types\/page"}],"author":[{"embeddable":true,"href":"https:\/\/sar.fr\/en\/wp-json\/wp\/v2\/users\/6"}],"replies":[{"embeddable":true,"href":"https:\/\/sar.fr\/en\/wp-json\/wp\/v2\/comments?post=3690"}],"version-history":[{"count":11,"href":"https:\/\/sar.fr\/en\/wp-json\/wp\/v2\/pages\/3690\/revisions"}],"predecessor-version":[{"id":4759,"href":"https:\/\/sar.fr\/en\/wp-json\/wp\/v2\/pages\/3690\/revisions\/4759"}],"up":[{"embeddable":true,"href":"https:\/\/sar.fr\/en\/wp-json\/wp\/v2\/pages\/3693"}],"wp:attachment":[{"href":"https:\/\/sar.fr\/en\/wp-json\/wp\/v2\/media?parent=3690"}],"curies":[{"name":"wp","href":"https:\/\/api.w.org\/{rel}","templated":true}]}}