{"id":4593,"date":"2024-04-02T14:15:37","date_gmt":"2024-04-02T12:15:37","guid":{"rendered":"https:\/\/sar.fr\/quienes-somos\/presentacion\/"},"modified":"2025-10-27T11:30:52","modified_gmt":"2025-10-27T10:30:52","slug":"presentacion","status":"publish","type":"page","link":"https:\/\/sar.fr\/es\/quienes-somos\/presentacion\/","title":{"rendered":"Presentaci\u00f3n"},"content":{"rendered":"\n<div class=\"wp-block-columns is-layout-flex wp-container-core-columns-is-layout-9d6595d7 wp-block-columns-is-layout-flex\">\n<div class=\"wp-block-column is-layout-flow wp-block-column-is-layout-flow\">\n<p class=\"sous-titre\">Dentro de las actividades de las redes de Francia de VINCI Construction, SAR est\u00e1 especializada en la fabricaci\u00f3n de productos de se\u00f1alizaci\u00f3n vial, de los que es referencia en Francia.<\/p>\n\n\n\n<div style=\"height:40px\" aria-hidden=\"true\" class=\"wp-block-spacer\"><\/div>\n\n\n\n<h2 class=\"wp-block-heading\">SAR, experto en la se\u00f1alizaci\u00f3n vial en Francia\u2026<\/h2>\n\n\n\n<p>Actor nacional en la fabricaci\u00f3n de productos de se\u00f1alizaci\u00f3n vial, SAR pone su experiencia al servicio de los profesionales desde 1964. Ubicados en Ronquerolles, en la regi\u00f3n de Oise, dise\u00f1amos, fabricamos y comercializamos una gama completa de productos de se\u00f1alizaci\u00f3n horizontal, que abarcan todas las t\u00e9cnicas de aplicaci\u00f3n. <\/p>\n\n\n\n<div style=\"height:20px\" aria-hidden=\"true\" class=\"wp-block-spacer\"><\/div>\n\n\n\n<h3 class=\"wp-block-heading\">Hoy en d\u00eda, el 30 % de las bandas fabricadas en Francia son de SAR.<\/h3>\n\n\n\n<p>Nuestra experiencia hist\u00f3rica, combinada con un sentido de la innovaci\u00f3n impulsado por un equipo de I+D de 10 personas, nos ha permitido establecer nuestro papel como referente en el mercado, ofreciendo una gama ampliada de m\u00e1s de 300 productos certificados (20 000 toneladas de productos certificados se producen en nuestra f\u00e1brica cada a\u00f1o) en Francia y Europa.<\/p>\n\n\n\n<p>Nuestra visi\u00f3n, compartida por nuestros empleados: innovar para garantizar la satisfacci\u00f3n de nuestros clientes y disminuir nuestra huella ambiental.<\/p>\n\n\n\n<p>Desde los a\u00f1os 90, hemos decidido dedicar nuestros esfuerzos de investigaci\u00f3n a ofrecer a nuestros clientes soluciones ecorresponsables.<\/p>\n\n\n\n<div style=\"height:20px\" aria-hidden=\"true\" class=\"wp-block-spacer\"><\/div>\n\n\n\n<h3 class=\"wp-block-heading\">Una oferta completa e innovadora<\/h3>\n\n\n\n<p>SAR ofrece soluciones adaptadas a todas las necesidades de se\u00f1alizaci\u00f3n vial:<\/p>\n\n\n\n<ul class=\"wp-block-list\">\n<li><strong>Peintures routi\u00e8res<\/strong> \u00e0 l\u2019eau, solvPinturas para carreteras a base de agua, a base de disolvente sin tolueno o reactivas ant\u00e9es sans tolu\u00e8ne ou r\u00e9actives<\/li>\n\n\n\n<li>Recubrimientos en fr\u00edo: manuales, extruidos, proyectados o pulverizados, monocomponentes o bicomponentes<\/li>\n\n\n\n<li>Recubrimientos para aplicaci\u00f3n en caliente: extruidos, cortina o espray<\/li>\n\n\n\n<li>Revestimientos decorativos: coloreados o con gravilla<\/li>\n<\/ul>\n\n\n\n<p>SAR tambi\u00e9n distribuye una amplia gama de productos complementarios: bandas prefabricadas, bloques, dispositivos para personas con movilidad reducida (PMR), etc. <\/p>\n\n\n\n<div style=\"height:40px\" aria-hidden=\"true\" class=\"wp-block-spacer\"><\/div>\n\n\n\n<h2 class=\"wp-block-heading\">\u2026 y a nivel internacional<\/h2>\n\n\n\n<p>Los productos SAR est\u00e1n certificados y se distribuyen en m\u00e1s de 40 pa\u00edses de todo el mundo.<\/p>\n\n\n\n<p>Nuestra infraestructura industrial, con una capacidad de producci\u00f3n anual de 35 000 toneladas, junto con una cadena log\u00edstica optimizada, nos permite responder con eficacia a los pedidos de nuestros clientes, tanto en Francia como en el extranjero.<\/p>\n<\/div>\n<\/div>\n\n\n\n<div style=\"height:60px\" aria-hidden=\"true\" class=\"wp-block-spacer\"><\/div>\n\n\n\n<div class=\"wp-block-columns is-layout-flex wp-container-core-columns-is-layout-9d6595d7 wp-block-columns-is-layout-flex\">\n<div class=\"wp-block-column is-layout-flow wp-block-column-is-layout-flow\">\n<h2 class=\"wp-block-heading\">SAR es:<\/h2>\n\n\n\n<div class=\"wp-block-columns is-layout-flex wp-container-core-columns-is-layout-9d6595d7 wp-block-columns-is-layout-flex\">\n<div class=\"wp-block-column is-layout-flow wp-block-column-is-layout-flow\">\n<div class=\"dynamic-counter\">\n    <div class=\"image\" style=\"background-color: #dd3333;\">\n        <img decoding=\"async\" src=\"https:\/\/sar.fr\/wp-content\/uploads\/2025\/05\/Pictogramme-casque.png\" alt=\"\" srcset=\"\">\n    <\/div>\n    <div class=\"chiffres-content\">\n        <p style=\"color: #e4211d;\">\n            <span class=\"dynamic-number\">70<\/span><br>\n             colaboradoras y colaboradores        <\/p>\n    <\/div>\n<\/div>\n\n<script>\n\n$(document).foundation();\n$(function () {\n  new WOW().init();\n  let isAnimated = false;\n\n  function formatNumberWithSpaces(x) {\n    return x.toString().replace(\/\\B(?=(\\d{3})+(?!\\d))\/g, \" \");\n    }\n  function scrollCallback() {\n\n    $(window).bind('scroll', function(){\n        $('.dynamic-number').each(function (i, counter) {\n            var $this = $(counter);\n\n            if ( ($(window).scrollTop() + $(window).height()) >= $this.offset().top && !$this.hasClass('started')) {\n                $this.addClass('started');\n                jQuery({ Counter: 0 }).animate({ Counter: $this.text() }, {\n                    duration: 1500,\n                    easing: 'swing',\n                    step: function (i) {\n                    $this.text(formatNumberWithSpaces(Math.ceil(i)));\n                    },\n                    complete : function() {\n\n                    },\n                });\n            }\n        });\n    })}\n    scrollCallback()\n})\n\n<\/script><\/div>\n\n\n\n<div class=\"wp-block-column is-layout-flow wp-block-column-is-layout-flow\">\n<div class=\"dynamic-counter\">\n    <div class=\"image\" style=\"background-color: #dd3333;\">\n        <img decoding=\"async\" src=\"https:\/\/sar.fr\/wp-content\/uploads\/2025\/05\/Plaque-Publicitaire.png\" alt=\"Icone cr\u00e9ation\" srcset=\"\">\n    <\/div>\n    <div class=\"chiffres-content\">\n        <p style=\"color: #e4211d;\">\n            <span class=\"dynamic-number\">35000<\/span><br>\n             toneladas de capacidad anual         <\/p>\n    <\/div>\n<\/div>\n\n<script>\n\n$(document).foundation();\n$(function () {\n  new WOW().init();\n  let isAnimated = false;\n\n  function formatNumberWithSpaces(x) {\n    return x.toString().replace(\/\\B(?=(\\d{3})+(?!\\d))\/g, \" \");\n    }\n  function scrollCallback() {\n\n    $(window).bind('scroll', function(){\n        $('.dynamic-number').each(function (i, counter) {\n            var $this = $(counter);\n\n            if ( ($(window).scrollTop() + $(window).height()) >= $this.offset().top && !$this.hasClass('started')) {\n                $this.addClass('started');\n                jQuery({ Counter: 0 }).animate({ Counter: $this.text() }, {\n                    duration: 1500,\n                    easing: 'swing',\n                    step: function (i) {\n                    $this.text(formatNumberWithSpaces(Math.ceil(i)));\n                    },\n                    complete : function() {\n\n                    },\n                });\n            }\n        });\n    })}\n    scrollCallback()\n})\n\n<\/script><\/div>\n\n\n\n<div class=\"wp-block-column is-layout-flow wp-block-column-is-layout-flow\">\n<div class=\"dynamic-counter\">\n    <div class=\"image\" style=\"background-color: #dd3333;\">\n        <img decoding=\"async\" src=\"https:\/\/sar.fr\/wp-content\/uploads\/2025\/10\/Pictogramme-Collaborateurs.png\" alt=\"\" srcset=\"\">\n    <\/div>\n    <div class=\"chiffres-content\">\n        <p style=\"color: #e4211d;\">\n            <span class=\"dynamic-number\">10<\/span><br>\n            expertos en I+D         <\/p>\n    <\/div>\n<\/div>\n\n<script>\n\n$(document).foundation();\n$(function () {\n  new WOW().init();\n  let isAnimated = false;\n\n  function formatNumberWithSpaces(x) {\n    return x.toString().replace(\/\\B(?=(\\d{3})+(?!\\d))\/g, \" \");\n    }\n  function scrollCallback() {\n\n    $(window).bind('scroll', function(){\n        $('.dynamic-number').each(function (i, counter) {\n            var $this = $(counter);\n\n            if ( ($(window).scrollTop() + $(window).height()) >= $this.offset().top && !$this.hasClass('started')) {\n                $this.addClass('started');\n                jQuery({ Counter: 0 }).animate({ Counter: $this.text() }, {\n                    duration: 1500,\n                    easing: 'swing',\n                    step: function (i) {\n                    $this.text(formatNumberWithSpaces(Math.ceil(i)));\n                    },\n                    complete : function() {\n\n                    },\n                });\n            }\n        });\n    })}\n    scrollCallback()\n})\n\n<\/script><\/div>\n\n\n\n<div class=\"wp-block-column is-layout-flow wp-block-column-is-layout-flow\">\n<div class=\"dynamic-counter\">\n    <div class=\"image\" style=\"background-color: #dd3333;\">\n        <img decoding=\"async\" src=\"https:\/\/sar.fr\/wp-content\/uploads\/2025\/09\/certification.png\" alt=\"\" srcset=\"\">\n    <\/div>\n    <div class=\"chiffres-content\">\n        <p style=\"color: #e4211d;\">\n            + <span class=\"dynamic-number\">300<\/span><br>\n             productos certificados en Francia y Europa        <\/p>\n    <\/div>\n<\/div>\n\n<script>\n\n$(document).foundation();\n$(function () {\n  new WOW().init();\n  let isAnimated = false;\n\n  function formatNumberWithSpaces(x) {\n    return x.toString().replace(\/\\B(?=(\\d{3})+(?!\\d))\/g, \" \");\n    }\n  function scrollCallback() {\n\n    $(window).bind('scroll', function(){\n        $('.dynamic-number').each(function (i, counter) {\n            var $this = $(counter);\n\n            if ( ($(window).scrollTop() + $(window).height()) >= $this.offset().top && !$this.hasClass('started')) {\n                $this.addClass('started');\n                jQuery({ Counter: 0 }).animate({ Counter: $this.text() }, {\n                    duration: 1500,\n                    easing: 'swing',\n                    step: function (i) {\n                    $this.text(formatNumberWithSpaces(Math.ceil(i)));\n                    },\n                    complete : function() {\n\n                    },\n                });\n            }\n        });\n    })}\n    scrollCallback()\n})\n\n<\/script><\/div>\n<\/div>\n\n\n\n<div style=\"height:50px\" aria-hidden=\"true\" class=\"wp-block-spacer\"><\/div>\n<\/div>\n<\/div>\n","protected":false},"excerpt":{"rendered":"<p>Dentro de las actividades de las redes de Francia de VINCI Construction, SAR est\u00e1 especializada en la fabricaci\u00f3n de productos&#8230;<\/p>\n","protected":false},"author":1,"featured_media":0,"parent":4590,"menu_order":87,"comment_status":"closed","ping_status":"closed","template":"","meta":{"_acf_changed":false,"footnotes":""},"class_list":["post-4593","page","type-page","status-publish","hentry"],"acf":[],"yoast_head":"<!-- This site is optimized with the Yoast SEO plugin v27.3 - https:\/\/yoast.com\/product\/yoast-seo-wordpress\/ -->\n<title>Presentaci\u00f3n - SAR, Referencia en productos de se\u00f1alizaci\u00f3n vial<\/title>\n<meta name=\"description\" content=\"SAR dise\u00f1a, fabrica y comercializa una gama completa de productos de se\u00f1alizaci\u00f3n horizontal, cubriendo todas las t\u00e9cnicas de aplicaci\u00f3n.\" \/>\n<meta name=\"robots\" content=\"index, follow, max-snippet:-1, max-image-preview:large, max-video-preview:-1\" \/>\n<link rel=\"canonical\" href=\"https:\/\/sar.fr\/qui-nous-sommes\/presentation\/\" \/>\n<meta property=\"og:locale\" content=\"es_ES\" \/>\n<meta property=\"og:type\" content=\"article\" \/>\n<meta property=\"og:title\" content=\"Presentaci\u00f3n - SAR, Referencia en productos de se\u00f1alizaci\u00f3n vial\" \/>\n<meta property=\"og:description\" content=\"SAR dise\u00f1a, fabrica y comercializa una gama completa de productos de se\u00f1alizaci\u00f3n horizontal, cubriendo todas las t\u00e9cnicas de aplicaci\u00f3n.\" \/>\n<meta property=\"og:url\" content=\"https:\/\/sar.fr\/qui-nous-sommes\/presentation\/\" \/>\n<meta property=\"og:site_name\" content=\"SAR\" \/>\n<meta property=\"article:modified_time\" content=\"2025-10-27T10:30:52+00:00\" \/>\n<meta name=\"twitter:card\" content=\"summary_large_image\" \/>\n<meta name=\"twitter:label1\" content=\"Tiempo de lectura\" \/>\n\t<meta name=\"twitter:data1\" content=\"2 minutos\" \/>\n<script type=\"application\/ld+json\" class=\"yoast-schema-graph\">{\"@context\":\"https:\\\/\\\/schema.org\",\"@graph\":[{\"@type\":\"WebPage\",\"@id\":\"https:\\\/\\\/sar.fr\\\/qui-nous-sommes\\\/presentation\\\/\",\"url\":\"https:\\\/\\\/sar.fr\\\/qui-nous-sommes\\\/presentation\\\/\",\"name\":\"Presentaci\u00f3n - SAR, Referencia en productos de se\u00f1alizaci\u00f3n vial\",\"isPartOf\":{\"@id\":\"https:\\\/\\\/sar.fr\\\/#website\"},\"datePublished\":\"2024-04-02T12:15:37+00:00\",\"dateModified\":\"2025-10-27T10:30:52+00:00\",\"description\":\"SAR dise\u00f1a, fabrica y comercializa una gama completa de productos de se\u00f1alizaci\u00f3n horizontal, cubriendo todas las t\u00e9cnicas de aplicaci\u00f3n.\",\"breadcrumb\":{\"@id\":\"https:\\\/\\\/sar.fr\\\/qui-nous-sommes\\\/presentation\\\/#breadcrumb\"},\"inLanguage\":\"es\",\"potentialAction\":[{\"@type\":\"ReadAction\",\"target\":[\"https:\\\/\\\/sar.fr\\\/qui-nous-sommes\\\/presentation\\\/\"]}]},{\"@type\":\"BreadcrumbList\",\"@id\":\"https:\\\/\\\/sar.fr\\\/qui-nous-sommes\\\/presentation\\\/#breadcrumb\",\"itemListElement\":[{\"@type\":\"ListItem\",\"position\":1,\"name\":\"Accueil\",\"item\":\"https:\\\/\\\/sar.fr\\\/\"},{\"@type\":\"ListItem\",\"position\":2,\"name\":\"QUI\u00c9NES SOMOS\",\"item\":\"https:\\\/\\\/sar.fr\\\/qui-nous-sommes\\\/\"},{\"@type\":\"ListItem\",\"position\":3,\"name\":\"Presentaci\u00f3n\"}]},{\"@type\":\"WebSite\",\"@id\":\"https:\\\/\\\/sar.fr\\\/#website\",\"url\":\"https:\\\/\\\/sar.fr\\\/\",\"name\":\"Sar\",\"description\":\"\",\"publisher\":{\"@id\":\"https:\\\/\\\/sar.fr\\\/#organization\"},\"potentialAction\":[{\"@type\":\"SearchAction\",\"target\":{\"@type\":\"EntryPoint\",\"urlTemplate\":\"https:\\\/\\\/sar.fr\\\/?s={search_term_string}\"},\"query-input\":{\"@type\":\"PropertyValueSpecification\",\"valueRequired\":true,\"valueName\":\"search_term_string\"}}],\"inLanguage\":\"es\"},{\"@type\":\"Organization\",\"@id\":\"https:\\\/\\\/sar.fr\\\/#organization\",\"name\":\"Sar\",\"url\":\"https:\\\/\\\/sar.fr\\\/\",\"logo\":{\"@type\":\"ImageObject\",\"inLanguage\":\"es\",\"@id\":\"https:\\\/\\\/sar.fr\\\/#\\\/schema\\\/logo\\\/image\\\/\",\"url\":\"\",\"contentUrl\":\"\",\"caption\":\"Sar\"},\"image\":{\"@id\":\"https:\\\/\\\/sar.fr\\\/#\\\/schema\\\/logo\\\/image\\\/\"}}]}<\/script>\n<!-- \/ Yoast SEO plugin. -->","yoast_head_json":{"title":"Presentaci\u00f3n - SAR, Referencia en productos de se\u00f1alizaci\u00f3n vial","description":"SAR dise\u00f1a, fabrica y comercializa una gama completa de productos de se\u00f1alizaci\u00f3n horizontal, cubriendo todas las t\u00e9cnicas de aplicaci\u00f3n.","robots":{"index":"index","follow":"follow","max-snippet":"max-snippet:-1","max-image-preview":"max-image-preview:large","max-video-preview":"max-video-preview:-1"},"canonical":"https:\/\/sar.fr\/qui-nous-sommes\/presentation\/","og_locale":"es_ES","og_type":"article","og_title":"Presentaci\u00f3n - SAR, Referencia en productos de se\u00f1alizaci\u00f3n vial","og_description":"SAR dise\u00f1a, fabrica y comercializa una gama completa de productos de se\u00f1alizaci\u00f3n horizontal, cubriendo todas las t\u00e9cnicas de aplicaci\u00f3n.","og_url":"https:\/\/sar.fr\/qui-nous-sommes\/presentation\/","og_site_name":"SAR","article_modified_time":"2025-10-27T10:30:52+00:00","twitter_card":"summary_large_image","twitter_misc":{"Tiempo de lectura":"2 minutos"},"schema":{"@context":"https:\/\/schema.org","@graph":[{"@type":"WebPage","@id":"https:\/\/sar.fr\/qui-nous-sommes\/presentation\/","url":"https:\/\/sar.fr\/qui-nous-sommes\/presentation\/","name":"Presentaci\u00f3n - SAR, Referencia en productos de se\u00f1alizaci\u00f3n vial","isPartOf":{"@id":"https:\/\/sar.fr\/#website"},"datePublished":"2024-04-02T12:15:37+00:00","dateModified":"2025-10-27T10:30:52+00:00","description":"SAR dise\u00f1a, fabrica y comercializa una gama completa de productos de se\u00f1alizaci\u00f3n horizontal, cubriendo todas las t\u00e9cnicas de aplicaci\u00f3n.","breadcrumb":{"@id":"https:\/\/sar.fr\/qui-nous-sommes\/presentation\/#breadcrumb"},"inLanguage":"es","potentialAction":[{"@type":"ReadAction","target":["https:\/\/sar.fr\/qui-nous-sommes\/presentation\/"]}]},{"@type":"BreadcrumbList","@id":"https:\/\/sar.fr\/qui-nous-sommes\/presentation\/#breadcrumb","itemListElement":[{"@type":"ListItem","position":1,"name":"Accueil","item":"https:\/\/sar.fr\/"},{"@type":"ListItem","position":2,"name":"QUI\u00c9NES SOMOS","item":"https:\/\/sar.fr\/qui-nous-sommes\/"},{"@type":"ListItem","position":3,"name":"Presentaci\u00f3n"}]},{"@type":"WebSite","@id":"https:\/\/sar.fr\/#website","url":"https:\/\/sar.fr\/","name":"Sar","description":"","publisher":{"@id":"https:\/\/sar.fr\/#organization"},"potentialAction":[{"@type":"SearchAction","target":{"@type":"EntryPoint","urlTemplate":"https:\/\/sar.fr\/?s={search_term_string}"},"query-input":{"@type":"PropertyValueSpecification","valueRequired":true,"valueName":"search_term_string"}}],"inLanguage":"es"},{"@type":"Organization","@id":"https:\/\/sar.fr\/#organization","name":"Sar","url":"https:\/\/sar.fr\/","logo":{"@type":"ImageObject","inLanguage":"es","@id":"https:\/\/sar.fr\/#\/schema\/logo\/image\/","url":"","contentUrl":"","caption":"Sar"},"image":{"@id":"https:\/\/sar.fr\/#\/schema\/logo\/image\/"}}]}},"_links":{"self":[{"href":"https:\/\/sar.fr\/es\/wp-json\/wp\/v2\/pages\/4593","targetHints":{"allow":["GET"]}}],"collection":[{"href":"https:\/\/sar.fr\/es\/wp-json\/wp\/v2\/pages"}],"about":[{"href":"https:\/\/sar.fr\/es\/wp-json\/wp\/v2\/types\/page"}],"author":[{"embeddable":true,"href":"https:\/\/sar.fr\/es\/wp-json\/wp\/v2\/users\/1"}],"replies":[{"embeddable":true,"href":"https:\/\/sar.fr\/es\/wp-json\/wp\/v2\/comments?post=4593"}],"version-history":[{"count":4,"href":"https:\/\/sar.fr\/es\/wp-json\/wp\/v2\/pages\/4593\/revisions"}],"predecessor-version":[{"id":4609,"href":"https:\/\/sar.fr\/es\/wp-json\/wp\/v2\/pages\/4593\/revisions\/4609"}],"up":[{"embeddable":true,"href":"https:\/\/sar.fr\/es\/wp-json\/wp\/v2\/pages\/4590"}],"wp:attachment":[{"href":"https:\/\/sar.fr\/es\/wp-json\/wp\/v2\/media?parent=4593"}],"curies":[{"name":"wp","href":"https:\/\/api.w.org\/{rel}","templated":true}]}}