{"id":4597,"date":"2024-04-11T12:08:31","date_gmt":"2024-04-11T10:08:31","guid":{"rendered":"https:\/\/sar.fr\/quienes-somos\/nuestra-historia\/"},"modified":"2025-10-27T11:34:38","modified_gmt":"2025-10-27T10:34:38","slug":"nuestra-historia","status":"publish","type":"page","link":"https:\/\/sar.fr\/es\/quienes-somos\/nuestra-historia\/","title":{"rendered":"Nuestra historia"},"content":{"rendered":"\n<p class=\"sous-titre\">SAR TIENE M\u00c1S DE 60 A\u00d1OS DE HISTORIA.<\/p>\n\n\n\n<p>Nacida a ra\u00edz del desarrollo de la red nacional de carreteras, SAR acompa\u00f1\u00f3 el crecimiento de la se\u00f1alizaci\u00f3n horizontal en Francia, al que contribuy\u00f3. Actor importante en la implementaci\u00f3n de certificaciones y regulaciones exigentes, SAR ha sabido desde entonces construir y fortalecer su reputaci\u00f3n como referente por su capacidad de innovaci\u00f3n para responder a los avances tecnol\u00f3gicos, a las cuestiones de seguridad y medioambientales y a las necesidades de sus clientes. <\/p>\n\n\n\n<div style=\"height:25px\" aria-hidden=\"true\" class=\"wp-block-spacer\"><\/div>\n\n\n\n    <div class=\"dates-cles\">\n                    <div class=\"bloc-date \">\n                <div class=\"content\">\n                    <div class=\"head wow fadeInUp\">\n                        <h2 class=\"date-cle\">1964<\/h2>\n                        <div class=\"image\">\n                            <img decoding=\"async\" class=\"picto-date-cle\" src=\"https:\/\/sar.fr\/wp-content\/uploads\/2025\/05\/Plaque-Publicitaire.png\" alt=\"Icone cr\u00e9ation\">\n                        <\/div>\n                    <\/div>\n                    <div class=\"description wow fadeInUp\"><p><strong>Creaci\u00f3n de la empresa SAR &#8211; Soci\u00e9t\u00e9 d\u2019Applications Routi\u00e8res,<\/strong> especializada en la fabricaci\u00f3n de productos de se\u00f1alizaci\u00f3n vial, con sede en Agnetz en Oise (departamento franc\u00e9s 60).<\/p>\n<\/div>\n                <\/div>\n                <div class=\"empty-bloc\"><\/div>\n            <\/div>\n                    <div class=\"bloc-date reverse\">\n                <div class=\"content\">\n                    <div class=\"head wow fadeInUp\">\n                        <h2 class=\"date-cle\">1998<\/h2>\n                        <div class=\"image\">\n                            <img decoding=\"async\" class=\"picto-date-cle\" src=\"https:\/\/sar.fr\/wp-content\/uploads\/2025\/05\/Pot-Peinture-1.png\" alt=\"\">\n                        <\/div>\n                    <\/div>\n                    <div class=\"description wow fadeInUp\"><p>Lanzamiento de la <strong>primera pintura a base de disolvente sin tolueno,<\/strong> que marca un punto de inflexi\u00f3n hacia formulaciones m\u00e1s seguras para los usuarios.<\/p>\n<\/div>\n                <\/div>\n                <div class=\"empty-bloc\"><\/div>\n            <\/div>\n                    <div class=\"bloc-date \">\n                <div class=\"content\">\n                    <div class=\"head wow fadeInUp\">\n                        <h2 class=\"date-cle\">2003<\/h2>\n                        <div class=\"image\">\n                            <img decoding=\"async\" class=\"picto-date-cle\" src=\"https:\/\/sar.fr\/wp-content\/uploads\/2025\/09\/certification.png\" alt=\"\">\n                        <\/div>\n                    <\/div>\n                    <div class=\"description wow fadeInUp\"><p>Lanzamiento de los primeros productos a base de agua, como parte de un enfoque ambiental proactivo.<\/p>\n<\/div>\n                <\/div>\n                <div class=\"empty-bloc\"><\/div>\n            <\/div>\n                    <div class=\"bloc-date reverse\">\n                <div class=\"content\">\n                    <div class=\"head wow fadeInUp\">\n                        <h2 class=\"date-cle\">2008<\/h2>\n                        <div class=\"image\">\n                            <img decoding=\"async\" class=\"picto-date-cle\" src=\"https:\/\/sar.fr\/wp-content\/uploads\/2025\/09\/entreprise-vinci.png\" alt=\"\">\n                        <\/div>\n                    <\/div>\n                    <div class=\"description wow fadeInUp\"><p><strong>SAR se une a VINCI Construction<\/strong> y refuerza su arraigo industrial.<\/p>\n<\/div>\n                <\/div>\n                <div class=\"empty-bloc\"><\/div>\n            <\/div>\n                    <div class=\"bloc-date \">\n                <div class=\"content\">\n                    <div class=\"head wow fadeInUp\">\n                        <h2 class=\"date-cle\">2010<\/h2>\n                        <div class=\"image\">\n                            <img decoding=\"async\" class=\"picto-date-cle\" src=\"https:\/\/sar.fr\/wp-content\/uploads\/2025\/05\/batiment.png\" alt=\"\">\n                        <\/div>\n                    <\/div>\n                    <div class=\"description wow fadeInUp\"><p>Implementaci\u00f3n del<strong> an\u00e1lisis del ciclo de vida (ACV)<\/strong> para todos los productos SAR.<\/p>\n<\/div>\n                <\/div>\n                <div class=\"empty-bloc\"><\/div>\n            <\/div>\n                    <div class=\"bloc-date reverse\">\n                <div class=\"content\">\n                    <div class=\"head wow fadeInUp\">\n                        <h2 class=\"date-cle\">2013<\/h2>\n                        <div class=\"image\">\n                            <img decoding=\"async\" class=\"picto-date-cle\" src=\"https:\/\/sar.fr\/wp-content\/uploads\/2025\/09\/certification.png\" alt=\"\">\n                        <\/div>\n                    <\/div>\n                    <div class=\"description wow fadeInUp\"><p>Desarrollo de los <strong>primeros productos de marcado certificados sin di\u00f3xido de titanio (TiO2). <\/strong><\/p>\n<\/div>\n                <\/div>\n                <div class=\"empty-bloc\"><\/div>\n            <\/div>\n                    <div class=\"bloc-date \">\n                <div class=\"content\">\n                    <div class=\"head wow fadeInUp\">\n                        <h2 class=\"date-cle\">2014<\/h2>\n                        <div class=\"image\">\n                            <img decoding=\"async\" class=\"picto-date-cle\" src=\"https:\/\/sar.fr\/wp-content\/uploads\/2025\/09\/picto_blanc-prd-specifique.png\" alt=\"\">\n                        <\/div>\n                    <\/div>\n                    <div class=\"description wow fadeInUp\"><p>Certificaciones <strong>para pinturas con acelerador de secado Rapido,<\/strong> para aumentar la productividad en las obras.<\/p>\n<\/div>\n                <\/div>\n                <div class=\"empty-bloc\"><\/div>\n            <\/div>\n                    <div class=\"bloc-date reverse\">\n                <div class=\"content\">\n                    <div class=\"head wow fadeInUp\">\n                        <h2 class=\"date-cle\">2022<\/h2>\n                        <div class=\"image\">\n                            <img decoding=\"async\" class=\"picto-date-cle\" src=\"https:\/\/sar.fr\/wp-content\/uploads\/2025\/05\/Pictogramme-casque.png\" alt=\"\">\n                        <\/div>\n                    <\/div>\n                    <div class=\"description wow fadeInUp\"><p>Lanzamiento de<strong> termopl\u00e1sticos de baja temperatura. <\/strong><\/p>\n<\/div>\n                <\/div>\n                <div class=\"empty-bloc\"><\/div>\n            <\/div>\n            <\/div>\n\n\n\n<script>\n\n$(document).foundation();\n$(function () {\n\/\/   new WOW().init();\n  let isAnimated = false;\n\n  function scrollCallback() {\n\n    $('.dates-cles .date-cle').each(function (i, counter) {\n        var $this = $(counter);\n\n        if ( ($(window).scrollTop() + $(window).height()) >= $this.offset().top && !$this.hasClass('started')) {\n            $this.addClass('started');\n            jQuery({ Counter: 0 }).animate({ Counter: $this.text() }, {\n                duration: 1000,\n                easing: 'swing',\n                step: function (i) {\n                $this.text(Math.ceil(i));\n                },\n                complete : function() {\n\n                },\n            });\n        }\n    });\n\n    $(window).bind('scroll', function(){\n        $('.dates-cles .date-cle').each(function (i, counter) {\n            var $this = $(counter);\n\n            if ( ($(window).scrollTop() + $(window).height()) >= $this.offset().top && !$this.hasClass('started')) {\n                $this.addClass('started');\n                jQuery({ Counter: 0 }).animate({ Counter: $this.text() }, {\n                    duration: 1000,\n                    easing: 'swing',\n                    step: function (i) {\n                    $this.text(Math.ceil(i));\n                    },\n                    complete : function() {\n\n                    },\n                });\n            }\n        });\n    })}\n    scrollCallback()\n})\n\n<\/script>\n\n\n<div style=\"height:60px\" aria-hidden=\"true\" class=\"wp-block-spacer\"><\/div>\n\n\n\n<h3 class=\"wp-block-heading has-text-align-center\">\u00bfQuiere conocer mejor nuestra historia? <a href=\"https:\/\/sar.fr\/wp-content\/uploads\/2025\/10\/SAR_frise_histoire.pdf\" target=\"_blank\" rel=\"noreferrer noopener\">\u00a1Visita nuestra documentaci\u00f3n!<\/a><\/h3>\n\n\n\n<p><\/p>\n","protected":false},"excerpt":{"rendered":"<p>SAR TIENE M\u00c1S DE 60 A\u00d1OS DE HISTORIA. Nacida a ra\u00edz del desarrollo de la red nacional de carreteras, SAR&#8230;<\/p>\n","protected":false},"author":1,"featured_media":0,"parent":4590,"menu_order":84,"comment_status":"closed","ping_status":"closed","template":"","meta":{"_acf_changed":false,"footnotes":""},"class_list":["post-4597","page","type-page","status-publish","hentry"],"acf":[],"yoast_head":"<!-- This site is optimized with the Yoast SEO plugin v27.3 - https:\/\/yoast.com\/product\/yoast-seo-wordpress\/ -->\n<title>Nuestra historia - SAR, Referencia en productos de se\u00f1alizaci\u00f3n vial<\/title>\n<meta name=\"description\" content=\"Descubra la historia de SAR desde 1964. A lo largo de los a\u00f1os, nuestros equipos han sabido responder a los avances tecnol\u00f3gicos y a las necesidades de sus clientes.\" \/>\n<meta name=\"robots\" content=\"index, follow, max-snippet:-1, max-image-preview:large, max-video-preview:-1\" \/>\n<link rel=\"canonical\" href=\"https:\/\/sar.fr\/qui-nous-sommes\/histoire\/\" \/>\n<meta property=\"og:locale\" content=\"es_ES\" \/>\n<meta property=\"og:type\" content=\"article\" \/>\n<meta property=\"og:title\" content=\"Nuestra historia - SAR, Referencia en productos de se\u00f1alizaci\u00f3n vial\" \/>\n<meta property=\"og:description\" content=\"Descubra la historia de SAR desde 1964. A lo largo de los a\u00f1os, nuestros equipos han sabido responder a los avances tecnol\u00f3gicos y a las necesidades de sus clientes.\" \/>\n<meta property=\"og:url\" content=\"https:\/\/sar.fr\/qui-nous-sommes\/histoire\/\" \/>\n<meta property=\"og:site_name\" content=\"SAR\" \/>\n<meta property=\"article:modified_time\" content=\"2025-10-27T10:34:38+00:00\" \/>\n<meta name=\"twitter:card\" content=\"summary_large_image\" \/>\n<meta name=\"twitter:label1\" content=\"Tiempo de lectura\" \/>\n\t<meta name=\"twitter:data1\" content=\"1 minuto\" \/>\n<script type=\"application\/ld+json\" class=\"yoast-schema-graph\">{\"@context\":\"https:\\\/\\\/schema.org\",\"@graph\":[{\"@type\":\"WebPage\",\"@id\":\"https:\\\/\\\/sar.fr\\\/qui-nous-sommes\\\/histoire\\\/\",\"url\":\"https:\\\/\\\/sar.fr\\\/qui-nous-sommes\\\/histoire\\\/\",\"name\":\"Nuestra historia - SAR, Referencia en productos de se\u00f1alizaci\u00f3n vial\",\"isPartOf\":{\"@id\":\"https:\\\/\\\/sar.fr\\\/#website\"},\"datePublished\":\"2024-04-11T10:08:31+00:00\",\"dateModified\":\"2025-10-27T10:34:38+00:00\",\"description\":\"Descubra la historia de SAR desde 1964. A lo largo de los a\u00f1os, nuestros equipos han sabido responder a los avances tecnol\u00f3gicos y a las necesidades de sus clientes.\",\"breadcrumb\":{\"@id\":\"https:\\\/\\\/sar.fr\\\/qui-nous-sommes\\\/histoire\\\/#breadcrumb\"},\"inLanguage\":\"es\",\"potentialAction\":[{\"@type\":\"ReadAction\",\"target\":[\"https:\\\/\\\/sar.fr\\\/qui-nous-sommes\\\/histoire\\\/\"]}]},{\"@type\":\"BreadcrumbList\",\"@id\":\"https:\\\/\\\/sar.fr\\\/qui-nous-sommes\\\/histoire\\\/#breadcrumb\",\"itemListElement\":[{\"@type\":\"ListItem\",\"position\":1,\"name\":\"Accueil\",\"item\":\"https:\\\/\\\/sar.fr\\\/\"},{\"@type\":\"ListItem\",\"position\":2,\"name\":\"QUI\u00c9NES SOMOS\",\"item\":\"https:\\\/\\\/sar.fr\\\/qui-nous-sommes\\\/\"},{\"@type\":\"ListItem\",\"position\":3,\"name\":\"Nuestra historia\"}]},{\"@type\":\"WebSite\",\"@id\":\"https:\\\/\\\/sar.fr\\\/#website\",\"url\":\"https:\\\/\\\/sar.fr\\\/\",\"name\":\"Sar\",\"description\":\"\",\"publisher\":{\"@id\":\"https:\\\/\\\/sar.fr\\\/#organization\"},\"potentialAction\":[{\"@type\":\"SearchAction\",\"target\":{\"@type\":\"EntryPoint\",\"urlTemplate\":\"https:\\\/\\\/sar.fr\\\/?s={search_term_string}\"},\"query-input\":{\"@type\":\"PropertyValueSpecification\",\"valueRequired\":true,\"valueName\":\"search_term_string\"}}],\"inLanguage\":\"es\"},{\"@type\":\"Organization\",\"@id\":\"https:\\\/\\\/sar.fr\\\/#organization\",\"name\":\"Sar\",\"url\":\"https:\\\/\\\/sar.fr\\\/\",\"logo\":{\"@type\":\"ImageObject\",\"inLanguage\":\"es\",\"@id\":\"https:\\\/\\\/sar.fr\\\/#\\\/schema\\\/logo\\\/image\\\/\",\"url\":\"\",\"contentUrl\":\"\",\"caption\":\"Sar\"},\"image\":{\"@id\":\"https:\\\/\\\/sar.fr\\\/#\\\/schema\\\/logo\\\/image\\\/\"}}]}<\/script>\n<!-- \/ Yoast SEO plugin. -->","yoast_head_json":{"title":"Nuestra historia - SAR, Referencia en productos de se\u00f1alizaci\u00f3n vial","description":"Descubra la historia de SAR desde 1964. A lo largo de los a\u00f1os, nuestros equipos han sabido responder a los avances tecnol\u00f3gicos y a las necesidades de sus clientes.","robots":{"index":"index","follow":"follow","max-snippet":"max-snippet:-1","max-image-preview":"max-image-preview:large","max-video-preview":"max-video-preview:-1"},"canonical":"https:\/\/sar.fr\/qui-nous-sommes\/histoire\/","og_locale":"es_ES","og_type":"article","og_title":"Nuestra historia - SAR, Referencia en productos de se\u00f1alizaci\u00f3n vial","og_description":"Descubra la historia de SAR desde 1964. A lo largo de los a\u00f1os, nuestros equipos han sabido responder a los avances tecnol\u00f3gicos y a las necesidades de sus clientes.","og_url":"https:\/\/sar.fr\/qui-nous-sommes\/histoire\/","og_site_name":"SAR","article_modified_time":"2025-10-27T10:34:38+00:00","twitter_card":"summary_large_image","twitter_misc":{"Tiempo de lectura":"1 minuto"},"schema":{"@context":"https:\/\/schema.org","@graph":[{"@type":"WebPage","@id":"https:\/\/sar.fr\/qui-nous-sommes\/histoire\/","url":"https:\/\/sar.fr\/qui-nous-sommes\/histoire\/","name":"Nuestra historia - SAR, Referencia en productos de se\u00f1alizaci\u00f3n vial","isPartOf":{"@id":"https:\/\/sar.fr\/#website"},"datePublished":"2024-04-11T10:08:31+00:00","dateModified":"2025-10-27T10:34:38+00:00","description":"Descubra la historia de SAR desde 1964. A lo largo de los a\u00f1os, nuestros equipos han sabido responder a los avances tecnol\u00f3gicos y a las necesidades de sus clientes.","breadcrumb":{"@id":"https:\/\/sar.fr\/qui-nous-sommes\/histoire\/#breadcrumb"},"inLanguage":"es","potentialAction":[{"@type":"ReadAction","target":["https:\/\/sar.fr\/qui-nous-sommes\/histoire\/"]}]},{"@type":"BreadcrumbList","@id":"https:\/\/sar.fr\/qui-nous-sommes\/histoire\/#breadcrumb","itemListElement":[{"@type":"ListItem","position":1,"name":"Accueil","item":"https:\/\/sar.fr\/"},{"@type":"ListItem","position":2,"name":"QUI\u00c9NES SOMOS","item":"https:\/\/sar.fr\/qui-nous-sommes\/"},{"@type":"ListItem","position":3,"name":"Nuestra historia"}]},{"@type":"WebSite","@id":"https:\/\/sar.fr\/#website","url":"https:\/\/sar.fr\/","name":"Sar","description":"","publisher":{"@id":"https:\/\/sar.fr\/#organization"},"potentialAction":[{"@type":"SearchAction","target":{"@type":"EntryPoint","urlTemplate":"https:\/\/sar.fr\/?s={search_term_string}"},"query-input":{"@type":"PropertyValueSpecification","valueRequired":true,"valueName":"search_term_string"}}],"inLanguage":"es"},{"@type":"Organization","@id":"https:\/\/sar.fr\/#organization","name":"Sar","url":"https:\/\/sar.fr\/","logo":{"@type":"ImageObject","inLanguage":"es","@id":"https:\/\/sar.fr\/#\/schema\/logo\/image\/","url":"","contentUrl":"","caption":"Sar"},"image":{"@id":"https:\/\/sar.fr\/#\/schema\/logo\/image\/"}}]}},"_links":{"self":[{"href":"https:\/\/sar.fr\/es\/wp-json\/wp\/v2\/pages\/4597","targetHints":{"allow":["GET"]}}],"collection":[{"href":"https:\/\/sar.fr\/es\/wp-json\/wp\/v2\/pages"}],"about":[{"href":"https:\/\/sar.fr\/es\/wp-json\/wp\/v2\/types\/page"}],"author":[{"embeddable":true,"href":"https:\/\/sar.fr\/es\/wp-json\/wp\/v2\/users\/1"}],"replies":[{"embeddable":true,"href":"https:\/\/sar.fr\/es\/wp-json\/wp\/v2\/comments?post=4597"}],"version-history":[{"count":5,"href":"https:\/\/sar.fr\/es\/wp-json\/wp\/v2\/pages\/4597\/revisions"}],"predecessor-version":[{"id":4612,"href":"https:\/\/sar.fr\/es\/wp-json\/wp\/v2\/pages\/4597\/revisions\/4612"}],"up":[{"embeddable":true,"href":"https:\/\/sar.fr\/es\/wp-json\/wp\/v2\/pages\/4590"}],"wp:attachment":[{"href":"https:\/\/sar.fr\/es\/wp-json\/wp\/v2\/media?parent=4597"}],"curies":[{"name":"wp","href":"https:\/\/api.w.org\/{rel}","templated":true}]}}