{"id":4630,"date":"2024-04-02T14:16:44","date_gmt":"2024-04-02T12:16:44","guid":{"rendered":"https:\/\/sar.fr\/nuestros-valores\/"},"modified":"2025-11-07T09:56:51","modified_gmt":"2025-11-07T08:56:51","slug":"nuestros-valores","status":"publish","type":"page","link":"https:\/\/sar.fr\/es\/nuestros-compromisos\/nuestros-valores\/","title":{"rendered":"Nuestros valores"},"content":{"rendered":"\n<p><strong>En SAR,<\/strong> todos nuestros empleados se identifican con actitudes como la humildad, <strong>el esp\u00edritu de equipo, la excelencia, la libertad empresarial y la transparencia.<\/strong> Estas actitudes compartidas nos gu\u00edan en todo lo que hacemos. <\/p>\n\n<div style=\"height:40px\" aria-hidden=\"true\" class=\"wp-block-spacer\"><\/div>\n\n<div class=\"wp-block-columns w50mob is-layout-flex wp-container-core-columns-is-layout-9d6595d7 wp-block-columns-is-layout-flex\">\n<div class=\"wp-block-column is-vertically-aligned-center is-layout-flow wp-block-column-is-layout-flow\" style=\"flex-basis:12%\"><div class=\"wp-block-image\">\n<figure class=\"aligncenter size-full\"><img decoding=\"async\" src=\"https:\/\/cardem.people-marketing.fr\/wp-content\/uploads\/2024\/01\/CARDEM-Pictogramme-Humilite-1.png\" alt=\"\" class=\"wp-image-1532\"\/><\/figure>\n<\/div><\/div>\n\n\n\n<div class=\"wp-block-column is-vertically-aligned-center is-layout-flow wp-block-column-is-layout-flow\" style=\"flex-basis:20%\">\n<h4 class=\"wp-block-heading\">Humildad<\/h4>\n<\/div>\n\n\n\n<div class=\"wp-block-column is-vertically-aligned-center is-layout-flow wp-block-column-is-layout-flow\" style=\"flex-basis:12%\"><div class=\"wp-block-image\">\n<figure class=\"aligncenter size-full\"><img decoding=\"async\" src=\"https:\/\/cardem.people-marketing.fr\/wp-content\/uploads\/2024\/01\/CARDEM-Pictogramme-Esprit-Equipe-1.png\" alt=\"\" class=\"wp-image-1536\"\/><\/figure>\n<\/div><\/div>\n\n\n\n<div class=\"wp-block-column is-vertically-aligned-center is-layout-flow wp-block-column-is-layout-flow\" style=\"flex-basis:20%\">\n<h4 class=\"wp-block-heading\">Esp\u00edritu de equipo<\/h4>\n<\/div>\n\n\n\n<div class=\"wp-block-column is-vertically-aligned-center is-layout-flow wp-block-column-is-layout-flow\" style=\"flex-basis:12%\"><div class=\"wp-block-image\">\n<figure class=\"aligncenter size-full\"><img decoding=\"async\" src=\"https:\/\/cardem.people-marketing.fr\/wp-content\/uploads\/2024\/01\/CARDEM-Pictogramme-Excellence-1.png\" alt=\"\" class=\"wp-image-1534\"\/><\/figure>\n<\/div><\/div>\n\n\n\n<div class=\"wp-block-column is-vertically-aligned-center is-layout-flow wp-block-column-is-layout-flow\" style=\"flex-basis:20%\">\n<h4 class=\"wp-block-heading\">Esp\u00edritu de equipo<\/h4>\n<\/div>\n<\/div>\n\n<div style=\"height:45px\" aria-hidden=\"true\" class=\"wp-block-spacer\"><\/div>\n\n<div class=\"wp-block-columns w50mob is-layout-flex wp-container-core-columns-is-layout-9d6595d7 wp-block-columns-is-layout-flex\">\n<div class=\"wp-block-column is-vertically-aligned-center is-layout-flow wp-block-column-is-layout-flow\" style=\"flex-basis:12%\"><div class=\"wp-block-image\">\n<figure class=\"aligncenter size-full\"><img decoding=\"async\" src=\"https:\/\/cardem.people-marketing.fr\/wp-content\/uploads\/2024\/01\/CARDEM-Entreprendre.png\" alt=\"\" class=\"wp-image-1528\"\/><\/figure>\n<\/div><\/div>\n\n\n\n<div class=\"wp-block-column is-vertically-aligned-center is-layout-flow wp-block-column-is-layout-flow\" style=\"flex-basis:20%\">\n<h4 class=\"wp-block-heading\">Emprender<\/h4>\n<\/div>\n\n\n\n<div class=\"wp-block-column is-vertically-aligned-center is-layout-flow wp-block-column-is-layout-flow\" style=\"flex-basis:12%\"><div class=\"wp-block-image\">\n<figure class=\"aligncenter size-full\"><img decoding=\"async\" src=\"https:\/\/cardem.people-marketing.fr\/wp-content\/uploads\/2024\/01\/CARDEM-Pictogramme-Transparance.png\" alt=\"\" class=\"wp-image-1529\"\/><\/figure>\n<\/div><\/div>\n\n\n\n<div class=\"wp-block-column is-vertically-aligned-center is-layout-flow wp-block-column-is-layout-flow\" style=\"flex-basis:20%\">\n<h4 class=\"wp-block-heading\">Transparencia<\/h4>\n<\/div>\n<\/div>\n\n<div style=\"height:60px\" aria-hidden=\"true\" class=\"wp-block-spacer\"><\/div>\n\n<h3 class=\"wp-block-heading\"><strong>Un compromiso humano, social y ambiental <\/strong><\/h3>\n\n<p>Nuestras convicciones, combinadas con nuestros m\u00e9todos de trabajo, nos permiten sensibilizar y responder a las expectativas de cada actor de la cadena de valor, desde la fase de innovaci\u00f3n hasta el an\u00e1lisis de su satisfacci\u00f3n. \u201cDar un sentido a su carretera, es nuestra responsabilidad\u201d. SAR cuenta con la certificaci\u00f3n AFAQ 26000 desde el 18 de marzo de 2013. <\/p>\n\n<p><strong><em>Darle sentido a tu recorrido es nuestra responsabilidad. <\/em><\/strong><\/p>\n\n<p>Creemos que <strong>no hay \u00e9xito econ\u00f3mico sin un proyecto humano. <\/strong>Esta creencia est\u00e1 arraigada en nuestra cultura. Nuestro objetivo es ante todo ser la <strong>referencia en materia de prevenci\u00f3n,<\/strong> porque la salud de nuestros empleados y la de nuestros socios es nuestra prioridad.  <\/p>\n\n<p>M\u00e1s all\u00e1 de este objetivo esencial, porque la riqueza de la empresa reside sobre todo en las mujeres y los hombres que la componen, prestamos atenci\u00f3n a l<strong>a paridad de g\u00e9nero y a la igualdad de oportunidades.<\/strong><\/p>\n\n<p>Por \u00faltimo, nos comprometemos con una <strong>trayectoria de neutralidad de carbono para 2050, con el objetivo de reducir nuestras emisiones directas en un 40 % de aqu\u00ed a 2030<\/strong>, al tiempo que desarrollamos soluciones que aceleren la transici\u00f3n ambiental de nuestros clientes y nuestros sectores de actividad.<\/p>\n\n<div style=\"height:35px\" aria-hidden=\"true\" class=\"wp-block-spacer\"><\/div>\n\n<div class=\"wp-block-media-text alignwide is-stacked-on-mobile is-image-fill-element reveal has-background\" style=\"background-color:#abb7c21f;grid-template-columns:45% auto\"><figure class=\"wp-block-media-text__media\"><img loading=\"lazy\" decoding=\"async\" width=\"777\" height=\"535\" src=\"https:\/\/sar.fr\/wp-content\/uploads\/2025\/09\/bandeau-nos-engagements-777x535.png\" alt=\"\" class=\"wp-image-3467 size-full\" style=\"object-position:50% 50%\" srcset=\"https:\/\/sar.fr\/wp-content\/uploads\/2025\/09\/bandeau-nos-engagements-777x535.png 777w, https:\/\/sar.fr\/wp-content\/uploads\/2025\/09\/bandeau-nos-engagements-250x172.png 250w, https:\/\/sar.fr\/wp-content\/uploads\/2025\/09\/bandeau-nos-engagements-574x395.png 574w, https:\/\/sar.fr\/wp-content\/uploads\/2025\/09\/bandeau-nos-engagements-1536x1057.png 1536w, https:\/\/sar.fr\/wp-content\/uploads\/2025\/09\/bandeau-nos-engagements.png 1958w\" sizes=\"auto, (max-width: 777px) 100vw, 777px\" \/><\/figure><div class=\"wp-block-media-text__content\">\n<div style=\"height:20px\" aria-hidden=\"true\" class=\"wp-block-spacer\"><\/div>\n\n\n\n<p>Estamos convencidos de que nuestro<strong> rendimiento global<\/strong> (ambiental y social) ser\u00e1 \u00fatil a los usuarios de nuestros logros en toda Francia y a nivel internacional. Este es el sentido de los compromisos universales del<ins><a href=\"https:\/\/www.vinci.com\/vinci.nsf\/fr\/manifeste\/pages\/index.htm\" target=\"_blank\" rel=\"noreferrer noopener\"> \u201cManifiesto de VINCI\u201d<\/a><\/ins> al que nos adherimos diariamente. <\/p>\n\n\n\n<div style=\"height:20px\" aria-hidden=\"true\" class=\"wp-block-spacer\"><\/div>\n<\/div><\/div>\n\n<div style=\"height:50px\" aria-hidden=\"true\" class=\"wp-block-spacer\"><\/div>\n","protected":false},"excerpt":{"rendered":"<p>En SAR, todos nuestros empleados se identifican con actitudes como la humildad, el esp\u00edritu de equipo, la excelencia, la libertad&#8230;<\/p>\n","protected":false},"author":1,"featured_media":0,"parent":4645,"menu_order":79,"comment_status":"closed","ping_status":"closed","template":"","meta":{"_acf_changed":false,"footnotes":""},"class_list":["post-4630","page","type-page","status-publish","hentry"],"acf":[],"yoast_head":"<!-- This site is optimized with the Yoast SEO plugin v27.3 - https:\/\/yoast.com\/product\/yoast-seo-wordpress\/ -->\n<title>Nuestros valores - SAR, Referencia en productos de se\u00f1alizaci\u00f3n vial<\/title>\n<meta name=\"description\" content=\"En SAR, nuestros empleados se reconocen en las actitudes compartidas de humildad, esp\u00edritu de equipo, excelencia y transparencia.\" \/>\n<meta name=\"robots\" content=\"index, follow, max-snippet:-1, max-image-preview:large, max-video-preview:-1\" \/>\n<link rel=\"canonical\" href=\"https:\/\/sar.fr\/nos-engagements\/nos-valeurs\/\" \/>\n<meta property=\"og:locale\" content=\"es_ES\" \/>\n<meta property=\"og:type\" content=\"article\" \/>\n<meta property=\"og:title\" content=\"Nuestros valores - SAR, Referencia en productos de se\u00f1alizaci\u00f3n vial\" \/>\n<meta property=\"og:description\" content=\"En SAR, nuestros empleados se reconocen en las actitudes compartidas de humildad, esp\u00edritu de equipo, excelencia y transparencia.\" \/>\n<meta property=\"og:url\" content=\"https:\/\/sar.fr\/nos-engagements\/nos-valeurs\/\" \/>\n<meta property=\"og:site_name\" content=\"SAR\" \/>\n<meta property=\"article:modified_time\" content=\"2025-11-07T08:56:51+00:00\" \/>\n<meta name=\"twitter:card\" content=\"summary_large_image\" \/>\n<meta name=\"twitter:label1\" content=\"Tiempo de lectura\" \/>\n\t<meta name=\"twitter:data1\" content=\"1 minuto\" \/>\n<script type=\"application\/ld+json\" class=\"yoast-schema-graph\">{\"@context\":\"https:\\\/\\\/schema.org\",\"@graph\":[{\"@type\":\"WebPage\",\"@id\":\"https:\\\/\\\/sar.fr\\\/nos-engagements\\\/nos-valeurs\\\/\",\"url\":\"https:\\\/\\\/sar.fr\\\/nos-engagements\\\/nos-valeurs\\\/\",\"name\":\"Nuestros valores - SAR, Referencia en productos de se\u00f1alizaci\u00f3n vial\",\"isPartOf\":{\"@id\":\"https:\\\/\\\/sar.fr\\\/#website\"},\"primaryImageOfPage\":{\"@id\":\"https:\\\/\\\/sar.fr\\\/nos-engagements\\\/nos-valeurs\\\/#primaryimage\"},\"image\":{\"@id\":\"https:\\\/\\\/sar.fr\\\/nos-engagements\\\/nos-valeurs\\\/#primaryimage\"},\"thumbnailUrl\":\"https:\\\/\\\/cardem.people-marketing.fr\\\/wp-content\\\/uploads\\\/2024\\\/01\\\/CARDEM-Pictogramme-Humilite-1.png\",\"datePublished\":\"2024-04-02T12:16:44+00:00\",\"dateModified\":\"2025-11-07T08:56:51+00:00\",\"description\":\"En SAR, nuestros empleados se reconocen en las actitudes compartidas de humildad, esp\u00edritu de equipo, excelencia y transparencia.\",\"breadcrumb\":{\"@id\":\"https:\\\/\\\/sar.fr\\\/nos-engagements\\\/nos-valeurs\\\/#breadcrumb\"},\"inLanguage\":\"es\",\"potentialAction\":[{\"@type\":\"ReadAction\",\"target\":[\"https:\\\/\\\/sar.fr\\\/nos-engagements\\\/nos-valeurs\\\/\"]}]},{\"@type\":\"ImageObject\",\"inLanguage\":\"es\",\"@id\":\"https:\\\/\\\/sar.fr\\\/nos-engagements\\\/nos-valeurs\\\/#primaryimage\",\"url\":\"https:\\\/\\\/cardem.people-marketing.fr\\\/wp-content\\\/uploads\\\/2024\\\/01\\\/CARDEM-Pictogramme-Humilite-1.png\",\"contentUrl\":\"https:\\\/\\\/cardem.people-marketing.fr\\\/wp-content\\\/uploads\\\/2024\\\/01\\\/CARDEM-Pictogramme-Humilite-1.png\"},{\"@type\":\"BreadcrumbList\",\"@id\":\"https:\\\/\\\/sar.fr\\\/nos-engagements\\\/nos-valeurs\\\/#breadcrumb\",\"itemListElement\":[{\"@type\":\"ListItem\",\"position\":1,\"name\":\"Accueil\",\"item\":\"https:\\\/\\\/sar.fr\\\/\"},{\"@type\":\"ListItem\",\"position\":2,\"name\":\"Nuestros compromisos\",\"item\":\"https:\\\/\\\/sar.fr\\\/nos-engagements\\\/\"},{\"@type\":\"ListItem\",\"position\":3,\"name\":\"Nuestros valores\"}]},{\"@type\":\"WebSite\",\"@id\":\"https:\\\/\\\/sar.fr\\\/#website\",\"url\":\"https:\\\/\\\/sar.fr\\\/\",\"name\":\"Sar\",\"description\":\"\",\"publisher\":{\"@id\":\"https:\\\/\\\/sar.fr\\\/#organization\"},\"potentialAction\":[{\"@type\":\"SearchAction\",\"target\":{\"@type\":\"EntryPoint\",\"urlTemplate\":\"https:\\\/\\\/sar.fr\\\/?s={search_term_string}\"},\"query-input\":{\"@type\":\"PropertyValueSpecification\",\"valueRequired\":true,\"valueName\":\"search_term_string\"}}],\"inLanguage\":\"es\"},{\"@type\":\"Organization\",\"@id\":\"https:\\\/\\\/sar.fr\\\/#organization\",\"name\":\"Sar\",\"url\":\"https:\\\/\\\/sar.fr\\\/\",\"logo\":{\"@type\":\"ImageObject\",\"inLanguage\":\"es\",\"@id\":\"https:\\\/\\\/sar.fr\\\/#\\\/schema\\\/logo\\\/image\\\/\",\"url\":\"\",\"contentUrl\":\"\",\"caption\":\"Sar\"},\"image\":{\"@id\":\"https:\\\/\\\/sar.fr\\\/#\\\/schema\\\/logo\\\/image\\\/\"}}]}<\/script>\n<!-- \/ Yoast SEO plugin. -->","yoast_head_json":{"title":"Nuestros valores - SAR, Referencia en productos de se\u00f1alizaci\u00f3n vial","description":"En SAR, nuestros empleados se reconocen en las actitudes compartidas de humildad, esp\u00edritu de equipo, excelencia y transparencia.","robots":{"index":"index","follow":"follow","max-snippet":"max-snippet:-1","max-image-preview":"max-image-preview:large","max-video-preview":"max-video-preview:-1"},"canonical":"https:\/\/sar.fr\/nos-engagements\/nos-valeurs\/","og_locale":"es_ES","og_type":"article","og_title":"Nuestros valores - SAR, Referencia en productos de se\u00f1alizaci\u00f3n vial","og_description":"En SAR, nuestros empleados se reconocen en las actitudes compartidas de humildad, esp\u00edritu de equipo, excelencia y transparencia.","og_url":"https:\/\/sar.fr\/nos-engagements\/nos-valeurs\/","og_site_name":"SAR","article_modified_time":"2025-11-07T08:56:51+00:00","twitter_card":"summary_large_image","twitter_misc":{"Tiempo de lectura":"1 minuto"},"schema":{"@context":"https:\/\/schema.org","@graph":[{"@type":"WebPage","@id":"https:\/\/sar.fr\/nos-engagements\/nos-valeurs\/","url":"https:\/\/sar.fr\/nos-engagements\/nos-valeurs\/","name":"Nuestros valores - SAR, Referencia en productos de se\u00f1alizaci\u00f3n vial","isPartOf":{"@id":"https:\/\/sar.fr\/#website"},"primaryImageOfPage":{"@id":"https:\/\/sar.fr\/nos-engagements\/nos-valeurs\/#primaryimage"},"image":{"@id":"https:\/\/sar.fr\/nos-engagements\/nos-valeurs\/#primaryimage"},"thumbnailUrl":"https:\/\/cardem.people-marketing.fr\/wp-content\/uploads\/2024\/01\/CARDEM-Pictogramme-Humilite-1.png","datePublished":"2024-04-02T12:16:44+00:00","dateModified":"2025-11-07T08:56:51+00:00","description":"En SAR, nuestros empleados se reconocen en las actitudes compartidas de humildad, esp\u00edritu de equipo, excelencia y transparencia.","breadcrumb":{"@id":"https:\/\/sar.fr\/nos-engagements\/nos-valeurs\/#breadcrumb"},"inLanguage":"es","potentialAction":[{"@type":"ReadAction","target":["https:\/\/sar.fr\/nos-engagements\/nos-valeurs\/"]}]},{"@type":"ImageObject","inLanguage":"es","@id":"https:\/\/sar.fr\/nos-engagements\/nos-valeurs\/#primaryimage","url":"https:\/\/cardem.people-marketing.fr\/wp-content\/uploads\/2024\/01\/CARDEM-Pictogramme-Humilite-1.png","contentUrl":"https:\/\/cardem.people-marketing.fr\/wp-content\/uploads\/2024\/01\/CARDEM-Pictogramme-Humilite-1.png"},{"@type":"BreadcrumbList","@id":"https:\/\/sar.fr\/nos-engagements\/nos-valeurs\/#breadcrumb","itemListElement":[{"@type":"ListItem","position":1,"name":"Accueil","item":"https:\/\/sar.fr\/"},{"@type":"ListItem","position":2,"name":"Nuestros compromisos","item":"https:\/\/sar.fr\/nos-engagements\/"},{"@type":"ListItem","position":3,"name":"Nuestros valores"}]},{"@type":"WebSite","@id":"https:\/\/sar.fr\/#website","url":"https:\/\/sar.fr\/","name":"Sar","description":"","publisher":{"@id":"https:\/\/sar.fr\/#organization"},"potentialAction":[{"@type":"SearchAction","target":{"@type":"EntryPoint","urlTemplate":"https:\/\/sar.fr\/?s={search_term_string}"},"query-input":{"@type":"PropertyValueSpecification","valueRequired":true,"valueName":"search_term_string"}}],"inLanguage":"es"},{"@type":"Organization","@id":"https:\/\/sar.fr\/#organization","name":"Sar","url":"https:\/\/sar.fr\/","logo":{"@type":"ImageObject","inLanguage":"es","@id":"https:\/\/sar.fr\/#\/schema\/logo\/image\/","url":"","contentUrl":"","caption":"Sar"},"image":{"@id":"https:\/\/sar.fr\/#\/schema\/logo\/image\/"}}]}},"_links":{"self":[{"href":"https:\/\/sar.fr\/es\/wp-json\/wp\/v2\/pages\/4630","targetHints":{"allow":["GET"]}}],"collection":[{"href":"https:\/\/sar.fr\/es\/wp-json\/wp\/v2\/pages"}],"about":[{"href":"https:\/\/sar.fr\/es\/wp-json\/wp\/v2\/types\/page"}],"author":[{"embeddable":true,"href":"https:\/\/sar.fr\/es\/wp-json\/wp\/v2\/users\/1"}],"replies":[{"embeddable":true,"href":"https:\/\/sar.fr\/es\/wp-json\/wp\/v2\/comments?post=4630"}],"version-history":[{"count":5,"href":"https:\/\/sar.fr\/es\/wp-json\/wp\/v2\/pages\/4630\/revisions"}],"predecessor-version":[{"id":5888,"href":"https:\/\/sar.fr\/es\/wp-json\/wp\/v2\/pages\/4630\/revisions\/5888"}],"up":[{"embeddable":true,"href":"https:\/\/sar.fr\/es\/wp-json\/wp\/v2\/pages\/4645"}],"wp:attachment":[{"href":"https:\/\/sar.fr\/es\/wp-json\/wp\/v2\/media?parent=4630"}],"curies":[{"name":"wp","href":"https:\/\/api.w.org\/{rel}","templated":true}]}}