{"id":4648,"date":"2025-09-09T14:03:03","date_gmt":"2025-09-09T12:03:03","guid":{"rendered":"https:\/\/sar.fr\/nos-expertises\/nuestros-servicios\/"},"modified":"2025-11-03T11:25:55","modified_gmt":"2025-11-03T10:25:55","slug":"nuestros-servicios","status":"publish","type":"page","link":"https:\/\/sar.fr\/es\/nos-expertises\/nuestros-servicios\/","title":{"rendered":"Nuestros servicios"},"content":{"rendered":"\n<div style=\"height:26px\" aria-hidden=\"true\" class=\"wp-block-spacer\"><\/div>\n\n\n\n<h2 class=\"wp-block-heading\">Medidas de rendimiento<\/h2>\n\n\n\n<p><strong>SAR, especialista en se\u00f1alizaci\u00f3n vial, cuenta con un equipo t\u00e9cnico altamente cualificado, dedicado a la realizaci\u00f3n y al an\u00e1lisis de las mediciones de rendimiento de las se\u00f1alizaciones.<\/strong><\/p>\n\n\n\n<div style=\"height:60px\" aria-hidden=\"true\" class=\"wp-block-spacer\"><\/div>\n\n\n\n<h2 class=\"wp-block-heading\">Asistencia t\u00e9cnica<\/h2>\n\n\n\n<p>El Departamento de Aplicaci\u00f3n es un servicio especialmente dedicado a los clientes de SAR. Sus principales misiones son: <\/p>\n\n\n\n<ul class=\"wp-block-list\">\n<li>Asistencia t\u00e9cnica en la aplicaci\u00f3n de los productos y la adecuaci\u00f3n del par material\/producto,<\/li>\n\n\n\n<li>Pruebas de producto<\/li>\n\n\n\n<li>Las mediciones de rendimiento<\/li>\n<\/ul>\n\n\n\n<div style=\"height:20px\" aria-hidden=\"true\" class=\"wp-block-spacer\"><\/div>\n\n\n\n<h3 class=\"wp-block-heading\">Estas medidas cumplen con la norma NF EN 1436 e incluyen: <\/h3>\n\n\n\n<ul class=\"wp-block-list\">\n<li><strong>La retrorreflexi\u00f3n RL,<\/strong> medida en condiciones est\u00e1ticas y din\u00e1micas (aparato Zehntner) <\/li>\n\n\n\n<li><strong>La retrorreflexi\u00f3n<\/strong> en condiciones h\u00famedas y mojadas, seg\u00fan el protocolo VNTP (visible de noche con tiempo lluvioso) <\/li>\n\n\n\n<li><strong>El coeficiente de antideslizamiento<\/strong> (SRT) <\/li>\n\n\n\n<li><strong>El coeficiente de luminancia<\/strong> difusa en est\u00e1tica (Qd) <\/li>\n\n\n\n<li>Les essais produit, en vue de oeur certification NF. <\/li>\n<\/ul>\n\n\n\n<div style=\"height:40px\" aria-hidden=\"true\" class=\"wp-block-spacer\"><\/div>\n\n\n\n<div class=\"wp-block-buttons is-content-justification-center is-layout-flex wp-container-core-buttons-is-layout-16018d1d wp-block-buttons-is-layout-flex\">\n<div class=\"wp-block-button\"><a class=\"wp-block-button__link wp-element-button\" href=\"https:\/\/sar.fr\/wp-content\/uploads\/2025\/10\/SAR-Certification-NF.pdf\" target=\"_blank\" rel=\"noreferrer noopener\">Obtenga m\u00e1s informaci\u00f3n sobre la certificaci\u00f3n NF<\/a><\/div>\n<\/div>\n","protected":false},"excerpt":{"rendered":"<p>Medidas de rendimiento SAR, especialista en se\u00f1alizaci\u00f3n vial, cuenta con un equipo t\u00e9cnico altamente cualificado, dedicado a la realizaci\u00f3n y&#8230;<\/p>\n","protected":false},"author":6,"featured_media":0,"parent":4646,"menu_order":1,"comment_status":"closed","ping_status":"closed","template":"","meta":{"_acf_changed":false,"footnotes":""},"class_list":["post-4648","page","type-page","status-publish","hentry"],"acf":[],"yoast_head":"<!-- This site is optimized with the Yoast SEO plugin v27.3 - https:\/\/yoast.com\/product\/yoast-seo-wordpress\/ -->\n<title>Nuestros servicios - SAR, Referencia en productos de se\u00f1alizaci\u00f3n vial<\/title>\n<meta name=\"description\" content=\"Descubra los diversos servicios que ofrece SAR, proveedor l\u00edder de productos de se\u00f1alizaci\u00f3n vial. Nuestros servicios forman parte de nuestra experiencia.\" \/>\n<meta name=\"robots\" content=\"index, follow, max-snippet:-1, max-image-preview:large, max-video-preview:-1\" \/>\n<link rel=\"canonical\" href=\"https:\/\/sar.fr\/nos-expertises\/nos-services\/\" \/>\n<meta property=\"og:locale\" content=\"es_ES\" \/>\n<meta property=\"og:type\" content=\"article\" \/>\n<meta property=\"og:title\" content=\"Nuestros servicios - SAR, Referencia en productos de se\u00f1alizaci\u00f3n vial\" \/>\n<meta property=\"og:description\" content=\"Descubra los diversos servicios que ofrece SAR, proveedor l\u00edder de productos de se\u00f1alizaci\u00f3n vial. Nuestros servicios forman parte de nuestra experiencia.\" \/>\n<meta property=\"og:url\" content=\"https:\/\/sar.fr\/nos-expertises\/nos-services\/\" \/>\n<meta property=\"og:site_name\" content=\"SAR\" \/>\n<meta property=\"article:modified_time\" content=\"2025-11-03T10:25:55+00:00\" \/>\n<meta name=\"twitter:card\" content=\"summary_large_image\" \/>\n<meta name=\"twitter:label1\" content=\"Tiempo de lectura\" \/>\n\t<meta name=\"twitter:data1\" content=\"1 minuto\" \/>\n<script type=\"application\/ld+json\" class=\"yoast-schema-graph\">{\"@context\":\"https:\\\/\\\/schema.org\",\"@graph\":[{\"@type\":\"WebPage\",\"@id\":\"https:\\\/\\\/sar.fr\\\/nos-expertises\\\/nos-services\\\/\",\"url\":\"https:\\\/\\\/sar.fr\\\/nos-expertises\\\/nos-services\\\/\",\"name\":\"Nuestros servicios - SAR, Referencia en productos de se\u00f1alizaci\u00f3n vial\",\"isPartOf\":{\"@id\":\"https:\\\/\\\/sar.fr\\\/#website\"},\"datePublished\":\"2025-09-09T12:03:03+00:00\",\"dateModified\":\"2025-11-03T10:25:55+00:00\",\"description\":\"Descubra los diversos servicios que ofrece SAR, proveedor l\u00edder de productos de se\u00f1alizaci\u00f3n vial. Nuestros servicios forman parte de nuestra experiencia.\",\"breadcrumb\":{\"@id\":\"https:\\\/\\\/sar.fr\\\/nos-expertises\\\/nos-services\\\/#breadcrumb\"},\"inLanguage\":\"es\",\"potentialAction\":[{\"@type\":\"ReadAction\",\"target\":[\"https:\\\/\\\/sar.fr\\\/nos-expertises\\\/nos-services\\\/\"]}]},{\"@type\":\"BreadcrumbList\",\"@id\":\"https:\\\/\\\/sar.fr\\\/nos-expertises\\\/nos-services\\\/#breadcrumb\",\"itemListElement\":[{\"@type\":\"ListItem\",\"position\":1,\"name\":\"Accueil\",\"item\":\"https:\\\/\\\/sar.fr\\\/\"},{\"@type\":\"ListItem\",\"position\":2,\"name\":\"NUESTRA EXPERIENCIA\",\"item\":\"https:\\\/\\\/sar.fr\\\/nos-expertises\\\/\"},{\"@type\":\"ListItem\",\"position\":3,\"name\":\"Nuestros servicios\"}]},{\"@type\":\"WebSite\",\"@id\":\"https:\\\/\\\/sar.fr\\\/#website\",\"url\":\"https:\\\/\\\/sar.fr\\\/\",\"name\":\"Sar\",\"description\":\"\",\"publisher\":{\"@id\":\"https:\\\/\\\/sar.fr\\\/#organization\"},\"potentialAction\":[{\"@type\":\"SearchAction\",\"target\":{\"@type\":\"EntryPoint\",\"urlTemplate\":\"https:\\\/\\\/sar.fr\\\/?s={search_term_string}\"},\"query-input\":{\"@type\":\"PropertyValueSpecification\",\"valueRequired\":true,\"valueName\":\"search_term_string\"}}],\"inLanguage\":\"es\"},{\"@type\":\"Organization\",\"@id\":\"https:\\\/\\\/sar.fr\\\/#organization\",\"name\":\"Sar\",\"url\":\"https:\\\/\\\/sar.fr\\\/\",\"logo\":{\"@type\":\"ImageObject\",\"inLanguage\":\"es\",\"@id\":\"https:\\\/\\\/sar.fr\\\/#\\\/schema\\\/logo\\\/image\\\/\",\"url\":\"\",\"contentUrl\":\"\",\"caption\":\"Sar\"},\"image\":{\"@id\":\"https:\\\/\\\/sar.fr\\\/#\\\/schema\\\/logo\\\/image\\\/\"}}]}<\/script>\n<!-- \/ Yoast SEO plugin. -->","yoast_head_json":{"title":"Nuestros servicios - SAR, Referencia en productos de se\u00f1alizaci\u00f3n vial","description":"Descubra los diversos servicios que ofrece SAR, proveedor l\u00edder de productos de se\u00f1alizaci\u00f3n vial. Nuestros servicios forman parte de nuestra experiencia.","robots":{"index":"index","follow":"follow","max-snippet":"max-snippet:-1","max-image-preview":"max-image-preview:large","max-video-preview":"max-video-preview:-1"},"canonical":"https:\/\/sar.fr\/nos-expertises\/nos-services\/","og_locale":"es_ES","og_type":"article","og_title":"Nuestros servicios - SAR, Referencia en productos de se\u00f1alizaci\u00f3n vial","og_description":"Descubra los diversos servicios que ofrece SAR, proveedor l\u00edder de productos de se\u00f1alizaci\u00f3n vial. Nuestros servicios forman parte de nuestra experiencia.","og_url":"https:\/\/sar.fr\/nos-expertises\/nos-services\/","og_site_name":"SAR","article_modified_time":"2025-11-03T10:25:55+00:00","twitter_card":"summary_large_image","twitter_misc":{"Tiempo de lectura":"1 minuto"},"schema":{"@context":"https:\/\/schema.org","@graph":[{"@type":"WebPage","@id":"https:\/\/sar.fr\/nos-expertises\/nos-services\/","url":"https:\/\/sar.fr\/nos-expertises\/nos-services\/","name":"Nuestros servicios - SAR, Referencia en productos de se\u00f1alizaci\u00f3n vial","isPartOf":{"@id":"https:\/\/sar.fr\/#website"},"datePublished":"2025-09-09T12:03:03+00:00","dateModified":"2025-11-03T10:25:55+00:00","description":"Descubra los diversos servicios que ofrece SAR, proveedor l\u00edder de productos de se\u00f1alizaci\u00f3n vial. Nuestros servicios forman parte de nuestra experiencia.","breadcrumb":{"@id":"https:\/\/sar.fr\/nos-expertises\/nos-services\/#breadcrumb"},"inLanguage":"es","potentialAction":[{"@type":"ReadAction","target":["https:\/\/sar.fr\/nos-expertises\/nos-services\/"]}]},{"@type":"BreadcrumbList","@id":"https:\/\/sar.fr\/nos-expertises\/nos-services\/#breadcrumb","itemListElement":[{"@type":"ListItem","position":1,"name":"Accueil","item":"https:\/\/sar.fr\/"},{"@type":"ListItem","position":2,"name":"NUESTRA EXPERIENCIA","item":"https:\/\/sar.fr\/nos-expertises\/"},{"@type":"ListItem","position":3,"name":"Nuestros servicios"}]},{"@type":"WebSite","@id":"https:\/\/sar.fr\/#website","url":"https:\/\/sar.fr\/","name":"Sar","description":"","publisher":{"@id":"https:\/\/sar.fr\/#organization"},"potentialAction":[{"@type":"SearchAction","target":{"@type":"EntryPoint","urlTemplate":"https:\/\/sar.fr\/?s={search_term_string}"},"query-input":{"@type":"PropertyValueSpecification","valueRequired":true,"valueName":"search_term_string"}}],"inLanguage":"es"},{"@type":"Organization","@id":"https:\/\/sar.fr\/#organization","name":"Sar","url":"https:\/\/sar.fr\/","logo":{"@type":"ImageObject","inLanguage":"es","@id":"https:\/\/sar.fr\/#\/schema\/logo\/image\/","url":"","contentUrl":"","caption":"Sar"},"image":{"@id":"https:\/\/sar.fr\/#\/schema\/logo\/image\/"}}]}},"_links":{"self":[{"href":"https:\/\/sar.fr\/es\/wp-json\/wp\/v2\/pages\/4648","targetHints":{"allow":["GET"]}}],"collection":[{"href":"https:\/\/sar.fr\/es\/wp-json\/wp\/v2\/pages"}],"about":[{"href":"https:\/\/sar.fr\/es\/wp-json\/wp\/v2\/types\/page"}],"author":[{"embeddable":true,"href":"https:\/\/sar.fr\/es\/wp-json\/wp\/v2\/users\/6"}],"replies":[{"embeddable":true,"href":"https:\/\/sar.fr\/es\/wp-json\/wp\/v2\/comments?post=4648"}],"version-history":[{"count":2,"href":"https:\/\/sar.fr\/es\/wp-json\/wp\/v2\/pages\/4648\/revisions"}],"predecessor-version":[{"id":4936,"href":"https:\/\/sar.fr\/es\/wp-json\/wp\/v2\/pages\/4648\/revisions\/4936"}],"up":[{"embeddable":true,"href":"https:\/\/sar.fr\/es\/wp-json\/wp\/v2\/pages\/4646"}],"wp:attachment":[{"href":"https:\/\/sar.fr\/es\/wp-json\/wp\/v2\/media?parent=4648"}],"curies":[{"name":"wp","href":"https:\/\/api.w.org\/{rel}","templated":true}]}}