{"id":4655,"date":"2025-09-09T13:58:55","date_gmt":"2025-09-09T11:58:55","guid":{"rendered":"https:\/\/sar.fr\/nos-expertises\/nuestros-cursos-de-formacion\/"},"modified":"2025-12-03T09:42:22","modified_gmt":"2025-12-03T08:42:22","slug":"nuestros-cursos-de-formacion","status":"publish","type":"page","link":"https:\/\/sar.fr\/es\/nos-expertises\/nuestros-cursos-de-formacion\/","title":{"rendered":"Nuestros cursos de formaci\u00f3n"},"content":{"rendered":"\n<h2 class=\"wp-block-heading\">FORMACI\u00d3N DE SE\u00d1ALIZACI\u00d3N URBANA Y DE CARRETERAS<\/h2>\n\n\n\n<p>SAR, reconocido como organismo de formaci\u00f3n, cuenta <strong>con la certificaci\u00f3n QUALIOPI N.\u00ba 2023\/106829.1.<\/strong><\/p>\n\n\n\n<p>Con esta etiqueta, garant\u00eda de calidad, ofrecemos a nuestros clientes sesiones de formaci\u00f3n relacionadas con los productos de marcado y su aplicaci\u00f3n. Los formadores son empleados de SAR y cuentan con una amplia experiencia en la qu\u00edmica de productos, la normativa vigente, la certificaci\u00f3n de productos y su aplicaci\u00f3n en diferentes t\u00e9cnicas de marcado. Nuestros m\u00f3dulos de formaci\u00f3n cubren todos los \u00e1mbitos relacionados con los productos de se\u00f1alizaci\u00f3n vial y cada a\u00f1o reciben numerosos aplicadores procedentes de consejos departamentales, servicios t\u00e9cnicos de ayuntamientos o empresas de marcado.  <\/p>\n\n\n\n<div class=\"wp-block-columns is-layout-flex wp-container-core-columns-is-layout-9d6595d7 wp-block-columns-is-layout-flex\">\n<div class=\"wp-block-column is-layout-flow wp-block-column-is-layout-flow\" style=\"flex-basis:66.66%\">\n<p>Nuestra experiencia en este \u00e1rea tambi\u00e9n nos permite adaptar nuestros m\u00f3dulos seg\u00fan las necesidades espec\u00edficas de nuestros clientes y ofrecer as\u00ed un servicio a la carta.<\/p>\n\n\n\n<p>Todos nuestros cursos de formaci\u00f3n est\u00e1n abiertos a personas <strong>con discapacidad.<\/strong> Para m\u00e1s informaci\u00f3n, contacte con la Sra. Loriot por tel\u00e9fono en el n\u00famero +33 (0)3 44 50 82 10 o por correo electr\u00f3nico en la direcci\u00f3n <a href=\"mailto:sylvie.loriot@sar.fr\">sylvie.loriot@sar.fr<\/a>. <\/p>\n<\/div>\n\n\n\n<div class=\"wp-block-column is-layout-flow wp-block-column-is-layout-flow\" style=\"flex-basis:33.33%\">\n<figure class=\"wp-block-image size-large\"><img loading=\"lazy\" decoding=\"async\" width=\"684\" height=\"535\" src=\"https:\/\/sar.fr\/wp-content\/uploads\/2025\/09\/logos-handicaps-684x535.jpg\" alt=\"\" class=\"wp-image-3515\" srcset=\"https:\/\/sar.fr\/wp-content\/uploads\/2025\/09\/logos-handicaps-684x535.jpg 684w, https:\/\/sar.fr\/wp-content\/uploads\/2025\/09\/logos-handicaps-250x196.jpg 250w, https:\/\/sar.fr\/wp-content\/uploads\/2025\/09\/logos-handicaps-505x395.jpg 505w, https:\/\/sar.fr\/wp-content\/uploads\/2025\/09\/logos-handicaps.jpg 920w\" sizes=\"auto, (max-width: 684px) 100vw, 684px\" \/><\/figure>\n<\/div>\n<\/div>\n\n\n\n<div style=\"height:40px\" aria-hidden=\"true\" class=\"wp-block-spacer\"><\/div>\n\n\n\n<h3 class=\"wp-block-heading\">Nuestros m\u00f3dulos de formaci\u00f3n:<\/h3>\n\n\n\n<ul class=\"wp-block-list\">\n<li>Identificar los productos de marcado y comprender su t\u00e9cnica de aplicaci\u00f3n.<\/li>\n\n\n\n<li>Respetar el entorno regulatorio y la certificaci\u00f3n.<\/li>\n\n\n\n<li>Aplicar la normativa de se\u00f1alizaci\u00f3n vial en entornos urbanos, de carreteras y autopistas.<\/li>\n\n\n\n<li>Realizar la instalaci\u00f3n de la se\u00f1alizaci\u00f3n temporal en la calzada.<\/li>\n\n\n\n<li>Conocer los componentes esenciales de una m\u00e1quina de marcado autopropulsada.<\/li>\n\n\n\n<li>Realizar la configuraci\u00f3n de la aplicaci\u00f3n antes de la implementaci\u00f3n.<\/li>\n\n\n\n<li>Ser capaz de instalar la se\u00f1alizaci\u00f3n de acuerdo a la normativa.<\/li>\n\n\n\n<li>Aplicar las normas de salud y seguridad relacionadas con la actividad de marcado.<\/li>\n<\/ul>\n","protected":false},"excerpt":{"rendered":"<p>FORMACI\u00d3N DE SE\u00d1ALIZACI\u00d3N URBANA Y DE CARRETERAS SAR, reconocido como organismo de formaci\u00f3n, cuenta con la certificaci\u00f3n QUALIOPI N.\u00ba 2023\/106829.1&#8230;.<\/p>\n","protected":false},"author":6,"featured_media":0,"parent":4646,"menu_order":4,"comment_status":"closed","ping_status":"closed","template":"page-formation.php","meta":{"_acf_changed":false,"footnotes":""},"class_list":["post-4655","page","type-page","status-publish","hentry"],"acf":[],"yoast_head":"<!-- This site is optimized with the Yoast SEO plugin v27.3 - https:\/\/yoast.com\/product\/yoast-seo-wordpress\/ -->\n<title>Nuestros cursos de formaci\u00f3n - SAR, Referencia en productos de se\u00f1alizaci\u00f3n vial<\/title>\n<meta name=\"description\" content=\"Descubra los diversos programas de formaci\u00f3n que ofrece SAR, experto l\u00edder en productos de se\u00f1alizaci\u00f3n vial. Nuestros cursos de formaci\u00f3n forman parte de nuestra experiencia.\" \/>\n<meta name=\"robots\" content=\"index, follow, max-snippet:-1, max-image-preview:large, max-video-preview:-1\" \/>\n<link rel=\"canonical\" href=\"https:\/\/sar.fr\/es\/nos-expertises\/nuestros-cursos-de-formacion\/\" \/>\n<meta property=\"og:locale\" content=\"es_ES\" \/>\n<meta property=\"og:type\" content=\"article\" \/>\n<meta property=\"og:title\" content=\"Nuestros cursos de formaci\u00f3n - SAR, Referencia en productos de se\u00f1alizaci\u00f3n vial\" \/>\n<meta property=\"og:description\" content=\"Descubra los diversos programas de formaci\u00f3n que ofrece SAR, experto l\u00edder en productos de se\u00f1alizaci\u00f3n vial. Nuestros cursos de formaci\u00f3n forman parte de nuestra experiencia.\" \/>\n<meta property=\"og:url\" content=\"https:\/\/sar.fr\/es\/nos-expertises\/nuestros-cursos-de-formacion\/\" \/>\n<meta property=\"og:site_name\" content=\"SAR\" \/>\n<meta property=\"article:modified_time\" content=\"2025-12-03T08:42:22+00:00\" \/>\n<meta property=\"og:image\" content=\"https:\/\/sar.fr\/wp-content\/uploads\/2025\/09\/logos-handicaps.jpg\" \/>\n\t<meta property=\"og:image:width\" content=\"920\" \/>\n\t<meta property=\"og:image:height\" content=\"720\" \/>\n\t<meta property=\"og:image:type\" content=\"image\/jpeg\" \/>\n<meta name=\"twitter:card\" content=\"summary_large_image\" \/>\n<meta name=\"twitter:label1\" content=\"Tiempo de lectura\" \/>\n\t<meta name=\"twitter:data1\" content=\"2 minutos\" \/>\n<script type=\"application\/ld+json\" class=\"yoast-schema-graph\">{\"@context\":\"https:\\\/\\\/schema.org\",\"@graph\":[{\"@type\":\"WebPage\",\"@id\":\"https:\\\/\\\/sar.fr\\\/es\\\/nos-expertises\\\/nuestros-cursos-de-formacion\\\/\",\"url\":\"https:\\\/\\\/sar.fr\\\/es\\\/nos-expertises\\\/nuestros-cursos-de-formacion\\\/\",\"name\":\"Nuestros cursos de formaci\u00f3n - SAR, Referencia en productos de se\u00f1alizaci\u00f3n vial\",\"isPartOf\":{\"@id\":\"https:\\\/\\\/sar.fr\\\/#website\"},\"primaryImageOfPage\":{\"@id\":\"https:\\\/\\\/sar.fr\\\/es\\\/nos-expertises\\\/nuestros-cursos-de-formacion\\\/#primaryimage\"},\"image\":{\"@id\":\"https:\\\/\\\/sar.fr\\\/es\\\/nos-expertises\\\/nuestros-cursos-de-formacion\\\/#primaryimage\"},\"thumbnailUrl\":\"https:\\\/\\\/sar.fr\\\/wp-content\\\/uploads\\\/2025\\\/09\\\/logos-handicaps-684x535.jpg\",\"datePublished\":\"2025-09-09T11:58:55+00:00\",\"dateModified\":\"2025-12-03T08:42:22+00:00\",\"description\":\"Descubra los diversos programas de formaci\u00f3n que ofrece SAR, experto l\u00edder en productos de se\u00f1alizaci\u00f3n vial. Nuestros cursos de formaci\u00f3n forman parte de nuestra experiencia.\",\"breadcrumb\":{\"@id\":\"https:\\\/\\\/sar.fr\\\/es\\\/nos-expertises\\\/nuestros-cursos-de-formacion\\\/#breadcrumb\"},\"inLanguage\":\"es\",\"potentialAction\":[{\"@type\":\"ReadAction\",\"target\":[\"https:\\\/\\\/sar.fr\\\/es\\\/nos-expertises\\\/nuestros-cursos-de-formacion\\\/\"]}]},{\"@type\":\"ImageObject\",\"inLanguage\":\"es\",\"@id\":\"https:\\\/\\\/sar.fr\\\/es\\\/nos-expertises\\\/nuestros-cursos-de-formacion\\\/#primaryimage\",\"url\":\"https:\\\/\\\/sar.fr\\\/wp-content\\\/uploads\\\/2025\\\/09\\\/logos-handicaps-684x535.jpg\",\"contentUrl\":\"https:\\\/\\\/sar.fr\\\/wp-content\\\/uploads\\\/2025\\\/09\\\/logos-handicaps-684x535.jpg\"},{\"@type\":\"BreadcrumbList\",\"@id\":\"https:\\\/\\\/sar.fr\\\/es\\\/nos-expertises\\\/nuestros-cursos-de-formacion\\\/#breadcrumb\",\"itemListElement\":[{\"@type\":\"ListItem\",\"position\":1,\"name\":\"Accueil\",\"item\":\"https:\\\/\\\/sar.fr\\\/\"},{\"@type\":\"ListItem\",\"position\":2,\"name\":\"NUESTRA EXPERIENCIA\",\"item\":\"https:\\\/\\\/sar.fr\\\/nos-expertises\\\/\"},{\"@type\":\"ListItem\",\"position\":3,\"name\":\"Nuestros cursos de formaci\u00f3n\"}]},{\"@type\":\"WebSite\",\"@id\":\"https:\\\/\\\/sar.fr\\\/#website\",\"url\":\"https:\\\/\\\/sar.fr\\\/\",\"name\":\"Sar\",\"description\":\"\",\"publisher\":{\"@id\":\"https:\\\/\\\/sar.fr\\\/#organization\"},\"potentialAction\":[{\"@type\":\"SearchAction\",\"target\":{\"@type\":\"EntryPoint\",\"urlTemplate\":\"https:\\\/\\\/sar.fr\\\/?s={search_term_string}\"},\"query-input\":{\"@type\":\"PropertyValueSpecification\",\"valueRequired\":true,\"valueName\":\"search_term_string\"}}],\"inLanguage\":\"es\"},{\"@type\":\"Organization\",\"@id\":\"https:\\\/\\\/sar.fr\\\/#organization\",\"name\":\"Sar\",\"url\":\"https:\\\/\\\/sar.fr\\\/\",\"logo\":{\"@type\":\"ImageObject\",\"inLanguage\":\"es\",\"@id\":\"https:\\\/\\\/sar.fr\\\/#\\\/schema\\\/logo\\\/image\\\/\",\"url\":\"\",\"contentUrl\":\"\",\"caption\":\"Sar\"},\"image\":{\"@id\":\"https:\\\/\\\/sar.fr\\\/#\\\/schema\\\/logo\\\/image\\\/\"}}]}<\/script>\n<!-- \/ Yoast SEO plugin. -->","yoast_head_json":{"title":"Nuestros cursos de formaci\u00f3n - SAR, Referencia en productos de se\u00f1alizaci\u00f3n vial","description":"Descubra los diversos programas de formaci\u00f3n que ofrece SAR, experto l\u00edder en productos de se\u00f1alizaci\u00f3n vial. Nuestros cursos de formaci\u00f3n forman parte de nuestra experiencia.","robots":{"index":"index","follow":"follow","max-snippet":"max-snippet:-1","max-image-preview":"max-image-preview:large","max-video-preview":"max-video-preview:-1"},"canonical":"https:\/\/sar.fr\/es\/nos-expertises\/nuestros-cursos-de-formacion\/","og_locale":"es_ES","og_type":"article","og_title":"Nuestros cursos de formaci\u00f3n - SAR, Referencia en productos de se\u00f1alizaci\u00f3n vial","og_description":"Descubra los diversos programas de formaci\u00f3n que ofrece SAR, experto l\u00edder en productos de se\u00f1alizaci\u00f3n vial. Nuestros cursos de formaci\u00f3n forman parte de nuestra experiencia.","og_url":"https:\/\/sar.fr\/es\/nos-expertises\/nuestros-cursos-de-formacion\/","og_site_name":"SAR","article_modified_time":"2025-12-03T08:42:22+00:00","og_image":[{"width":920,"height":720,"url":"https:\/\/sar.fr\/wp-content\/uploads\/2025\/09\/logos-handicaps.jpg","type":"image\/jpeg"}],"twitter_card":"summary_large_image","twitter_misc":{"Tiempo de lectura":"2 minutos"},"schema":{"@context":"https:\/\/schema.org","@graph":[{"@type":"WebPage","@id":"https:\/\/sar.fr\/es\/nos-expertises\/nuestros-cursos-de-formacion\/","url":"https:\/\/sar.fr\/es\/nos-expertises\/nuestros-cursos-de-formacion\/","name":"Nuestros cursos de formaci\u00f3n - SAR, Referencia en productos de se\u00f1alizaci\u00f3n vial","isPartOf":{"@id":"https:\/\/sar.fr\/#website"},"primaryImageOfPage":{"@id":"https:\/\/sar.fr\/es\/nos-expertises\/nuestros-cursos-de-formacion\/#primaryimage"},"image":{"@id":"https:\/\/sar.fr\/es\/nos-expertises\/nuestros-cursos-de-formacion\/#primaryimage"},"thumbnailUrl":"https:\/\/sar.fr\/wp-content\/uploads\/2025\/09\/logos-handicaps-684x535.jpg","datePublished":"2025-09-09T11:58:55+00:00","dateModified":"2025-12-03T08:42:22+00:00","description":"Descubra los diversos programas de formaci\u00f3n que ofrece SAR, experto l\u00edder en productos de se\u00f1alizaci\u00f3n vial. Nuestros cursos de formaci\u00f3n forman parte de nuestra experiencia.","breadcrumb":{"@id":"https:\/\/sar.fr\/es\/nos-expertises\/nuestros-cursos-de-formacion\/#breadcrumb"},"inLanguage":"es","potentialAction":[{"@type":"ReadAction","target":["https:\/\/sar.fr\/es\/nos-expertises\/nuestros-cursos-de-formacion\/"]}]},{"@type":"ImageObject","inLanguage":"es","@id":"https:\/\/sar.fr\/es\/nos-expertises\/nuestros-cursos-de-formacion\/#primaryimage","url":"https:\/\/sar.fr\/wp-content\/uploads\/2025\/09\/logos-handicaps-684x535.jpg","contentUrl":"https:\/\/sar.fr\/wp-content\/uploads\/2025\/09\/logos-handicaps-684x535.jpg"},{"@type":"BreadcrumbList","@id":"https:\/\/sar.fr\/es\/nos-expertises\/nuestros-cursos-de-formacion\/#breadcrumb","itemListElement":[{"@type":"ListItem","position":1,"name":"Accueil","item":"https:\/\/sar.fr\/"},{"@type":"ListItem","position":2,"name":"NUESTRA EXPERIENCIA","item":"https:\/\/sar.fr\/nos-expertises\/"},{"@type":"ListItem","position":3,"name":"Nuestros cursos de formaci\u00f3n"}]},{"@type":"WebSite","@id":"https:\/\/sar.fr\/#website","url":"https:\/\/sar.fr\/","name":"Sar","description":"","publisher":{"@id":"https:\/\/sar.fr\/#organization"},"potentialAction":[{"@type":"SearchAction","target":{"@type":"EntryPoint","urlTemplate":"https:\/\/sar.fr\/?s={search_term_string}"},"query-input":{"@type":"PropertyValueSpecification","valueRequired":true,"valueName":"search_term_string"}}],"inLanguage":"es"},{"@type":"Organization","@id":"https:\/\/sar.fr\/#organization","name":"Sar","url":"https:\/\/sar.fr\/","logo":{"@type":"ImageObject","inLanguage":"es","@id":"https:\/\/sar.fr\/#\/schema\/logo\/image\/","url":"","contentUrl":"","caption":"Sar"},"image":{"@id":"https:\/\/sar.fr\/#\/schema\/logo\/image\/"}}]}},"_links":{"self":[{"href":"https:\/\/sar.fr\/es\/wp-json\/wp\/v2\/pages\/4655","targetHints":{"allow":["GET"]}}],"collection":[{"href":"https:\/\/sar.fr\/es\/wp-json\/wp\/v2\/pages"}],"about":[{"href":"https:\/\/sar.fr\/es\/wp-json\/wp\/v2\/types\/page"}],"author":[{"embeddable":true,"href":"https:\/\/sar.fr\/es\/wp-json\/wp\/v2\/users\/6"}],"replies":[{"embeddable":true,"href":"https:\/\/sar.fr\/es\/wp-json\/wp\/v2\/comments?post=4655"}],"version-history":[{"count":2,"href":"https:\/\/sar.fr\/es\/wp-json\/wp\/v2\/pages\/4655\/revisions"}],"predecessor-version":[{"id":5966,"href":"https:\/\/sar.fr\/es\/wp-json\/wp\/v2\/pages\/4655\/revisions\/5966"}],"up":[{"embeddable":true,"href":"https:\/\/sar.fr\/es\/wp-json\/wp\/v2\/pages\/4646"}],"wp:attachment":[{"href":"https:\/\/sar.fr\/es\/wp-json\/wp\/v2\/media?parent=4655"}],"curies":[{"name":"wp","href":"https:\/\/api.w.org\/{rel}","templated":true}]}}