{"id":4663,"date":"2025-09-09T13:59:12","date_gmt":"2025-09-09T11:59:12","guid":{"rendered":"https:\/\/sar.fr\/nos-expertises\/nuestras-herramientas-digitales\/"},"modified":"2025-11-03T11:32:30","modified_gmt":"2025-11-03T10:32:30","slug":"nuestras-herramientas-digitales","status":"publish","type":"page","link":"https:\/\/sar.fr\/es\/nos-expertises\/nuestras-herramientas-digitales\/","title":{"rendered":"Nuestras herramientas digitales"},"content":{"rendered":"\n<div style=\"height:10px\" aria-hidden=\"true\" class=\"wp-block-spacer\"><\/div>\n\n\n\n<h3 class=\"wp-block-heading\">SAR TOOLS &#8211; La aplicaci\u00f3n para aplicadores<\/h3>\n\n\n\n<p>SAR innova con una caja de herramientas digital dise\u00f1ada para simplificar la vida diaria de los aplicadores de se\u00f1alizaci\u00f3n vial.<\/p>\n\n\n\n<div class=\"wp-block-columns are-vertically-aligned-center is-layout-flex wp-container-core-columns-is-layout-9d6595d7 wp-block-columns-is-layout-flex\">\n<div class=\"wp-block-column is-vertically-aligned-center is-layout-flow wp-block-column-is-layout-flow\"><div class=\"wp-block-image\">\n<figure class=\"aligncenter size-large is-resized\"><img loading=\"lazy\" decoding=\"async\" width=\"951\" height=\"535\" src=\"https:\/\/sar.fr\/wp-content\/uploads\/2025\/09\/sar-tools-2-951x535.png\" alt=\"\" class=\"wp-image-3531\" style=\"aspect-ratio:9\/16;object-fit:cover;width:auto;height:400px\" srcset=\"https:\/\/sar.fr\/wp-content\/uploads\/2025\/09\/sar-tools-2-951x535.png 951w, https:\/\/sar.fr\/wp-content\/uploads\/2025\/09\/sar-tools-2-250x141.png 250w, https:\/\/sar.fr\/wp-content\/uploads\/2025\/09\/sar-tools-2-702x395.png 702w, https:\/\/sar.fr\/wp-content\/uploads\/2025\/09\/sar-tools-2-1536x864.png 1536w, https:\/\/sar.fr\/wp-content\/uploads\/2025\/09\/sar-tools-2.png 1920w\" sizes=\"auto, (max-width: 951px) 100vw, 951px\" \/><\/figure>\n<\/div><\/div>\n\n\n\n<div class=\"wp-block-column is-vertically-aligned-center is-layout-flow wp-block-column-is-layout-flow\">\n<figure class=\"wp-block-image size-full\"><img loading=\"lazy\" decoding=\"async\" width=\"400\" height=\"400\" src=\"https:\/\/sar.fr\/wp-content\/uploads\/2025\/09\/SAR-TOOLS-Android-avec-legende.png\" alt=\"\" class=\"wp-image-3533\" style=\"aspect-ratio:3\/4;object-fit:cover\" srcset=\"https:\/\/sar.fr\/wp-content\/uploads\/2025\/09\/SAR-TOOLS-Android-avec-legende.png 400w, https:\/\/sar.fr\/wp-content\/uploads\/2025\/09\/SAR-TOOLS-Android-avec-legende-250x250.png 250w, https:\/\/sar.fr\/wp-content\/uploads\/2025\/09\/SAR-TOOLS-Android-avec-legende-395x395.png 395w\" sizes=\"auto, (max-width: 400px) 100vw, 400px\" \/><\/figure>\n<\/div>\n\n\n\n<div class=\"wp-block-column is-vertically-aligned-center is-layout-flow wp-block-column-is-layout-flow\">\n<figure class=\"wp-block-image size-full\"><img loading=\"lazy\" decoding=\"async\" width=\"400\" height=\"400\" src=\"https:\/\/sar.fr\/wp-content\/uploads\/2025\/09\/SAR-TOOLS-IOS-avec-legende.png\" alt=\"\" class=\"wp-image-3534\" style=\"aspect-ratio:3\/4;object-fit:cover\" srcset=\"https:\/\/sar.fr\/wp-content\/uploads\/2025\/09\/SAR-TOOLS-IOS-avec-legende.png 400w, https:\/\/sar.fr\/wp-content\/uploads\/2025\/09\/SAR-TOOLS-IOS-avec-legende-250x250.png 250w, https:\/\/sar.fr\/wp-content\/uploads\/2025\/09\/SAR-TOOLS-IOS-avec-legende-395x395.png 395w\" sizes=\"auto, (max-width: 400px) 100vw, 400px\" \/><\/figure>\n<\/div>\n<\/div>\n\n\n\n<div style=\"height:20px\" aria-hidden=\"true\" class=\"wp-block-spacer\"><\/div>\n\n\n\n<h2 class=\"wp-block-heading\">\u00bfPor qu\u00e9 elegimos apoyarte?<\/h2>\n\n\n\n<p>La se\u00f1alizaci\u00f3n horizontal desempe\u00f1a un papel esencial en la seguridad vial: gu\u00eda a los usuarios, se\u00f1ala peligros, materializa las normas de circulaci\u00f3n y estructura el espacio viario.<\/p>\n\n\n\n<p>De acuerdo con el art\u00edculo 111-1 del C\u00f3digo de Circulaci\u00f3n franc\u00e9s, su ejecuci\u00f3n debe cumplir estrictas normas t\u00e9cnicas y reglamentarias.<\/p>\n\n\n\n<p>La calidad de un marcado no depende \u00fanicamente de los productos utilizados. Se basa en un conjunto de factores: productos, soportes, condiciones clim\u00e1ticas, entorno, equipos, t\u00e9cnicas de aplicaci\u00f3n, cumplimiento normativo y, sobre todo, la experiencia de los aplicadores. <\/p>\n\n\n\n<p>Para garantizar un marcado de calidad, los aplicadores deben:<\/p>\n\n\n\n<ul class=\"wp-block-list\">\n<li>Controlar los conocimientos te\u00f3ricos y pr\u00e1cticos relacionados con la manipulaci\u00f3n, el transporte, el almacenamiento de los productos y la prevenci\u00f3n de riesgos.<\/li>\n\n\n\n<li>Movilizar las competencias necesarias en cada fase de una obra:\n<ul class=\"wp-block-list\">\n<li>Preparaci\u00f3n de la obra<\/li>\n\n\n\n<li>Conocimiento de los productos y sus especificidades<\/li>\n\n\n\n<li>Ajuste, uso y mantenimiento de los equipos<\/li>\n\n\n\n<li>Realizaci\u00f3n de las obras de acuerdo con las reglas del arte<\/li>\n\n\n\n<li>Control de calidad de los marcados.<\/li>\n<\/ul>\n<\/li>\n<\/ul>\n\n\n\n<p><strong>En un entorno regulatorio exigente, los aplicadores deben acceder a una gran cantidad de informaci\u00f3n t\u00e9cnica.<\/strong><\/p>\n\n\n\n<div style=\"height:60px\" aria-hidden=\"true\" class=\"wp-block-spacer\"><\/div>\n\n\n\n<h2 class=\"wp-block-heading\">\u00bfQu\u00e9 te ofrecemos?<\/h2>\n\n\n\n<p>Disponible en tel\u00e9fonos Android e iOS, la aplicaci\u00f3n SAR TOOLS centraliza todos los recursos \u00fatiles en una interfaz intuitiva y actualizada peri\u00f3dicamente.<\/p>\n\n\n\n<p>La aplicaci\u00f3n ofrece varias funciones, entre ellas:<\/p>\n\n\n\n<ul class=\"wp-block-list\">\n<li>Acceso directo a textos reglamentarios y documentos t\u00e9cnicos<\/li>\n\n\n\n<li>Herramientas de medici\u00f3n y control y tablas de correspondencia<\/li>\n\n\n\n<li>Ayudas para la selecci\u00f3n de la boquilla (Airless) y la modulaci\u00f3n<\/li>\n\n\n\n<li>Herramientas matem\u00e1ticas y geom\u00e9tricas<\/li>\n\n\n\n<li>Y muchas otras funciones pr\u00e1cticas dise\u00f1adas para el terreno.<\/li>\n<\/ul>\n\n\n\n<p>Se acabaron las carpetas voluminosas y las b\u00fasquedas interminables: con SAR TOOLS, los aplicadores pueden acceder a toda la informaci\u00f3n \u00fatil, dondequiera que est\u00e9n, en cualquier momento.<\/p>\n\n\n\n<div style=\"height:49px\" aria-hidden=\"true\" class=\"wp-block-spacer\"><\/div>\n\n\n\n<h2 class=\"wp-block-heading\">Signastore: el mercado de equipamiento vial<\/h2>\n\n\n\n<div class=\"wp-block-columns is-layout-flex wp-container-core-columns-is-layout-9d6595d7 wp-block-columns-is-layout-flex\">\n<div class=\"wp-block-column is-layout-flow wp-block-column-is-layout-flow\" style=\"flex-basis:33.33%\">\n<div style=\"height:35px\" aria-hidden=\"true\" class=\"wp-block-spacer\"><\/div>\n\n\n\n<figure class=\"wp-block-image size-full m-0\"><img loading=\"lazy\" decoding=\"async\" width=\"2560\" height=\"722\" src=\"https:\/\/sar.fr\/wp-content\/uploads\/2025\/10\/signastore-scaled.png\" alt=\"\" class=\"wp-image-4227\" srcset=\"https:\/\/sar.fr\/wp-content\/uploads\/2025\/10\/signastore-scaled.png 2560w, https:\/\/sar.fr\/wp-content\/uploads\/2025\/10\/signastore-250x71.png 250w, https:\/\/sar.fr\/wp-content\/uploads\/2025\/10\/signastore-1600x451.png 1600w, https:\/\/sar.fr\/wp-content\/uploads\/2025\/10\/signastore-800x226.png 800w, https:\/\/sar.fr\/wp-content\/uploads\/2025\/10\/signastore-1536x433.png 1536w, https:\/\/sar.fr\/wp-content\/uploads\/2025\/10\/signastore-2048x578.png 2048w\" sizes=\"auto, (max-width: 2560px) 100vw, 2560px\" \/><\/figure>\n<\/div>\n\n\n\n<div class=\"wp-block-column is-layout-flow wp-block-column-is-layout-flow\" style=\"flex-basis:66.66%\">\n<p>Porque el rendimiento tambi\u00e9n es fruto de la sinergia, SAR se rodea de socios industriales reconocidos en equipamientos e ingenier\u00eda vial, que comparten nuestra exigencia de innovaci\u00f3n, calidad y durabilidad. Juntos desarrollamos soluciones complementarias para afrontar los retos t\u00e9cnicos, ambientales y patrimoniales de nuestros clientes. <\/p>\n\n\n\n<h3 class=\"wp-block-heading\">Descubra Signastore: <a href=\"https:\/\/signastore.fr\/44-produits-de-marquage\" target=\"_blank\" rel=\"noreferrer noopener\">Productos de marcado<\/a><\/h3>\n<\/div>\n<\/div>\n\n\n\n<p><\/p>\n","protected":false},"excerpt":{"rendered":"<p>SAR TOOLS &#8211; La aplicaci\u00f3n para aplicadores SAR innova con una caja de herramientas digital dise\u00f1ada para simplificar la vida&#8230;<\/p>\n","protected":false},"author":6,"featured_media":0,"parent":4646,"menu_order":3,"comment_status":"closed","ping_status":"closed","template":"","meta":{"_acf_changed":false,"footnotes":""},"class_list":["post-4663","page","type-page","status-publish","hentry"],"acf":[],"yoast_head":"<!-- This site is optimized with the Yoast SEO plugin v27.3 - https:\/\/yoast.com\/product\/yoast-seo-wordpress\/ -->\n<title>Nuestras herramientas digitales - SAR, Referencia en productos de se\u00f1alizaci\u00f3n vial<\/title>\n<meta name=\"description\" content=\"Descubra las diversas herramientas digitales que ofrece SAR, proveedor l\u00edder de productos de se\u00f1alizaci\u00f3n vial. Nuestras herramientas digitales forman parte de nuestra experiencia.\" \/>\n<meta name=\"robots\" content=\"index, follow, max-snippet:-1, max-image-preview:large, max-video-preview:-1\" \/>\n<link rel=\"canonical\" href=\"https:\/\/sar.fr\/nos-expertises\/nos-outils-digitaux\/\" \/>\n<meta property=\"og:locale\" content=\"es_ES\" \/>\n<meta property=\"og:type\" content=\"article\" \/>\n<meta property=\"og:title\" content=\"Nuestras herramientas digitales - SAR, Referencia en productos de se\u00f1alizaci\u00f3n vial\" \/>\n<meta property=\"og:description\" content=\"Descubra las diversas herramientas digitales que ofrece SAR, proveedor l\u00edder de productos de se\u00f1alizaci\u00f3n vial. Nuestras herramientas digitales forman parte de nuestra experiencia.\" \/>\n<meta property=\"og:url\" content=\"https:\/\/sar.fr\/nos-expertises\/nos-outils-digitaux\/\" \/>\n<meta property=\"og:site_name\" content=\"SAR\" \/>\n<meta property=\"article:modified_time\" content=\"2025-11-03T10:32:30+00:00\" \/>\n<meta property=\"og:image\" content=\"https:\/\/sar.fr\/wp-content\/uploads\/2025\/09\/sar-tools-2.png\" \/>\n\t<meta property=\"og:image:width\" content=\"1920\" \/>\n\t<meta property=\"og:image:height\" content=\"1080\" \/>\n\t<meta property=\"og:image:type\" content=\"image\/png\" \/>\n<meta name=\"twitter:card\" content=\"summary_large_image\" \/>\n<meta name=\"twitter:label1\" content=\"Tiempo de lectura\" \/>\n\t<meta name=\"twitter:data1\" content=\"3 minutos\" \/>\n<script type=\"application\/ld+json\" class=\"yoast-schema-graph\">{\"@context\":\"https:\\\/\\\/schema.org\",\"@graph\":[{\"@type\":\"WebPage\",\"@id\":\"https:\\\/\\\/sar.fr\\\/nos-expertises\\\/nos-outils-digitaux\\\/\",\"url\":\"https:\\\/\\\/sar.fr\\\/nos-expertises\\\/nos-outils-digitaux\\\/\",\"name\":\"Nuestras herramientas digitales - SAR, Referencia en productos de se\u00f1alizaci\u00f3n vial\",\"isPartOf\":{\"@id\":\"https:\\\/\\\/sar.fr\\\/#website\"},\"primaryImageOfPage\":{\"@id\":\"https:\\\/\\\/sar.fr\\\/nos-expertises\\\/nos-outils-digitaux\\\/#primaryimage\"},\"image\":{\"@id\":\"https:\\\/\\\/sar.fr\\\/nos-expertises\\\/nos-outils-digitaux\\\/#primaryimage\"},\"thumbnailUrl\":\"https:\\\/\\\/sar.fr\\\/wp-content\\\/uploads\\\/2025\\\/09\\\/sar-tools-2-951x535.png\",\"datePublished\":\"2025-09-09T11:59:12+00:00\",\"dateModified\":\"2025-11-03T10:32:30+00:00\",\"description\":\"Descubra las diversas herramientas digitales que ofrece SAR, proveedor l\u00edder de productos de se\u00f1alizaci\u00f3n vial. Nuestras herramientas digitales forman parte de nuestra experiencia.\",\"breadcrumb\":{\"@id\":\"https:\\\/\\\/sar.fr\\\/nos-expertises\\\/nos-outils-digitaux\\\/#breadcrumb\"},\"inLanguage\":\"es\",\"potentialAction\":[{\"@type\":\"ReadAction\",\"target\":[\"https:\\\/\\\/sar.fr\\\/nos-expertises\\\/nos-outils-digitaux\\\/\"]}]},{\"@type\":\"ImageObject\",\"inLanguage\":\"es\",\"@id\":\"https:\\\/\\\/sar.fr\\\/nos-expertises\\\/nos-outils-digitaux\\\/#primaryimage\",\"url\":\"https:\\\/\\\/sar.fr\\\/wp-content\\\/uploads\\\/2025\\\/09\\\/sar-tools-2-951x535.png\",\"contentUrl\":\"https:\\\/\\\/sar.fr\\\/wp-content\\\/uploads\\\/2025\\\/09\\\/sar-tools-2-951x535.png\"},{\"@type\":\"BreadcrumbList\",\"@id\":\"https:\\\/\\\/sar.fr\\\/nos-expertises\\\/nos-outils-digitaux\\\/#breadcrumb\",\"itemListElement\":[{\"@type\":\"ListItem\",\"position\":1,\"name\":\"Accueil\",\"item\":\"https:\\\/\\\/sar.fr\\\/\"},{\"@type\":\"ListItem\",\"position\":2,\"name\":\"NUESTRA EXPERIENCIA\",\"item\":\"https:\\\/\\\/sar.fr\\\/nos-expertises\\\/\"},{\"@type\":\"ListItem\",\"position\":3,\"name\":\"Nuestras herramientas digitales\"}]},{\"@type\":\"WebSite\",\"@id\":\"https:\\\/\\\/sar.fr\\\/#website\",\"url\":\"https:\\\/\\\/sar.fr\\\/\",\"name\":\"Sar\",\"description\":\"\",\"publisher\":{\"@id\":\"https:\\\/\\\/sar.fr\\\/#organization\"},\"potentialAction\":[{\"@type\":\"SearchAction\",\"target\":{\"@type\":\"EntryPoint\",\"urlTemplate\":\"https:\\\/\\\/sar.fr\\\/?s={search_term_string}\"},\"query-input\":{\"@type\":\"PropertyValueSpecification\",\"valueRequired\":true,\"valueName\":\"search_term_string\"}}],\"inLanguage\":\"es\"},{\"@type\":\"Organization\",\"@id\":\"https:\\\/\\\/sar.fr\\\/#organization\",\"name\":\"Sar\",\"url\":\"https:\\\/\\\/sar.fr\\\/\",\"logo\":{\"@type\":\"ImageObject\",\"inLanguage\":\"es\",\"@id\":\"https:\\\/\\\/sar.fr\\\/#\\\/schema\\\/logo\\\/image\\\/\",\"url\":\"\",\"contentUrl\":\"\",\"caption\":\"Sar\"},\"image\":{\"@id\":\"https:\\\/\\\/sar.fr\\\/#\\\/schema\\\/logo\\\/image\\\/\"}}]}<\/script>\n<!-- \/ Yoast SEO plugin. -->","yoast_head_json":{"title":"Nuestras herramientas digitales - SAR, Referencia en productos de se\u00f1alizaci\u00f3n vial","description":"Descubra las diversas herramientas digitales que ofrece SAR, proveedor l\u00edder de productos de se\u00f1alizaci\u00f3n vial. Nuestras herramientas digitales forman parte de nuestra experiencia.","robots":{"index":"index","follow":"follow","max-snippet":"max-snippet:-1","max-image-preview":"max-image-preview:large","max-video-preview":"max-video-preview:-1"},"canonical":"https:\/\/sar.fr\/nos-expertises\/nos-outils-digitaux\/","og_locale":"es_ES","og_type":"article","og_title":"Nuestras herramientas digitales - SAR, Referencia en productos de se\u00f1alizaci\u00f3n vial","og_description":"Descubra las diversas herramientas digitales que ofrece SAR, proveedor l\u00edder de productos de se\u00f1alizaci\u00f3n vial. Nuestras herramientas digitales forman parte de nuestra experiencia.","og_url":"https:\/\/sar.fr\/nos-expertises\/nos-outils-digitaux\/","og_site_name":"SAR","article_modified_time":"2025-11-03T10:32:30+00:00","og_image":[{"width":1920,"height":1080,"url":"https:\/\/sar.fr\/wp-content\/uploads\/2025\/09\/sar-tools-2.png","type":"image\/png"}],"twitter_card":"summary_large_image","twitter_misc":{"Tiempo de lectura":"3 minutos"},"schema":{"@context":"https:\/\/schema.org","@graph":[{"@type":"WebPage","@id":"https:\/\/sar.fr\/nos-expertises\/nos-outils-digitaux\/","url":"https:\/\/sar.fr\/nos-expertises\/nos-outils-digitaux\/","name":"Nuestras herramientas digitales - SAR, Referencia en productos de se\u00f1alizaci\u00f3n vial","isPartOf":{"@id":"https:\/\/sar.fr\/#website"},"primaryImageOfPage":{"@id":"https:\/\/sar.fr\/nos-expertises\/nos-outils-digitaux\/#primaryimage"},"image":{"@id":"https:\/\/sar.fr\/nos-expertises\/nos-outils-digitaux\/#primaryimage"},"thumbnailUrl":"https:\/\/sar.fr\/wp-content\/uploads\/2025\/09\/sar-tools-2-951x535.png","datePublished":"2025-09-09T11:59:12+00:00","dateModified":"2025-11-03T10:32:30+00:00","description":"Descubra las diversas herramientas digitales que ofrece SAR, proveedor l\u00edder de productos de se\u00f1alizaci\u00f3n vial. Nuestras herramientas digitales forman parte de nuestra experiencia.","breadcrumb":{"@id":"https:\/\/sar.fr\/nos-expertises\/nos-outils-digitaux\/#breadcrumb"},"inLanguage":"es","potentialAction":[{"@type":"ReadAction","target":["https:\/\/sar.fr\/nos-expertises\/nos-outils-digitaux\/"]}]},{"@type":"ImageObject","inLanguage":"es","@id":"https:\/\/sar.fr\/nos-expertises\/nos-outils-digitaux\/#primaryimage","url":"https:\/\/sar.fr\/wp-content\/uploads\/2025\/09\/sar-tools-2-951x535.png","contentUrl":"https:\/\/sar.fr\/wp-content\/uploads\/2025\/09\/sar-tools-2-951x535.png"},{"@type":"BreadcrumbList","@id":"https:\/\/sar.fr\/nos-expertises\/nos-outils-digitaux\/#breadcrumb","itemListElement":[{"@type":"ListItem","position":1,"name":"Accueil","item":"https:\/\/sar.fr\/"},{"@type":"ListItem","position":2,"name":"NUESTRA EXPERIENCIA","item":"https:\/\/sar.fr\/nos-expertises\/"},{"@type":"ListItem","position":3,"name":"Nuestras herramientas digitales"}]},{"@type":"WebSite","@id":"https:\/\/sar.fr\/#website","url":"https:\/\/sar.fr\/","name":"Sar","description":"","publisher":{"@id":"https:\/\/sar.fr\/#organization"},"potentialAction":[{"@type":"SearchAction","target":{"@type":"EntryPoint","urlTemplate":"https:\/\/sar.fr\/?s={search_term_string}"},"query-input":{"@type":"PropertyValueSpecification","valueRequired":true,"valueName":"search_term_string"}}],"inLanguage":"es"},{"@type":"Organization","@id":"https:\/\/sar.fr\/#organization","name":"Sar","url":"https:\/\/sar.fr\/","logo":{"@type":"ImageObject","inLanguage":"es","@id":"https:\/\/sar.fr\/#\/schema\/logo\/image\/","url":"","contentUrl":"","caption":"Sar"},"image":{"@id":"https:\/\/sar.fr\/#\/schema\/logo\/image\/"}}]}},"_links":{"self":[{"href":"https:\/\/sar.fr\/es\/wp-json\/wp\/v2\/pages\/4663","targetHints":{"allow":["GET"]}}],"collection":[{"href":"https:\/\/sar.fr\/es\/wp-json\/wp\/v2\/pages"}],"about":[{"href":"https:\/\/sar.fr\/es\/wp-json\/wp\/v2\/types\/page"}],"author":[{"embeddable":true,"href":"https:\/\/sar.fr\/es\/wp-json\/wp\/v2\/users\/6"}],"replies":[{"embeddable":true,"href":"https:\/\/sar.fr\/es\/wp-json\/wp\/v2\/comments?post=4663"}],"version-history":[{"count":2,"href":"https:\/\/sar.fr\/es\/wp-json\/wp\/v2\/pages\/4663\/revisions"}],"predecessor-version":[{"id":4942,"href":"https:\/\/sar.fr\/es\/wp-json\/wp\/v2\/pages\/4663\/revisions\/4942"}],"up":[{"embeddable":true,"href":"https:\/\/sar.fr\/es\/wp-json\/wp\/v2\/pages\/4646"}],"wp:attachment":[{"href":"https:\/\/sar.fr\/es\/wp-json\/wp\/v2\/media?parent=4663"}],"curies":[{"name":"wp","href":"https:\/\/api.w.org\/{rel}","templated":true}]}}