{"id":4670,"date":"2025-09-09T13:59:26","date_gmt":"2025-09-09T11:59:26","guid":{"rendered":"https:\/\/sar.fr\/nos-expertises\/nuestros-socios\/"},"modified":"2025-11-03T11:33:57","modified_gmt":"2025-11-03T10:33:57","slug":"nuestros-socios","status":"publish","type":"page","link":"https:\/\/sar.fr\/es\/nos-expertises\/nuestros-socios\/","title":{"rendered":"Nuestros socios"},"content":{"rendered":"\n<p>Para desarrollar su saber hacer en Francia, SAR se apoya en la experiencia de sus socios industriales del grupo VINCI del que forma parte.<\/p>\n\n\n\n<p>Porque el rendimiento tambi\u00e9n es fruto de la sinergia, SAR se rodea de socios industriales reconocidos en equipamientos e ingenier\u00eda vial, que comparten nuestra exigencia de innovaci\u00f3n, calidad y durabilidad. Juntos desarrollamos soluciones complementarias para afrontar los retos t\u00e9cnicos, ambientales y patrimoniales de nuestros clientes. <\/p>\n\n\n\n<div style=\"height:60px\" aria-hidden=\"true\" class=\"wp-block-spacer\"><\/div>\n\n\n\n<div class=\"wp-block-columns are-vertically-aligned-center is-layout-flex wp-container-core-columns-is-layout-9d6595d7 wp-block-columns-is-layout-flex\">\n<div class=\"wp-block-column is-vertically-aligned-center is-layout-flow wp-block-column-is-layout-flow\" style=\"flex-basis:25%\">\n<figure class=\"wp-block-image size-full m-0\"><img loading=\"lazy\" decoding=\"async\" width=\"550\" height=\"200\" src=\"https:\/\/sar.fr\/wp-content\/uploads\/2025\/10\/Euroliners-logo.png\" alt=\"\" class=\"wp-image-4219\" srcset=\"https:\/\/sar.fr\/wp-content\/uploads\/2025\/10\/Euroliners-logo.png 550w, https:\/\/sar.fr\/wp-content\/uploads\/2025\/10\/Euroliners-logo-250x91.png 250w\" sizes=\"auto, (max-width: 550px) 100vw, 550px\" \/><\/figure>\n<\/div>\n\n\n\n<div class=\"wp-block-column is-vertically-aligned-center is-layout-flow wp-block-column-is-layout-flow\" style=\"flex-basis:75%\">\n<h2 class=\"wp-block-heading\">Euroliners : fabricante de equipos de marcado<\/h2>\n\n\n\n<p>Referente en el mercado de equipos de marcado, Euroliners dise\u00f1a, produce y mantiene una gama completa de equipos para la aplicaci\u00f3n de marcados viales. Desde la m\u00e1quina manual para peque\u00f1os trabajos especiales, hasta el cami\u00f3n aplicador para grandes lineales, la migraci\u00f3n a la motorizaci\u00f3n el\u00e9ctrica es un importante eje de desarrollo. <\/p>\n\n\n\n<h3 class=\"wp-block-heading\">Descubra Euroliners: <a href=\"http:\/\/euroliners.fr\" target=\"_blank\" rel=\"noreferrer noopener\">euroliners.fr<\/a><\/h3>\n<\/div>\n<\/div>\n\n\n\n<div style=\"height:60px\" aria-hidden=\"true\" class=\"wp-block-spacer\"><\/div>\n\n\n\n<div class=\"wp-block-columns are-vertically-aligned-center is-layout-flex wp-container-core-columns-is-layout-9d6595d7 wp-block-columns-is-layout-flex\">\n<div class=\"wp-block-column is-vertically-aligned-center is-layout-flow wp-block-column-is-layout-flow\" style=\"flex-basis:25%\"><div class=\"wp-block-image m-0\">\n<figure class=\"aligncenter size-full is-resized\"><img loading=\"lazy\" decoding=\"async\" width=\"1679\" height=\"409\" src=\"https:\/\/sar.fr\/wp-content\/uploads\/2025\/10\/Diagway.png\" alt=\"\" class=\"wp-image-4223\" style=\"width:142px;height:auto\" srcset=\"https:\/\/sar.fr\/wp-content\/uploads\/2025\/10\/Diagway.png 1679w, https:\/\/sar.fr\/wp-content\/uploads\/2025\/10\/Diagway-250x61.png 250w, https:\/\/sar.fr\/wp-content\/uploads\/2025\/10\/Diagway-1600x390.png 1600w, https:\/\/sar.fr\/wp-content\/uploads\/2025\/10\/Diagway-800x195.png 800w, https:\/\/sar.fr\/wp-content\/uploads\/2025\/10\/Diagway-1536x374.png 1536w\" sizes=\"auto, (max-width: 1679px) 100vw, 1679px\" \/><\/figure>\n<\/div>\n\n<div class=\"wp-block-image m-0\">\n<figure class=\"aligncenter size-full is-resized\"><img loading=\"lazy\" decoding=\"async\" width=\"1987\" height=\"409\" src=\"https:\/\/sar.fr\/wp-content\/uploads\/2025\/10\/Roadcare.png\" alt=\"\" class=\"wp-image-4224\" style=\"width:159px;height:auto\" srcset=\"https:\/\/sar.fr\/wp-content\/uploads\/2025\/10\/Roadcare.png 1987w, https:\/\/sar.fr\/wp-content\/uploads\/2025\/10\/Roadcare-250x51.png 250w, https:\/\/sar.fr\/wp-content\/uploads\/2025\/10\/Roadcare-1600x329.png 1600w, https:\/\/sar.fr\/wp-content\/uploads\/2025\/10\/Roadcare-800x165.png 800w, https:\/\/sar.fr\/wp-content\/uploads\/2025\/10\/Roadcare-1536x316.png 1536w\" sizes=\"auto, (max-width: 1987px) 100vw, 1987px\" \/><\/figure>\n<\/div><\/div>\n\n\n\n<div class=\"wp-block-column is-vertically-aligned-center is-layout-flow wp-block-column-is-layout-flow\" style=\"flex-basis:75%\">\n<h2 class=\"wp-block-heading\">Diagway\/Roadcare : especialistas en ingenier\u00eda de carreteras<\/h2>\n\n\n\n<p>Diagway y Roadcare apoyan a los gestores p\u00fablicos y privados en el mantenimiento, la seguridad y la optimizaci\u00f3n de sus activos (viales, industriales y naturales).<br>Diagway proporciona diagn\u00f3stico y asesoramiento sobre infraestructuras de transporte, mientras que Roadcare ofrece una herramienta de autodiagn\u00f3stico basada en inteligencia artificial para anticipar las necesidades y optimizar los presupuestos de mantenimiento.<\/p>\n\n\n\n<h3 class=\"wp-block-heading\">Descubra Diagway y Roadcare: <a href=\"http:\/\/diagway.com\" target=\"_blank\" rel=\"noreferrer noopener\">Diagway.com<\/a><\/h3>\n<\/div>\n<\/div>\n\n\n\n<div style=\"height:40px\" aria-hidden=\"true\" class=\"wp-block-spacer\"><\/div>\n","protected":false},"excerpt":{"rendered":"<p>Para desarrollar su saber hacer en Francia, SAR se apoya en la experiencia de sus socios industriales del grupo VINCI&#8230;<\/p>\n","protected":false},"author":6,"featured_media":0,"parent":4646,"menu_order":22,"comment_status":"closed","ping_status":"closed","template":"","meta":{"_acf_changed":false,"footnotes":""},"class_list":["post-4670","page","type-page","status-publish","hentry"],"acf":[],"yoast_head":"<!-- This site is optimized with the Yoast SEO plugin v27.3 - https:\/\/yoast.com\/product\/yoast-seo-wordpress\/ -->\n<title>Nuestros socios - SAR, Referencia en productos de se\u00f1alizaci\u00f3n vial<\/title>\n<meta name=\"description\" content=\"Descubra los diversos socios de SAR, proveedor l\u00edder de productos de se\u00f1alizaci\u00f3n vial. Nuestros socios nos respaldan con su experiencia.\" \/>\n<meta name=\"robots\" content=\"index, follow, max-snippet:-1, max-image-preview:large, max-video-preview:-1\" \/>\n<link rel=\"canonical\" href=\"https:\/\/sar.fr\/nos-expertises\/nos-partenaires\/\" \/>\n<meta property=\"og:locale\" content=\"es_ES\" \/>\n<meta property=\"og:type\" content=\"article\" \/>\n<meta property=\"og:title\" content=\"Nuestros socios - SAR, Referencia en productos de se\u00f1alizaci\u00f3n vial\" \/>\n<meta property=\"og:description\" content=\"Descubra los diversos socios de SAR, proveedor l\u00edder de productos de se\u00f1alizaci\u00f3n vial. Nuestros socios nos respaldan con su experiencia.\" \/>\n<meta property=\"og:url\" content=\"https:\/\/sar.fr\/nos-expertises\/nos-partenaires\/\" \/>\n<meta property=\"og:site_name\" content=\"SAR\" \/>\n<meta property=\"article:modified_time\" content=\"2025-11-03T10:33:57+00:00\" \/>\n<meta property=\"og:image\" content=\"https:\/\/sar.fr\/wp-content\/uploads\/2025\/10\/Euroliners-logo.png\" \/>\n\t<meta property=\"og:image:width\" content=\"550\" \/>\n\t<meta property=\"og:image:height\" content=\"200\" \/>\n\t<meta property=\"og:image:type\" content=\"image\/png\" \/>\n<meta name=\"twitter:card\" content=\"summary_large_image\" \/>\n<meta name=\"twitter:label1\" content=\"Tiempo de lectura\" \/>\n\t<meta name=\"twitter:data1\" content=\"2 minutos\" \/>\n<script type=\"application\/ld+json\" class=\"yoast-schema-graph\">{\"@context\":\"https:\\\/\\\/schema.org\",\"@graph\":[{\"@type\":\"WebPage\",\"@id\":\"https:\\\/\\\/sar.fr\\\/nos-expertises\\\/nos-partenaires\\\/\",\"url\":\"https:\\\/\\\/sar.fr\\\/nos-expertises\\\/nos-partenaires\\\/\",\"name\":\"Nuestros socios - SAR, Referencia en productos de se\u00f1alizaci\u00f3n vial\",\"isPartOf\":{\"@id\":\"https:\\\/\\\/sar.fr\\\/#website\"},\"primaryImageOfPage\":{\"@id\":\"https:\\\/\\\/sar.fr\\\/nos-expertises\\\/nos-partenaires\\\/#primaryimage\"},\"image\":{\"@id\":\"https:\\\/\\\/sar.fr\\\/nos-expertises\\\/nos-partenaires\\\/#primaryimage\"},\"thumbnailUrl\":\"https:\\\/\\\/sar.fr\\\/wp-content\\\/uploads\\\/2025\\\/10\\\/Euroliners-logo.png\",\"datePublished\":\"2025-09-09T11:59:26+00:00\",\"dateModified\":\"2025-11-03T10:33:57+00:00\",\"description\":\"Descubra los diversos socios de SAR, proveedor l\u00edder de productos de se\u00f1alizaci\u00f3n vial. Nuestros socios nos respaldan con su experiencia.\",\"breadcrumb\":{\"@id\":\"https:\\\/\\\/sar.fr\\\/nos-expertises\\\/nos-partenaires\\\/#breadcrumb\"},\"inLanguage\":\"es\",\"potentialAction\":[{\"@type\":\"ReadAction\",\"target\":[\"https:\\\/\\\/sar.fr\\\/nos-expertises\\\/nos-partenaires\\\/\"]}]},{\"@type\":\"ImageObject\",\"inLanguage\":\"es\",\"@id\":\"https:\\\/\\\/sar.fr\\\/nos-expertises\\\/nos-partenaires\\\/#primaryimage\",\"url\":\"https:\\\/\\\/sar.fr\\\/wp-content\\\/uploads\\\/2025\\\/10\\\/Euroliners-logo.png\",\"contentUrl\":\"https:\\\/\\\/sar.fr\\\/wp-content\\\/uploads\\\/2025\\\/10\\\/Euroliners-logo.png\"},{\"@type\":\"BreadcrumbList\",\"@id\":\"https:\\\/\\\/sar.fr\\\/nos-expertises\\\/nos-partenaires\\\/#breadcrumb\",\"itemListElement\":[{\"@type\":\"ListItem\",\"position\":1,\"name\":\"Accueil\",\"item\":\"https:\\\/\\\/sar.fr\\\/\"},{\"@type\":\"ListItem\",\"position\":2,\"name\":\"NUESTRA EXPERIENCIA\",\"item\":\"https:\\\/\\\/sar.fr\\\/nos-expertises\\\/\"},{\"@type\":\"ListItem\",\"position\":3,\"name\":\"Nuestros socios\"}]},{\"@type\":\"WebSite\",\"@id\":\"https:\\\/\\\/sar.fr\\\/#website\",\"url\":\"https:\\\/\\\/sar.fr\\\/\",\"name\":\"Sar\",\"description\":\"\",\"publisher\":{\"@id\":\"https:\\\/\\\/sar.fr\\\/#organization\"},\"potentialAction\":[{\"@type\":\"SearchAction\",\"target\":{\"@type\":\"EntryPoint\",\"urlTemplate\":\"https:\\\/\\\/sar.fr\\\/?s={search_term_string}\"},\"query-input\":{\"@type\":\"PropertyValueSpecification\",\"valueRequired\":true,\"valueName\":\"search_term_string\"}}],\"inLanguage\":\"es\"},{\"@type\":\"Organization\",\"@id\":\"https:\\\/\\\/sar.fr\\\/#organization\",\"name\":\"Sar\",\"url\":\"https:\\\/\\\/sar.fr\\\/\",\"logo\":{\"@type\":\"ImageObject\",\"inLanguage\":\"es\",\"@id\":\"https:\\\/\\\/sar.fr\\\/#\\\/schema\\\/logo\\\/image\\\/\",\"url\":\"\",\"contentUrl\":\"\",\"caption\":\"Sar\"},\"image\":{\"@id\":\"https:\\\/\\\/sar.fr\\\/#\\\/schema\\\/logo\\\/image\\\/\"}}]}<\/script>\n<!-- \/ Yoast SEO plugin. -->","yoast_head_json":{"title":"Nuestros socios - SAR, Referencia en productos de se\u00f1alizaci\u00f3n vial","description":"Descubra los diversos socios de SAR, proveedor l\u00edder de productos de se\u00f1alizaci\u00f3n vial. Nuestros socios nos respaldan con su experiencia.","robots":{"index":"index","follow":"follow","max-snippet":"max-snippet:-1","max-image-preview":"max-image-preview:large","max-video-preview":"max-video-preview:-1"},"canonical":"https:\/\/sar.fr\/nos-expertises\/nos-partenaires\/","og_locale":"es_ES","og_type":"article","og_title":"Nuestros socios - SAR, Referencia en productos de se\u00f1alizaci\u00f3n vial","og_description":"Descubra los diversos socios de SAR, proveedor l\u00edder de productos de se\u00f1alizaci\u00f3n vial. Nuestros socios nos respaldan con su experiencia.","og_url":"https:\/\/sar.fr\/nos-expertises\/nos-partenaires\/","og_site_name":"SAR","article_modified_time":"2025-11-03T10:33:57+00:00","og_image":[{"width":550,"height":200,"url":"https:\/\/sar.fr\/wp-content\/uploads\/2025\/10\/Euroliners-logo.png","type":"image\/png"}],"twitter_card":"summary_large_image","twitter_misc":{"Tiempo de lectura":"2 minutos"},"schema":{"@context":"https:\/\/schema.org","@graph":[{"@type":"WebPage","@id":"https:\/\/sar.fr\/nos-expertises\/nos-partenaires\/","url":"https:\/\/sar.fr\/nos-expertises\/nos-partenaires\/","name":"Nuestros socios - SAR, Referencia en productos de se\u00f1alizaci\u00f3n vial","isPartOf":{"@id":"https:\/\/sar.fr\/#website"},"primaryImageOfPage":{"@id":"https:\/\/sar.fr\/nos-expertises\/nos-partenaires\/#primaryimage"},"image":{"@id":"https:\/\/sar.fr\/nos-expertises\/nos-partenaires\/#primaryimage"},"thumbnailUrl":"https:\/\/sar.fr\/wp-content\/uploads\/2025\/10\/Euroliners-logo.png","datePublished":"2025-09-09T11:59:26+00:00","dateModified":"2025-11-03T10:33:57+00:00","description":"Descubra los diversos socios de SAR, proveedor l\u00edder de productos de se\u00f1alizaci\u00f3n vial. Nuestros socios nos respaldan con su experiencia.","breadcrumb":{"@id":"https:\/\/sar.fr\/nos-expertises\/nos-partenaires\/#breadcrumb"},"inLanguage":"es","potentialAction":[{"@type":"ReadAction","target":["https:\/\/sar.fr\/nos-expertises\/nos-partenaires\/"]}]},{"@type":"ImageObject","inLanguage":"es","@id":"https:\/\/sar.fr\/nos-expertises\/nos-partenaires\/#primaryimage","url":"https:\/\/sar.fr\/wp-content\/uploads\/2025\/10\/Euroliners-logo.png","contentUrl":"https:\/\/sar.fr\/wp-content\/uploads\/2025\/10\/Euroliners-logo.png"},{"@type":"BreadcrumbList","@id":"https:\/\/sar.fr\/nos-expertises\/nos-partenaires\/#breadcrumb","itemListElement":[{"@type":"ListItem","position":1,"name":"Accueil","item":"https:\/\/sar.fr\/"},{"@type":"ListItem","position":2,"name":"NUESTRA EXPERIENCIA","item":"https:\/\/sar.fr\/nos-expertises\/"},{"@type":"ListItem","position":3,"name":"Nuestros socios"}]},{"@type":"WebSite","@id":"https:\/\/sar.fr\/#website","url":"https:\/\/sar.fr\/","name":"Sar","description":"","publisher":{"@id":"https:\/\/sar.fr\/#organization"},"potentialAction":[{"@type":"SearchAction","target":{"@type":"EntryPoint","urlTemplate":"https:\/\/sar.fr\/?s={search_term_string}"},"query-input":{"@type":"PropertyValueSpecification","valueRequired":true,"valueName":"search_term_string"}}],"inLanguage":"es"},{"@type":"Organization","@id":"https:\/\/sar.fr\/#organization","name":"Sar","url":"https:\/\/sar.fr\/","logo":{"@type":"ImageObject","inLanguage":"es","@id":"https:\/\/sar.fr\/#\/schema\/logo\/image\/","url":"","contentUrl":"","caption":"Sar"},"image":{"@id":"https:\/\/sar.fr\/#\/schema\/logo\/image\/"}}]}},"_links":{"self":[{"href":"https:\/\/sar.fr\/es\/wp-json\/wp\/v2\/pages\/4670","targetHints":{"allow":["GET"]}}],"collection":[{"href":"https:\/\/sar.fr\/es\/wp-json\/wp\/v2\/pages"}],"about":[{"href":"https:\/\/sar.fr\/es\/wp-json\/wp\/v2\/types\/page"}],"author":[{"embeddable":true,"href":"https:\/\/sar.fr\/es\/wp-json\/wp\/v2\/users\/6"}],"replies":[{"embeddable":true,"href":"https:\/\/sar.fr\/es\/wp-json\/wp\/v2\/comments?post=4670"}],"version-history":[{"count":2,"href":"https:\/\/sar.fr\/es\/wp-json\/wp\/v2\/pages\/4670\/revisions"}],"predecessor-version":[{"id":4952,"href":"https:\/\/sar.fr\/es\/wp-json\/wp\/v2\/pages\/4670\/revisions\/4952"}],"up":[{"embeddable":true,"href":"https:\/\/sar.fr\/es\/wp-json\/wp\/v2\/pages\/4646"}],"wp:attachment":[{"href":"https:\/\/sar.fr\/es\/wp-json\/wp\/v2\/media?parent=4670"}],"curies":[{"name":"wp","href":"https:\/\/api.w.org\/{rel}","templated":true}]}}