{"id":4675,"date":"2025-07-08T14:26:13","date_gmt":"2025-07-08T12:26:13","guid":{"rendered":"https:\/\/sar.fr\/nuestra-documentacion\/"},"modified":"2025-12-23T10:47:04","modified_gmt":"2025-12-23T09:47:04","slug":"nuestra-documentacion","status":"publish","type":"page","link":"https:\/\/sar.fr\/es\/nuestra-documentacion\/","title":{"rendered":"Nuestra documentaci\u00f3n"},"content":{"rendered":"","protected":false},"excerpt":{"rendered":"","protected":false},"author":1,"featured_media":0,"parent":0,"menu_order":27,"comment_status":"closed","ping_status":"closed","template":"page-documentation.php","meta":{"_acf_changed":false,"footnotes":""},"class_list":["post-4675","page","type-page","status-publish","hentry"],"acf":[],"yoast_head":"<!-- This site is optimized with the Yoast SEO plugin v27.4 - https:\/\/yoast.com\/product\/yoast-seo-wordpress\/ -->\n<title>Nuestra documentaci\u00f3n - SAR, Referencia en productos de se\u00f1alizaci\u00f3n vial<\/title>\n<meta name=\"description\" content=\"Descubra toda nuestra documentaci\u00f3n. Toda la documentaci\u00f3n SAR est\u00e1 disponible para consultar y descargar en l\u00ednea en nuestro sitio web.\" \/>\n<meta name=\"robots\" content=\"index, follow, max-snippet:-1, max-image-preview:large, max-video-preview:-1\" \/>\n<link rel=\"canonical\" href=\"https:\/\/sar.fr\/es\/nuestra-documentacion\/\" \/>\n<meta property=\"og:locale\" content=\"es_ES\" \/>\n<meta property=\"og:type\" content=\"article\" \/>\n<meta property=\"og:title\" content=\"Nuestra documentaci\u00f3n - SAR, Referencia en productos de se\u00f1alizaci\u00f3n vial\" \/>\n<meta property=\"og:description\" content=\"Descubra toda nuestra documentaci\u00f3n. Toda la documentaci\u00f3n SAR est\u00e1 disponible para consultar y descargar en l\u00ednea en nuestro sitio web.\" \/>\n<meta property=\"og:url\" content=\"https:\/\/sar.fr\/es\/nuestra-documentacion\/\" \/>\n<meta property=\"og:site_name\" content=\"SAR\" \/>\n<meta property=\"article:modified_time\" content=\"2025-12-23T09:47:04+00:00\" \/>\n<meta name=\"twitter:card\" content=\"summary_large_image\" \/>\n<script type=\"application\/ld+json\" class=\"yoast-schema-graph\">{\"@context\":\"https:\\\/\\\/schema.org\",\"@graph\":[{\"@type\":\"WebPage\",\"@id\":\"https:\\\/\\\/sar.fr\\\/es\\\/nuestra-documentacion\\\/\",\"url\":\"https:\\\/\\\/sar.fr\\\/es\\\/nuestra-documentacion\\\/\",\"name\":\"Nuestra documentaci\u00f3n - SAR, Referencia en productos de se\u00f1alizaci\u00f3n vial\",\"isPartOf\":{\"@id\":\"https:\\\/\\\/sar.fr\\\/#website\"},\"datePublished\":\"2025-07-08T12:26:13+00:00\",\"dateModified\":\"2025-12-23T09:47:04+00:00\",\"description\":\"Descubra toda nuestra documentaci\u00f3n. Toda la documentaci\u00f3n SAR est\u00e1 disponible para consultar y descargar en l\u00ednea en nuestro sitio web.\",\"breadcrumb\":{\"@id\":\"https:\\\/\\\/sar.fr\\\/es\\\/nuestra-documentacion\\\/#breadcrumb\"},\"inLanguage\":\"es\",\"potentialAction\":[{\"@type\":\"ReadAction\",\"target\":[\"https:\\\/\\\/sar.fr\\\/es\\\/nuestra-documentacion\\\/\"]}]},{\"@type\":\"BreadcrumbList\",\"@id\":\"https:\\\/\\\/sar.fr\\\/es\\\/nuestra-documentacion\\\/#breadcrumb\",\"itemListElement\":[{\"@type\":\"ListItem\",\"position\":1,\"name\":\"Accueil\",\"item\":\"https:\\\/\\\/sar.fr\\\/\"},{\"@type\":\"ListItem\",\"position\":2,\"name\":\"Nuestra documentaci\u00f3n\"}]},{\"@type\":\"WebSite\",\"@id\":\"https:\\\/\\\/sar.fr\\\/#website\",\"url\":\"https:\\\/\\\/sar.fr\\\/\",\"name\":\"Sar\",\"description\":\"\",\"publisher\":{\"@id\":\"https:\\\/\\\/sar.fr\\\/#organization\"},\"potentialAction\":[{\"@type\":\"SearchAction\",\"target\":{\"@type\":\"EntryPoint\",\"urlTemplate\":\"https:\\\/\\\/sar.fr\\\/?s={search_term_string}\"},\"query-input\":{\"@type\":\"PropertyValueSpecification\",\"valueRequired\":true,\"valueName\":\"search_term_string\"}}],\"inLanguage\":\"es\"},{\"@type\":\"Organization\",\"@id\":\"https:\\\/\\\/sar.fr\\\/#organization\",\"name\":\"Sar\",\"url\":\"https:\\\/\\\/sar.fr\\\/\",\"logo\":{\"@type\":\"ImageObject\",\"inLanguage\":\"es\",\"@id\":\"https:\\\/\\\/sar.fr\\\/#\\\/schema\\\/logo\\\/image\\\/\",\"url\":\"\",\"contentUrl\":\"\",\"caption\":\"Sar\"},\"image\":{\"@id\":\"https:\\\/\\\/sar.fr\\\/#\\\/schema\\\/logo\\\/image\\\/\"}}]}<\/script>\n<!-- \/ Yoast SEO plugin. -->","yoast_head_json":{"title":"Nuestra documentaci\u00f3n - SAR, Referencia en productos de se\u00f1alizaci\u00f3n vial","description":"Descubra toda nuestra documentaci\u00f3n. Toda la documentaci\u00f3n SAR est\u00e1 disponible para consultar y descargar en l\u00ednea en nuestro sitio web.","robots":{"index":"index","follow":"follow","max-snippet":"max-snippet:-1","max-image-preview":"max-image-preview:large","max-video-preview":"max-video-preview:-1"},"canonical":"https:\/\/sar.fr\/es\/nuestra-documentacion\/","og_locale":"es_ES","og_type":"article","og_title":"Nuestra documentaci\u00f3n - SAR, Referencia en productos de se\u00f1alizaci\u00f3n vial","og_description":"Descubra toda nuestra documentaci\u00f3n. Toda la documentaci\u00f3n SAR est\u00e1 disponible para consultar y descargar en l\u00ednea en nuestro sitio web.","og_url":"https:\/\/sar.fr\/es\/nuestra-documentacion\/","og_site_name":"SAR","article_modified_time":"2025-12-23T09:47:04+00:00","twitter_card":"summary_large_image","schema":{"@context":"https:\/\/schema.org","@graph":[{"@type":"WebPage","@id":"https:\/\/sar.fr\/es\/nuestra-documentacion\/","url":"https:\/\/sar.fr\/es\/nuestra-documentacion\/","name":"Nuestra documentaci\u00f3n - SAR, Referencia en productos de se\u00f1alizaci\u00f3n vial","isPartOf":{"@id":"https:\/\/sar.fr\/#website"},"datePublished":"2025-07-08T12:26:13+00:00","dateModified":"2025-12-23T09:47:04+00:00","description":"Descubra toda nuestra documentaci\u00f3n. Toda la documentaci\u00f3n SAR est\u00e1 disponible para consultar y descargar en l\u00ednea en nuestro sitio web.","breadcrumb":{"@id":"https:\/\/sar.fr\/es\/nuestra-documentacion\/#breadcrumb"},"inLanguage":"es","potentialAction":[{"@type":"ReadAction","target":["https:\/\/sar.fr\/es\/nuestra-documentacion\/"]}]},{"@type":"BreadcrumbList","@id":"https:\/\/sar.fr\/es\/nuestra-documentacion\/#breadcrumb","itemListElement":[{"@type":"ListItem","position":1,"name":"Accueil","item":"https:\/\/sar.fr\/"},{"@type":"ListItem","position":2,"name":"Nuestra documentaci\u00f3n"}]},{"@type":"WebSite","@id":"https:\/\/sar.fr\/#website","url":"https:\/\/sar.fr\/","name":"Sar","description":"","publisher":{"@id":"https:\/\/sar.fr\/#organization"},"potentialAction":[{"@type":"SearchAction","target":{"@type":"EntryPoint","urlTemplate":"https:\/\/sar.fr\/?s={search_term_string}"},"query-input":{"@type":"PropertyValueSpecification","valueRequired":true,"valueName":"search_term_string"}}],"inLanguage":"es"},{"@type":"Organization","@id":"https:\/\/sar.fr\/#organization","name":"Sar","url":"https:\/\/sar.fr\/","logo":{"@type":"ImageObject","inLanguage":"es","@id":"https:\/\/sar.fr\/#\/schema\/logo\/image\/","url":"","contentUrl":"","caption":"Sar"},"image":{"@id":"https:\/\/sar.fr\/#\/schema\/logo\/image\/"}}]}},"_links":{"self":[{"href":"https:\/\/sar.fr\/es\/wp-json\/wp\/v2\/pages\/4675","targetHints":{"allow":["GET"]}}],"collection":[{"href":"https:\/\/sar.fr\/es\/wp-json\/wp\/v2\/pages"}],"about":[{"href":"https:\/\/sar.fr\/es\/wp-json\/wp\/v2\/types\/page"}],"author":[{"embeddable":true,"href":"https:\/\/sar.fr\/es\/wp-json\/wp\/v2\/users\/1"}],"replies":[{"embeddable":true,"href":"https:\/\/sar.fr\/es\/wp-json\/wp\/v2\/comments?post=4675"}],"version-history":[{"count":7,"href":"https:\/\/sar.fr\/es\/wp-json\/wp\/v2\/pages\/4675\/revisions"}],"predecessor-version":[{"id":5987,"href":"https:\/\/sar.fr\/es\/wp-json\/wp\/v2\/pages\/4675\/revisions\/5987"}],"wp:attachment":[{"href":"https:\/\/sar.fr\/es\/wp-json\/wp\/v2\/media?parent=4675"}],"curies":[{"name":"wp","href":"https:\/\/api.w.org\/{rel}","templated":true}]}}