{"id":4680,"date":"2025-07-09T15:06:45","date_gmt":"2025-07-09T13:06:45","guid":{"rendered":"https:\/\/sar.fr\/nuestra-documentacion\/consejos-de-aplicacion\/"},"modified":"2025-10-27T15:43:47","modified_gmt":"2025-10-27T14:43:47","slug":"consejos-de-aplicacion","status":"publish","type":"page","link":"https:\/\/sar.fr\/es\/nuestra-documentacion\/consejos-de-aplicacion\/","title":{"rendered":"Consejos de aplicaci\u00f3n"},"content":{"rendered":"\n<p>Aqu\u00ed encontrar\u00e1 nuestros consejos de aplicaci\u00f3n personalizados para todos nuestros tipos de productos.<\/p>\n\n<p>Puede descargar nuestras fichas que reagrupan las buenas pr\u00e1cticas en cada secci\u00f3n.<\/p>\n\n<div class=\"wp-block-columns is-layout-flex wp-container-core-columns-is-layout-9d6595d7 wp-block-columns-is-layout-flex\">\n<div class=\"wp-block-column is-layout-flow wp-block-column-is-layout-flow\"><div class=\"bloc-link\">\n    <a href=\"https:\/\/sar.fr\/wp-content\/uploads\/2025\/09\/Fiche-application-BAO-BEV.pdf\" target=\"_blank\" style=\"text-decoration-color: #ffffff !important;\">\n        <div class=\"call-to-action\" style=\"background-color: #014189;\">\n            <div class=\"content\">\n                <i class=\"picto wow fadeInLeft\" style=\"background-image: url(https:\/\/sar.fr\/wp-content\/uploads\/2025\/05\/Plaque-Publicitaire-250x250.png)\"><\/i>\n                <span class=\"wow fadeInDown\" style=\"color: #ffffff !important;\">\n                    <p>Fiche application BAO BEV<\/p>\n                <\/span>\n            <\/div>\n        <\/div>\n    <\/a>\n<\/div>\n\n<div class=\"bloc-link\">\n    <a href=\"https:\/\/sar.fr\/wp-content\/uploads\/2025\/09\/Fiche-application-EAC.pdf\" target=\"_blank\" style=\"text-decoration-color: #ffffff !important;\">\n        <div class=\"call-to-action\" style=\"background-color: #014189;\">\n            <div class=\"content\">\n                <i class=\"picto wow fadeInLeft\" style=\"background-image: url(https:\/\/sar.fr\/wp-content\/uploads\/2025\/05\/Plaque-Publicitaire-250x250.png)\"><\/i>\n                <span class=\"wow fadeInDown\" style=\"color: #ffffff !important;\">\n                    <p>Fiche application EAC<\/p>\n                <\/span>\n            <\/div>\n        <\/div>\n    <\/a>\n<\/div>\n\n<div class=\"bloc-link\">\n    <a href=\"https:\/\/sar.fr\/wp-content\/uploads\/2025\/09\/Fiche-application-injection.pdf\" target=\"_blank\" style=\"text-decoration-color: #ffffff !important;\">\n        <div class=\"call-to-action\" style=\"background-color: #014189;\">\n            <div class=\"content\">\n                <i class=\"picto wow fadeInLeft\" style=\"background-image: url(https:\/\/sar.fr\/wp-content\/uploads\/2025\/05\/Plaque-Publicitaire-250x250.png)\"><\/i>\n                <span class=\"wow fadeInDown\" style=\"color: #ffffff !important;\">\n                    <p>Fiche application injection<\/p>\n                <\/span>\n            <\/div>\n        <\/div>\n    <\/a>\n<\/div>\n\n<div class=\"bloc-link\">\n    <a href=\"https:\/\/sar.fr\/wp-content\/uploads\/2025\/09\/Fiche-application-PR2K.pdf\" target=\"_blank\" style=\"text-decoration-color: #ffffff !important;\">\n        <div class=\"call-to-action\" style=\"background-color: #014189;\">\n            <div class=\"content\">\n                <i class=\"picto wow fadeInLeft\" style=\"background-image: url(https:\/\/sar.fr\/wp-content\/uploads\/2025\/05\/Plaque-Publicitaire-250x250.png)\"><\/i>\n                <span class=\"wow fadeInDown\" style=\"color: #ffffff !important;\">\n                    <p>Fiche application PR2K<\/p>\n                <\/span>\n            <\/div>\n        <\/div>\n    <\/a>\n<\/div>\n\n<div class=\"bloc-link\">\n    <a href=\"https:\/\/sar.fr\/wp-content\/uploads\/2025\/09\/Fiche-application-PS.pdf\" target=\"_blank\" style=\"text-decoration-color: #ffffff !important;\">\n        <div class=\"call-to-action\" style=\"background-color: #014189;\">\n            <div class=\"content\">\n                <i class=\"picto wow fadeInLeft\" style=\"background-image: url(https:\/\/sar.fr\/wp-content\/uploads\/2025\/05\/Plaque-Publicitaire-250x250.png)\"><\/i>\n                <span class=\"wow fadeInDown\" style=\"color: #ffffff !important;\">\n                    <p>Fiche application PS<\/p>\n                <\/span>\n            <\/div>\n        <\/div>\n    <\/a>\n<\/div><\/div>\n\n\n\n<div class=\"wp-block-column is-layout-flow wp-block-column-is-layout-flow\"><div class=\"bloc-link\">\n    <a href=\"https:\/\/sar.fr\/wp-content\/uploads\/2025\/09\/Fiche-application-EA.pdf\" target=\"_blank\" style=\"text-decoration-color: #ffffff !important;\">\n        <div class=\"call-to-action\" style=\"background-color: #014189;\">\n            <div class=\"content\">\n                <i class=\"picto wow fadeInLeft\" style=\"background-image: url(https:\/\/sar.fr\/wp-content\/uploads\/2025\/05\/Plaque-Publicitaire-250x250.png)\"><\/i>\n                <span class=\"wow fadeInDown\" style=\"color: #ffffff !important;\">\n                    <p>Fiche application EA<\/p>\n                <\/span>\n            <\/div>\n        <\/div>\n    <\/a>\n<\/div>\n\n<div class=\"bloc-link\">\n    <a href=\"https:\/\/sar.fr\/wp-content\/uploads\/2025\/09\/Fiche-application-EAF-a-leau.pdf\" target=\"_blank\" style=\"text-decoration-color: #ffffff !important;\">\n        <div class=\"call-to-action\" style=\"background-color: #014189;\">\n            <div class=\"content\">\n                <i class=\"picto wow fadeInLeft\" style=\"background-image: url(https:\/\/sar.fr\/wp-content\/uploads\/2025\/05\/Plaque-Publicitaire-250x250.png)\"><\/i>\n                <span class=\"wow fadeInDown\" style=\"color: #ffffff !important;\">\n                    <p>Fiche application EAF a\u0300 leau<\/p>\n                <\/span>\n            <\/div>\n        <\/div>\n    <\/a>\n<\/div>\n\n<div class=\"bloc-link\">\n    <a href=\"https:\/\/sar.fr\/wp-content\/uploads\/2025\/09\/Fiche-application-PAE.pdf\" target=\"_blank\" style=\"text-decoration-color: #ffffff !important;\">\n        <div class=\"call-to-action\" style=\"background-color: #014189;\">\n            <div class=\"content\">\n                <i class=\"picto wow fadeInLeft\" style=\"background-image: url(https:\/\/sar.fr\/wp-content\/uploads\/2025\/05\/Plaque-Publicitaire-250x250.png)\"><\/i>\n                <span class=\"wow fadeInDown\" style=\"color: #ffffff !important;\">\n                    <p>Fiche application PAE<\/p>\n                <\/span>\n            <\/div>\n        <\/div>\n    <\/a>\n<\/div>\n\n<div class=\"bloc-link\">\n    <a href=\"https:\/\/sar.fr\/wp-content\/uploads\/2025\/09\/Fiche-application-primaire-daccrochage.pdf\" target=\"_blank\" style=\"text-decoration-color: #ffffff !important;\">\n        <div class=\"call-to-action\" style=\"background-color: #014189;\">\n            <div class=\"content\">\n                <i class=\"picto wow fadeInLeft\" style=\"background-image: url(https:\/\/sar.fr\/wp-content\/uploads\/2025\/05\/Plaque-Publicitaire-250x250.png)\"><\/i>\n                <span class=\"wow fadeInDown\" style=\"color: #ffffff !important;\">\n                    <p>Fiche application primaire d&#8217;accrochage<\/p>\n                <\/span>\n            <\/div>\n        <\/div>\n    <\/a>\n<\/div>\n\n<div class=\"bloc-link\">\n    <a href=\"https:\/\/sar.fr\/wp-content\/uploads\/2025\/09\/Fiche-application-peinture-a-leau.pdf\" target=\"_blank\" style=\"text-decoration-color: #ffffff !important;\">\n        <div class=\"call-to-action\" style=\"background-color: #014189;\">\n            <div class=\"content\">\n                <i class=\"picto wow fadeInLeft\" style=\"background-image: url(https:\/\/sar.fr\/wp-content\/uploads\/2025\/05\/Plaque-Publicitaire-250x250.png)\"><\/i>\n                <span class=\"wow fadeInDown\" style=\"color: #ffffff !important;\">\n                    <p>Fiche application peinture \u00e0 l&#8217;eau<\/p>\n                <\/span>\n            <\/div>\n        <\/div>\n    <\/a>\n<\/div><\/div>\n<\/div>\n\n<div style=\"height:40px\" aria-hidden=\"true\" class=\"wp-block-spacer\"><\/div>\n\n<div class=\"wp-block-buttons is-content-justification-center is-layout-flex wp-container-core-buttons-is-layout-16018d1d wp-block-buttons-is-layout-flex\">\n<div class=\"wp-block-button btn-red\"><a class=\"wp-block-button__link wp-element-button\" href=\"https:\/\/sar.fr\/notre-documentation\/\">Volver a toda la documentaci\u00f3n<\/a><\/div>\n<\/div>\n","protected":false},"excerpt":{"rendered":"<p>Aqu\u00ed encontrar\u00e1 nuestros consejos de aplicaci\u00f3n personalizados para todos nuestros tipos de productos. Puede descargar nuestras fichas que reagrupan las&#8230;<\/p>\n","protected":false},"author":1,"featured_media":0,"parent":4675,"menu_order":30,"comment_status":"closed","ping_status":"closed","template":"tpl-telechargement.php","meta":{"_acf_changed":false,"footnotes":""},"class_list":["post-4680","page","type-page","status-publish","hentry"],"acf":[],"yoast_head":"<!-- This site is optimized with the Yoast SEO plugin v27.4 - https:\/\/yoast.com\/product\/yoast-seo-wordpress\/ -->\n<title>Consejos de aplicaci\u00f3n - SAR<\/title>\n<meta name=\"robots\" content=\"index, follow, max-snippet:-1, max-image-preview:large, max-video-preview:-1\" \/>\n<link rel=\"canonical\" href=\"https:\/\/sar.fr\/es\/nuestra-documentacion\/consejos-de-aplicacion\/\" \/>\n<meta property=\"og:locale\" content=\"es_ES\" \/>\n<meta property=\"og:type\" content=\"article\" \/>\n<meta property=\"og:title\" content=\"Consejos de aplicaci\u00f3n - SAR\" \/>\n<meta property=\"og:description\" content=\"Aqu\u00ed encontrar\u00e1 nuestros consejos de aplicaci\u00f3n personalizados para todos nuestros tipos de productos. Puede descargar nuestras fichas que reagrupan las...\" \/>\n<meta property=\"og:url\" content=\"https:\/\/sar.fr\/es\/nuestra-documentacion\/consejos-de-aplicacion\/\" \/>\n<meta property=\"og:site_name\" content=\"SAR\" \/>\n<meta property=\"article:modified_time\" content=\"2025-10-27T14:43:47+00:00\" \/>\n<meta name=\"twitter:card\" content=\"summary_large_image\" \/>\n<script type=\"application\/ld+json\" class=\"yoast-schema-graph\">{\"@context\":\"https:\\\/\\\/schema.org\",\"@graph\":[{\"@type\":\"WebPage\",\"@id\":\"https:\\\/\\\/sar.fr\\\/es\\\/nuestra-documentacion\\\/consejos-de-aplicacion\\\/\",\"url\":\"https:\\\/\\\/sar.fr\\\/es\\\/nuestra-documentacion\\\/consejos-de-aplicacion\\\/\",\"name\":\"Consejos de aplicaci\u00f3n - SAR\",\"isPartOf\":{\"@id\":\"https:\\\/\\\/sar.fr\\\/#website\"},\"datePublished\":\"2025-07-09T13:06:45+00:00\",\"dateModified\":\"2025-10-27T14:43:47+00:00\",\"breadcrumb\":{\"@id\":\"https:\\\/\\\/sar.fr\\\/es\\\/nuestra-documentacion\\\/consejos-de-aplicacion\\\/#breadcrumb\"},\"inLanguage\":\"es\",\"potentialAction\":[{\"@type\":\"ReadAction\",\"target\":[\"https:\\\/\\\/sar.fr\\\/es\\\/nuestra-documentacion\\\/consejos-de-aplicacion\\\/\"]}]},{\"@type\":\"BreadcrumbList\",\"@id\":\"https:\\\/\\\/sar.fr\\\/es\\\/nuestra-documentacion\\\/consejos-de-aplicacion\\\/#breadcrumb\",\"itemListElement\":[{\"@type\":\"ListItem\",\"position\":1,\"name\":\"Accueil\",\"item\":\"https:\\\/\\\/sar.fr\\\/\"},{\"@type\":\"ListItem\",\"position\":2,\"name\":\"Nuestra documentaci\u00f3n\",\"item\":\"https:\\\/\\\/sar.fr\\\/es\\\/nuestra-documentacion\\\/\"},{\"@type\":\"ListItem\",\"position\":3,\"name\":\"Consejos de aplicaci\u00f3n\"}]},{\"@type\":\"WebSite\",\"@id\":\"https:\\\/\\\/sar.fr\\\/#website\",\"url\":\"https:\\\/\\\/sar.fr\\\/\",\"name\":\"Sar\",\"description\":\"\",\"publisher\":{\"@id\":\"https:\\\/\\\/sar.fr\\\/#organization\"},\"potentialAction\":[{\"@type\":\"SearchAction\",\"target\":{\"@type\":\"EntryPoint\",\"urlTemplate\":\"https:\\\/\\\/sar.fr\\\/?s={search_term_string}\"},\"query-input\":{\"@type\":\"PropertyValueSpecification\",\"valueRequired\":true,\"valueName\":\"search_term_string\"}}],\"inLanguage\":\"es\"},{\"@type\":\"Organization\",\"@id\":\"https:\\\/\\\/sar.fr\\\/#organization\",\"name\":\"Sar\",\"url\":\"https:\\\/\\\/sar.fr\\\/\",\"logo\":{\"@type\":\"ImageObject\",\"inLanguage\":\"es\",\"@id\":\"https:\\\/\\\/sar.fr\\\/#\\\/schema\\\/logo\\\/image\\\/\",\"url\":\"\",\"contentUrl\":\"\",\"caption\":\"Sar\"},\"image\":{\"@id\":\"https:\\\/\\\/sar.fr\\\/#\\\/schema\\\/logo\\\/image\\\/\"}}]}<\/script>\n<!-- \/ Yoast SEO plugin. -->","yoast_head_json":{"title":"Consejos de aplicaci\u00f3n - SAR","robots":{"index":"index","follow":"follow","max-snippet":"max-snippet:-1","max-image-preview":"max-image-preview:large","max-video-preview":"max-video-preview:-1"},"canonical":"https:\/\/sar.fr\/es\/nuestra-documentacion\/consejos-de-aplicacion\/","og_locale":"es_ES","og_type":"article","og_title":"Consejos de aplicaci\u00f3n - SAR","og_description":"Aqu\u00ed encontrar\u00e1 nuestros consejos de aplicaci\u00f3n personalizados para todos nuestros tipos de productos. Puede descargar nuestras fichas que reagrupan las...","og_url":"https:\/\/sar.fr\/es\/nuestra-documentacion\/consejos-de-aplicacion\/","og_site_name":"SAR","article_modified_time":"2025-10-27T14:43:47+00:00","twitter_card":"summary_large_image","schema":{"@context":"https:\/\/schema.org","@graph":[{"@type":"WebPage","@id":"https:\/\/sar.fr\/es\/nuestra-documentacion\/consejos-de-aplicacion\/","url":"https:\/\/sar.fr\/es\/nuestra-documentacion\/consejos-de-aplicacion\/","name":"Consejos de aplicaci\u00f3n - SAR","isPartOf":{"@id":"https:\/\/sar.fr\/#website"},"datePublished":"2025-07-09T13:06:45+00:00","dateModified":"2025-10-27T14:43:47+00:00","breadcrumb":{"@id":"https:\/\/sar.fr\/es\/nuestra-documentacion\/consejos-de-aplicacion\/#breadcrumb"},"inLanguage":"es","potentialAction":[{"@type":"ReadAction","target":["https:\/\/sar.fr\/es\/nuestra-documentacion\/consejos-de-aplicacion\/"]}]},{"@type":"BreadcrumbList","@id":"https:\/\/sar.fr\/es\/nuestra-documentacion\/consejos-de-aplicacion\/#breadcrumb","itemListElement":[{"@type":"ListItem","position":1,"name":"Accueil","item":"https:\/\/sar.fr\/"},{"@type":"ListItem","position":2,"name":"Nuestra documentaci\u00f3n","item":"https:\/\/sar.fr\/es\/nuestra-documentacion\/"},{"@type":"ListItem","position":3,"name":"Consejos de aplicaci\u00f3n"}]},{"@type":"WebSite","@id":"https:\/\/sar.fr\/#website","url":"https:\/\/sar.fr\/","name":"Sar","description":"","publisher":{"@id":"https:\/\/sar.fr\/#organization"},"potentialAction":[{"@type":"SearchAction","target":{"@type":"EntryPoint","urlTemplate":"https:\/\/sar.fr\/?s={search_term_string}"},"query-input":{"@type":"PropertyValueSpecification","valueRequired":true,"valueName":"search_term_string"}}],"inLanguage":"es"},{"@type":"Organization","@id":"https:\/\/sar.fr\/#organization","name":"Sar","url":"https:\/\/sar.fr\/","logo":{"@type":"ImageObject","inLanguage":"es","@id":"https:\/\/sar.fr\/#\/schema\/logo\/image\/","url":"","contentUrl":"","caption":"Sar"},"image":{"@id":"https:\/\/sar.fr\/#\/schema\/logo\/image\/"}}]}},"_links":{"self":[{"href":"https:\/\/sar.fr\/es\/wp-json\/wp\/v2\/pages\/4680","targetHints":{"allow":["GET"]}}],"collection":[{"href":"https:\/\/sar.fr\/es\/wp-json\/wp\/v2\/pages"}],"about":[{"href":"https:\/\/sar.fr\/es\/wp-json\/wp\/v2\/types\/page"}],"author":[{"embeddable":true,"href":"https:\/\/sar.fr\/es\/wp-json\/wp\/v2\/users\/1"}],"replies":[{"embeddable":true,"href":"https:\/\/sar.fr\/es\/wp-json\/wp\/v2\/comments?post=4680"}],"version-history":[{"count":1,"href":"https:\/\/sar.fr\/es\/wp-json\/wp\/v2\/pages\/4680\/revisions"}],"predecessor-version":[{"id":4681,"href":"https:\/\/sar.fr\/es\/wp-json\/wp\/v2\/pages\/4680\/revisions\/4681"}],"up":[{"embeddable":true,"href":"https:\/\/sar.fr\/es\/wp-json\/wp\/v2\/pages\/4675"}],"wp:attachment":[{"href":"https:\/\/sar.fr\/es\/wp-json\/wp\/v2\/media?parent=4680"}],"curies":[{"name":"wp","href":"https:\/\/api.w.org\/{rel}","templated":true}]}}