{"id":4684,"date":"2025-05-28T14:53:57","date_gmt":"2025-05-28T12:53:57","guid":{"rendered":"https:\/\/sar.fr\/nuestros-productos\/nuestra-gama-francia\/"},"modified":"2025-10-27T15:47:27","modified_gmt":"2025-10-27T14:47:27","slug":"nuestra-gama-francia","status":"publish","type":"page","link":"https:\/\/sar.fr\/es\/nuestros-productos\/nuestra-gama-francia\/","title":{"rendered":"Nuestra gama Francia"},"content":{"rendered":"\n<div class=\"wp-block-columns is-layout-flex wp-container-core-columns-is-layout-9d6595d7 wp-block-columns-is-layout-flex\">\n<div class=\"wp-block-column is-layout-flow wp-block-column-is-layout-flow\">\n<div class=\"wp-block-media-text alignwide is-stacked-on-mobile is-image-fill-element reveal has-background\" style=\"background-color:#abb7c21f;grid-template-columns:20% auto\"><figure class=\"wp-block-media-text__media\"><img decoding=\"async\" src=\"https:\/\/sar.fr\/wp-content\/uploads\/2025\/06\/Corbeille-Madrid-Banc-Safran-713x535.jpeg\" alt=\"\" class=\"wp-image-2801 size-full\" style=\"object-position:32% 6%\"\/><\/figure><div class=\"wp-block-media-text__content\">\n<p>Equipar un espacio p\u00fablico exterior con mobiliario urbano requiere tener en cuenta varios aspectos: proximidad a las v\u00edas de comunicaci\u00f3n, riesgos de actos maliciosos, accesibilidad, corrosi\u00f3n de los materiales, condiciones clim\u00e1ticas, exigencias del plan Vigipirate, nuevos usos, impactos ambientales, etc.<\/p>\n<\/div><\/div>\n<\/div>\n<\/div>\n\n<div style=\"height:48px\" aria-hidden=\"true\" class=\"wp-block-spacer\"><\/div>\n\n<p><\/p>\n","protected":false},"excerpt":{"rendered":"<p>Equipar un espacio p\u00fablico exterior con mobiliario urbano requiere tener en cuenta varios aspectos: proximidad a las v\u00edas de comunicaci\u00f3n,&#8230;<\/p>\n","protected":false},"author":1,"featured_media":0,"parent":4683,"menu_order":39,"comment_status":"closed","ping_status":"closed","template":"page-gamme.php","meta":{"_acf_changed":false,"footnotes":""},"class_list":["post-4684","page","type-page","status-publish","hentry"],"acf":[],"yoast_head":"<!-- This site is optimized with the Yoast SEO plugin v27.3 - https:\/\/yoast.com\/product\/yoast-seo-wordpress\/ -->\n<title>Nuestra gama Francia - SAR, Referencia en productos de se\u00f1alizaci\u00f3n vial<\/title>\n<meta name=\"description\" content=\"Descubra nuestra gama de productos franceses. SAR, proveedor l\u00edder de productos de se\u00f1alizaci\u00f3n vial en los mercados franc\u00e9s y europeo desde 1964.\" \/>\n<meta name=\"robots\" content=\"index, follow, max-snippet:-1, max-image-preview:large, max-video-preview:-1\" \/>\n<link rel=\"canonical\" href=\"https:\/\/sar.fr\/nos-produits\/notre-gamme-france\/\" \/>\n<meta property=\"og:locale\" content=\"es_ES\" \/>\n<meta property=\"og:type\" content=\"article\" \/>\n<meta property=\"og:title\" content=\"Nuestra gama Francia - SAR, Referencia en productos de se\u00f1alizaci\u00f3n vial\" \/>\n<meta property=\"og:description\" content=\"Descubra nuestra gama de productos franceses. SAR, proveedor l\u00edder de productos de se\u00f1alizaci\u00f3n vial en los mercados franc\u00e9s y europeo desde 1964.\" \/>\n<meta property=\"og:url\" content=\"https:\/\/sar.fr\/nos-produits\/notre-gamme-france\/\" \/>\n<meta property=\"og:site_name\" content=\"SAR\" \/>\n<meta property=\"article:modified_time\" content=\"2025-10-27T14:47:27+00:00\" \/>\n<meta name=\"twitter:card\" content=\"summary_large_image\" \/>\n<script type=\"application\/ld+json\" class=\"yoast-schema-graph\">{\"@context\":\"https:\\\/\\\/schema.org\",\"@graph\":[{\"@type\":\"WebPage\",\"@id\":\"https:\\\/\\\/sar.fr\\\/nos-produits\\\/notre-gamme-france\\\/\",\"url\":\"https:\\\/\\\/sar.fr\\\/nos-produits\\\/notre-gamme-france\\\/\",\"name\":\"Nuestra gama Francia - SAR, Referencia en productos de se\u00f1alizaci\u00f3n vial\",\"isPartOf\":{\"@id\":\"https:\\\/\\\/sar.fr\\\/#website\"},\"primaryImageOfPage\":{\"@id\":\"https:\\\/\\\/sar.fr\\\/nos-produits\\\/notre-gamme-france\\\/#primaryimage\"},\"image\":{\"@id\":\"https:\\\/\\\/sar.fr\\\/nos-produits\\\/notre-gamme-france\\\/#primaryimage\"},\"thumbnailUrl\":\"https:\\\/\\\/sar.fr\\\/wp-content\\\/uploads\\\/2025\\\/06\\\/Corbeille-Madrid-Banc-Safran-713x535.jpeg\",\"datePublished\":\"2025-05-28T12:53:57+00:00\",\"dateModified\":\"2025-10-27T14:47:27+00:00\",\"description\":\"Descubra nuestra gama de productos franceses. SAR, proveedor l\u00edder de productos de se\u00f1alizaci\u00f3n vial en los mercados franc\u00e9s y europeo desde 1964.\",\"breadcrumb\":{\"@id\":\"https:\\\/\\\/sar.fr\\\/nos-produits\\\/notre-gamme-france\\\/#breadcrumb\"},\"inLanguage\":\"es\",\"potentialAction\":[{\"@type\":\"ReadAction\",\"target\":[\"https:\\\/\\\/sar.fr\\\/nos-produits\\\/notre-gamme-france\\\/\"]}]},{\"@type\":\"ImageObject\",\"inLanguage\":\"es\",\"@id\":\"https:\\\/\\\/sar.fr\\\/nos-produits\\\/notre-gamme-france\\\/#primaryimage\",\"url\":\"https:\\\/\\\/sar.fr\\\/wp-content\\\/uploads\\\/2025\\\/06\\\/Corbeille-Madrid-Banc-Safran-713x535.jpeg\",\"contentUrl\":\"https:\\\/\\\/sar.fr\\\/wp-content\\\/uploads\\\/2025\\\/06\\\/Corbeille-Madrid-Banc-Safran-713x535.jpeg\"},{\"@type\":\"BreadcrumbList\",\"@id\":\"https:\\\/\\\/sar.fr\\\/nos-produits\\\/notre-gamme-france\\\/#breadcrumb\",\"itemListElement\":[{\"@type\":\"ListItem\",\"position\":1,\"name\":\"Accueil\",\"item\":\"https:\\\/\\\/sar.fr\\\/\"},{\"@type\":\"ListItem\",\"position\":2,\"name\":\"Nuestros productos\",\"item\":\"https:\\\/\\\/sar.fr\\\/nos-produits\\\/\"},{\"@type\":\"ListItem\",\"position\":3,\"name\":\"Nuestra gama Francia\"}]},{\"@type\":\"WebSite\",\"@id\":\"https:\\\/\\\/sar.fr\\\/#website\",\"url\":\"https:\\\/\\\/sar.fr\\\/\",\"name\":\"Sar\",\"description\":\"\",\"publisher\":{\"@id\":\"https:\\\/\\\/sar.fr\\\/#organization\"},\"potentialAction\":[{\"@type\":\"SearchAction\",\"target\":{\"@type\":\"EntryPoint\",\"urlTemplate\":\"https:\\\/\\\/sar.fr\\\/?s={search_term_string}\"},\"query-input\":{\"@type\":\"PropertyValueSpecification\",\"valueRequired\":true,\"valueName\":\"search_term_string\"}}],\"inLanguage\":\"es\"},{\"@type\":\"Organization\",\"@id\":\"https:\\\/\\\/sar.fr\\\/#organization\",\"name\":\"Sar\",\"url\":\"https:\\\/\\\/sar.fr\\\/\",\"logo\":{\"@type\":\"ImageObject\",\"inLanguage\":\"es\",\"@id\":\"https:\\\/\\\/sar.fr\\\/#\\\/schema\\\/logo\\\/image\\\/\",\"url\":\"\",\"contentUrl\":\"\",\"caption\":\"Sar\"},\"image\":{\"@id\":\"https:\\\/\\\/sar.fr\\\/#\\\/schema\\\/logo\\\/image\\\/\"}}]}<\/script>\n<!-- \/ Yoast SEO plugin. -->","yoast_head_json":{"title":"Nuestra gama Francia - SAR, Referencia en productos de se\u00f1alizaci\u00f3n vial","description":"Descubra nuestra gama de productos franceses. SAR, proveedor l\u00edder de productos de se\u00f1alizaci\u00f3n vial en los mercados franc\u00e9s y europeo desde 1964.","robots":{"index":"index","follow":"follow","max-snippet":"max-snippet:-1","max-image-preview":"max-image-preview:large","max-video-preview":"max-video-preview:-1"},"canonical":"https:\/\/sar.fr\/nos-produits\/notre-gamme-france\/","og_locale":"es_ES","og_type":"article","og_title":"Nuestra gama Francia - SAR, Referencia en productos de se\u00f1alizaci\u00f3n vial","og_description":"Descubra nuestra gama de productos franceses. SAR, proveedor l\u00edder de productos de se\u00f1alizaci\u00f3n vial en los mercados franc\u00e9s y europeo desde 1964.","og_url":"https:\/\/sar.fr\/nos-produits\/notre-gamme-france\/","og_site_name":"SAR","article_modified_time":"2025-10-27T14:47:27+00:00","twitter_card":"summary_large_image","schema":{"@context":"https:\/\/schema.org","@graph":[{"@type":"WebPage","@id":"https:\/\/sar.fr\/nos-produits\/notre-gamme-france\/","url":"https:\/\/sar.fr\/nos-produits\/notre-gamme-france\/","name":"Nuestra gama Francia - SAR, Referencia en productos de se\u00f1alizaci\u00f3n vial","isPartOf":{"@id":"https:\/\/sar.fr\/#website"},"primaryImageOfPage":{"@id":"https:\/\/sar.fr\/nos-produits\/notre-gamme-france\/#primaryimage"},"image":{"@id":"https:\/\/sar.fr\/nos-produits\/notre-gamme-france\/#primaryimage"},"thumbnailUrl":"https:\/\/sar.fr\/wp-content\/uploads\/2025\/06\/Corbeille-Madrid-Banc-Safran-713x535.jpeg","datePublished":"2025-05-28T12:53:57+00:00","dateModified":"2025-10-27T14:47:27+00:00","description":"Descubra nuestra gama de productos franceses. SAR, proveedor l\u00edder de productos de se\u00f1alizaci\u00f3n vial en los mercados franc\u00e9s y europeo desde 1964.","breadcrumb":{"@id":"https:\/\/sar.fr\/nos-produits\/notre-gamme-france\/#breadcrumb"},"inLanguage":"es","potentialAction":[{"@type":"ReadAction","target":["https:\/\/sar.fr\/nos-produits\/notre-gamme-france\/"]}]},{"@type":"ImageObject","inLanguage":"es","@id":"https:\/\/sar.fr\/nos-produits\/notre-gamme-france\/#primaryimage","url":"https:\/\/sar.fr\/wp-content\/uploads\/2025\/06\/Corbeille-Madrid-Banc-Safran-713x535.jpeg","contentUrl":"https:\/\/sar.fr\/wp-content\/uploads\/2025\/06\/Corbeille-Madrid-Banc-Safran-713x535.jpeg"},{"@type":"BreadcrumbList","@id":"https:\/\/sar.fr\/nos-produits\/notre-gamme-france\/#breadcrumb","itemListElement":[{"@type":"ListItem","position":1,"name":"Accueil","item":"https:\/\/sar.fr\/"},{"@type":"ListItem","position":2,"name":"Nuestros productos","item":"https:\/\/sar.fr\/nos-produits\/"},{"@type":"ListItem","position":3,"name":"Nuestra gama Francia"}]},{"@type":"WebSite","@id":"https:\/\/sar.fr\/#website","url":"https:\/\/sar.fr\/","name":"Sar","description":"","publisher":{"@id":"https:\/\/sar.fr\/#organization"},"potentialAction":[{"@type":"SearchAction","target":{"@type":"EntryPoint","urlTemplate":"https:\/\/sar.fr\/?s={search_term_string}"},"query-input":{"@type":"PropertyValueSpecification","valueRequired":true,"valueName":"search_term_string"}}],"inLanguage":"es"},{"@type":"Organization","@id":"https:\/\/sar.fr\/#organization","name":"Sar","url":"https:\/\/sar.fr\/","logo":{"@type":"ImageObject","inLanguage":"es","@id":"https:\/\/sar.fr\/#\/schema\/logo\/image\/","url":"","contentUrl":"","caption":"Sar"},"image":{"@id":"https:\/\/sar.fr\/#\/schema\/logo\/image\/"}}]}},"_links":{"self":[{"href":"https:\/\/sar.fr\/es\/wp-json\/wp\/v2\/pages\/4684","targetHints":{"allow":["GET"]}}],"collection":[{"href":"https:\/\/sar.fr\/es\/wp-json\/wp\/v2\/pages"}],"about":[{"href":"https:\/\/sar.fr\/es\/wp-json\/wp\/v2\/types\/page"}],"author":[{"embeddable":true,"href":"https:\/\/sar.fr\/es\/wp-json\/wp\/v2\/users\/1"}],"replies":[{"embeddable":true,"href":"https:\/\/sar.fr\/es\/wp-json\/wp\/v2\/comments?post=4684"}],"version-history":[{"count":1,"href":"https:\/\/sar.fr\/es\/wp-json\/wp\/v2\/pages\/4684\/revisions"}],"predecessor-version":[{"id":4686,"href":"https:\/\/sar.fr\/es\/wp-json\/wp\/v2\/pages\/4684\/revisions\/4686"}],"up":[{"embeddable":true,"href":"https:\/\/sar.fr\/es\/wp-json\/wp\/v2\/pages\/4683"}],"wp:attachment":[{"href":"https:\/\/sar.fr\/es\/wp-json\/wp\/v2\/media?parent=4684"}],"curies":[{"name":"wp","href":"https:\/\/api.w.org\/{rel}","templated":true}]}}