{"id":4689,"date":"2024-04-02T15:13:46","date_gmt":"2024-04-02T13:13:46","guid":{"rendered":"https:\/\/sar.fr\/politica-de-privacidad\/"},"modified":"2025-11-03T17:38:22","modified_gmt":"2025-11-03T16:38:22","slug":"politica-de-privacidad","status":"publish","type":"page","link":"https:\/\/sar.fr\/es\/politica-de-privacidad\/","title":{"rendered":"POL\u00cdTICA DE CONFIDENCIALIDAD DE LOS DATOS"},"content":{"rendered":"\n<div class=\"wp-block-columns is-layout-flex wp-container-core-columns-is-layout-9d6595d7 wp-block-columns-is-layout-flex\">\n<div class=\"wp-block-column is-layout-flow wp-block-column-is-layout-flow\">\n<p>El sitio web <a href=\"http:\/\/www.sar.com\">www.sar.fr<\/a> (en adelante el \u00abSitio\u00bb) tal como fue inicialmente dise\u00f1ado, no tiene por objeto recoger datos personales de sus visitantes. Sin embargo, podr\u00e1 ser necesario hacerlo de forma incidental, en particular para enviarles un bolet\u00edn informativo, realizar estudios estad\u00edsticos, responder a una candidatura o a preguntas planteadas directamente por el Usuario.<\/p>\n\n\n\n<div style=\"height:40px\" aria-hidden=\"true\" class=\"wp-block-spacer\"><\/div>\n\n\n\n<h3 class=\"wp-block-heading\">Los datos personales se recogen en este Sitio en el marco de:<\/h3>\n\n\n\n<ul class=\"wp-block-list\">\n<li>Formularios de contacto: el Usuario que desee ponerse en contacto indicar\u00e1 su nombre, apellidos y direcci\u00f3n de correo electr\u00f3nico profesional.<\/li>\n\n\n\n<li>Datos de contacto de los equipos de SAR: el Usuario podr\u00e1 tomar la iniciativa de contactar con ellos directamente por tel\u00e9fono o correo electr\u00f3nico.<\/li>\n\n\n\n<li>Del formulario de candidatura para una contrataci\u00f3n: el Usuario que desee presentar su candidatura espont\u00e1neamente o en respuesta a una oferta, indicar\u00e1 su apellido, nombre, direcci\u00f3n de correo electr\u00f3nico, cargar\u00e1 su curr\u00edculum vitae y una carta de presentaci\u00f3n.<\/li>\n\n\n\n<li>De la navegaci\u00f3n: las cookies nos permiten recopilar informaci\u00f3n sobre c\u00f3mo el Usuario utiliza el Sitio (para m\u00e1s detalles, cons\u00faltense las CGU).<\/li>\n<\/ul>\n\n\n\n<div style=\"height:40px\" aria-hidden=\"true\" class=\"wp-block-spacer\"><\/div>\n\n\n\n<h3 class=\"wp-block-heading\">Los datos personales recogidos tienen como finalidad:<\/h3>\n\n\n\n<ul class=\"wp-block-list\">\n<li>La implementaci\u00f3n de la asistencia al usuario;<\/li>\n\n\n\n<li>La gesti\u00f3n de cualquier litigio con el Usuario;<\/li>\n\n\n\n<li>La prestaci\u00f3n del servicio solicitado por el Usuario (bolet\u00edn informativo, informaci\u00f3n);<\/li>\n\n\n\n<li>La gesti\u00f3n de candidaturas para evaluar la capacidad y competencias profesionales del Usuario para ocupar el puesto, incluido el an\u00e1lisis y la selecci\u00f3n de candidaturas;<\/li>\n\n\n\n<li>El seguimiento de las estad\u00edsticas de audiencia;<\/li>\n\n\n\n<li>La gesti\u00f3n del funcionamiento y optimizaci\u00f3n del Sitio.<\/li>\n<\/ul>\n\n\n\n<div style=\"height:40px\" aria-hidden=\"true\" class=\"wp-block-spacer\"><\/div>\n\n\n\n<h3 class=\"wp-block-heading\">El Editor comunicar\u00e1 los datos personales a los siguientes destinatarios:<\/h3>\n\n\n\n<ul class=\"wp-block-list\">\n<li>A los agentes\/empleados autorizados de los servicios centrales y locales encargados de la contrataci\u00f3n, en el marco de sus funciones y cometidos, en lo que respecta al aspecto de contrataci\u00f3n;<\/li>\n\n\n\n<li>A los agentes\/personal administrativo, inform\u00e1tico y comercial de SAR, adscritos a su establecimiento principal y a sus establecimientos secundarios en el marco del aspecto comercial;<\/li>\n\n\n\n<li>Al proveedor de alojamiento y al proveedor de mantenimiento, incluidos sus empleados autorizados dentro de los departamentos competentes.<\/li>\n<\/ul>\n\n\n\n<p>Cualquier persona que tenga conocimiento de dichos datos con este motivo estar\u00e1 sujeta a una obligaci\u00f3n de confidencialidad. En particular, deber\u00e1 abstenerse de utilizar total o parcialmente dichos datos personales por cuenta propia o de comunicarlos a terceros.<\/p>\n\n\n\n<div style=\"height:40px\" aria-hidden=\"true\" class=\"wp-block-spacer\"><\/div>\n\n\n\n<h3 class=\"wp-block-heading\">Los datos personales podr\u00e1n compartirse en los siguientes casos:<\/h3>\n\n\n\n<ul class=\"wp-block-list\">\n<li>Cuando el Usuario solicite informaci\u00f3n y publicidad relativa a la sociedad SAR;<\/li>\n\n\n\n<li>Cuando el Usuario solicite una oferta o presente una candidatura espont\u00e1nea;<\/li>\n\n\n\n<li>Cuando el Sitio utilice los servicios de proveedores para brindar asistencia a los usuarios, soporte t\u00e9cnico y mantenimiento t\u00e9cnico;<\/li>\n\n\n\n<li>Si la legislaci\u00f3n lo exige, el Sitio podr\u00e1 transmitir datos para responder a reclamaciones presentadas contra el Sitio y para cumplir con los procedimientos administrativos y judiciales;<\/li>\n\n\n\n<li>Si el Sitio est\u00e1 involucrado en una fusi\u00f3n, adquisici\u00f3n, transferencia de activos o procedimiento de liquidaci\u00f3n judicial, el Sitio podr\u00e1 verse obligado a transferir o compartir la totalidad o parte de sus activos, incluidos los datos personales. En este caso se informar\u00eda a los usuarios.<\/li>\n<\/ul>\n\n\n\n<p>Los datos recogidos se almacenan en Francia por el Editor o proveedores de servicios de confianza.<\/p>\n\n\n\n<p>El Sitio implementa medidas de seguridad digital organizativas, t\u00e9cnicas, de software y f\u00edsicas para proteger los datos personales contra la alteraci\u00f3n, la destrucci\u00f3n y el acceso no autorizados. Sin embargo, debe tenerse en cuenta que Internet no es un entorno completamente seguro y el Sitio no puede garantizar la seguridad de la transmisi\u00f3n o el almacenamiento de informaci\u00f3n en Internet.<\/p>\n\n\n\n<p>Los datos personales solo se conservan durante el plazo estrictamente necesario para alcanzar la finalidad para la que se conservan, para satisfacer las necesidades del Usuario o para cumplir obligaciones legales.<\/p>\n\n\n\n<div style=\"height:40px\" aria-hidden=\"true\" class=\"wp-block-spacer\"><\/div>\n\n\n\n<h3 class=\"wp-block-heading\">Para establecer el plazo de conservaci\u00f3n de sus datos se aplican los siguientes criterios:<\/h3>\n\n\n\n<ul class=\"wp-block-list\">\n<li>Con respecto a las cookies, los datos se conservan solo durante el plazo necesario para lograr su prop\u00f3sito (durante la duraci\u00f3n de una sesi\u00f3n para las cookies de sesi\u00f3n) y durante cualquier per\u00edodo definido de acuerdo con la normativa;<\/li>\n\n\n\n<li>En caso de contacto por parte del Usuario, los datos se conservar\u00e1n durante el plazo necesario para tramitar la solicitud;<\/li>\n\n\n\n<li>En materia de contrataci\u00f3n, se conservar\u00e1n por un plazo de dos a\u00f1os;<\/li>\n\n\n\n<li>Es posible que se conserven determinados datos para cumplir con nuestras obligaciones legales o reglamentarias, para permitirnos ejercer nuestros derechos o para fines estad\u00edsticos o hist\u00f3ricos.<\/li>\n<\/ul>\n\n\n\n<p>Cuando venza el plazo de conservaci\u00f3n, los datos personales se eliminar\u00e1n de los sistemas y archivos o los documentos se anonimizar\u00e1n para que ya no permitan su identificaci\u00f3n.<\/p>\n\n\n\n<p>El Usuario tendr\u00e1 derecho a acceder, rectificar, portar y suprimir sus datos, a limitar el tratamiento o a oponerse al tratamiento de sus datos por motivos leg\u00edtimos.<\/p>\n\n\n\n<p>El Usuario podr\u00e1 ejercer sus derechos o realizar cualquier consulta sobre el tratamiento de sus datos enviando un correo electr\u00f3nico a la siguiente direcci\u00f3n: <a href=\"mailto:rgpd-route-reseaux@vinci-construction.com\" target=\"_blank\" rel=\"noreferrer noopener\">rgpd-route-reseaux@vinci-construction.com<\/a>.<\/p>\n\n\n\n<p>Si el Usuario considera, tras ponerse en contacto con nosotros en la direcci\u00f3n anteriormente indicada, que no se han respetado sus derechos, podr\u00e1 presentar una reclamaci\u00f3n ante la CNIL.<\/p>\n\n\n\n<p>El Sitio se reserva el derecho de realizar cualquier cambio a la presente cl\u00e1usula relativa a la protecci\u00f3n de datos personales en cualquier momento. En ese caso, deber\u00e1 publicarse la nueva versi\u00f3n en el Sitio.<\/p>\n<\/div>\n<\/div>\n","protected":false},"excerpt":{"rendered":"<p>El sitio web www.sar.fr (en adelante el \u00abSitio\u00bb) tal como fue inicialmente dise\u00f1ado, no tiene por objeto recoger datos personales&#8230;<\/p>\n","protected":false},"author":1,"featured_media":0,"parent":0,"menu_order":48,"comment_status":"closed","ping_status":"closed","template":"","meta":{"_acf_changed":false,"footnotes":""},"class_list":["post-4689","page","type-page","status-publish","hentry"],"acf":[],"yoast_head":"<!-- This site is optimized with the Yoast SEO plugin v27.3 - https:\/\/yoast.com\/product\/yoast-seo-wordpress\/ -->\n<title>POL\u00cdTICA DE CONFIDENCIALIDAD DE LOS DATOS - SAR<\/title>\n<meta name=\"robots\" content=\"index, follow, max-snippet:-1, max-image-preview:large, max-video-preview:-1\" \/>\n<link rel=\"canonical\" href=\"https:\/\/sar.fr\/charte-de-confidentialite\/\" \/>\n<meta property=\"og:locale\" content=\"es_ES\" \/>\n<meta property=\"og:type\" content=\"article\" \/>\n<meta property=\"og:title\" content=\"POL\u00cdTICA DE CONFIDENCIALIDAD DE LOS DATOS - SAR\" \/>\n<meta property=\"og:description\" content=\"El sitio web www.sar.fr (en adelante el \u00abSitio\u00bb) tal como fue inicialmente dise\u00f1ado, no tiene por objeto recoger datos personales...\" \/>\n<meta property=\"og:url\" content=\"https:\/\/sar.fr\/charte-de-confidentialite\/\" \/>\n<meta property=\"og:site_name\" content=\"SAR\" \/>\n<meta property=\"article:modified_time\" content=\"2025-11-03T16:38:22+00:00\" \/>\n<meta name=\"twitter:card\" content=\"summary_large_image\" \/>\n<meta name=\"twitter:label1\" content=\"Tiempo de lectura\" \/>\n\t<meta name=\"twitter:data1\" content=\"5 minutos\" \/>\n<script type=\"application\/ld+json\" class=\"yoast-schema-graph\">{\"@context\":\"https:\\\/\\\/schema.org\",\"@graph\":[{\"@type\":\"WebPage\",\"@id\":\"https:\\\/\\\/sar.fr\\\/charte-de-confidentialite\\\/\",\"url\":\"https:\\\/\\\/sar.fr\\\/charte-de-confidentialite\\\/\",\"name\":\"POL\u00cdTICA DE CONFIDENCIALIDAD DE LOS DATOS - SAR\",\"isPartOf\":{\"@id\":\"https:\\\/\\\/sar.fr\\\/#website\"},\"datePublished\":\"2024-04-02T13:13:46+00:00\",\"dateModified\":\"2025-11-03T16:38:22+00:00\",\"breadcrumb\":{\"@id\":\"https:\\\/\\\/sar.fr\\\/charte-de-confidentialite\\\/#breadcrumb\"},\"inLanguage\":\"es\",\"potentialAction\":[{\"@type\":\"ReadAction\",\"target\":[\"https:\\\/\\\/sar.fr\\\/charte-de-confidentialite\\\/\"]}]},{\"@type\":\"BreadcrumbList\",\"@id\":\"https:\\\/\\\/sar.fr\\\/charte-de-confidentialite\\\/#breadcrumb\",\"itemListElement\":[{\"@type\":\"ListItem\",\"position\":1,\"name\":\"Accueil\",\"item\":\"https:\\\/\\\/sar.fr\\\/\"},{\"@type\":\"ListItem\",\"position\":2,\"name\":\"POL\u00cdTICA DE CONFIDENCIALIDAD DE LOS DATOS\"}]},{\"@type\":\"WebSite\",\"@id\":\"https:\\\/\\\/sar.fr\\\/#website\",\"url\":\"https:\\\/\\\/sar.fr\\\/\",\"name\":\"Sar\",\"description\":\"\",\"publisher\":{\"@id\":\"https:\\\/\\\/sar.fr\\\/#organization\"},\"potentialAction\":[{\"@type\":\"SearchAction\",\"target\":{\"@type\":\"EntryPoint\",\"urlTemplate\":\"https:\\\/\\\/sar.fr\\\/?s={search_term_string}\"},\"query-input\":{\"@type\":\"PropertyValueSpecification\",\"valueRequired\":true,\"valueName\":\"search_term_string\"}}],\"inLanguage\":\"es\"},{\"@type\":\"Organization\",\"@id\":\"https:\\\/\\\/sar.fr\\\/#organization\",\"name\":\"Sar\",\"url\":\"https:\\\/\\\/sar.fr\\\/\",\"logo\":{\"@type\":\"ImageObject\",\"inLanguage\":\"es\",\"@id\":\"https:\\\/\\\/sar.fr\\\/#\\\/schema\\\/logo\\\/image\\\/\",\"url\":\"\",\"contentUrl\":\"\",\"caption\":\"Sar\"},\"image\":{\"@id\":\"https:\\\/\\\/sar.fr\\\/#\\\/schema\\\/logo\\\/image\\\/\"}}]}<\/script>\n<!-- \/ Yoast SEO plugin. -->","yoast_head_json":{"title":"POL\u00cdTICA DE CONFIDENCIALIDAD DE LOS DATOS - SAR","robots":{"index":"index","follow":"follow","max-snippet":"max-snippet:-1","max-image-preview":"max-image-preview:large","max-video-preview":"max-video-preview:-1"},"canonical":"https:\/\/sar.fr\/charte-de-confidentialite\/","og_locale":"es_ES","og_type":"article","og_title":"POL\u00cdTICA DE CONFIDENCIALIDAD DE LOS DATOS - SAR","og_description":"El sitio web www.sar.fr (en adelante el \u00abSitio\u00bb) tal como fue inicialmente dise\u00f1ado, no tiene por objeto recoger datos personales...","og_url":"https:\/\/sar.fr\/charte-de-confidentialite\/","og_site_name":"SAR","article_modified_time":"2025-11-03T16:38:22+00:00","twitter_card":"summary_large_image","twitter_misc":{"Tiempo de lectura":"5 minutos"},"schema":{"@context":"https:\/\/schema.org","@graph":[{"@type":"WebPage","@id":"https:\/\/sar.fr\/charte-de-confidentialite\/","url":"https:\/\/sar.fr\/charte-de-confidentialite\/","name":"POL\u00cdTICA DE CONFIDENCIALIDAD DE LOS DATOS - SAR","isPartOf":{"@id":"https:\/\/sar.fr\/#website"},"datePublished":"2024-04-02T13:13:46+00:00","dateModified":"2025-11-03T16:38:22+00:00","breadcrumb":{"@id":"https:\/\/sar.fr\/charte-de-confidentialite\/#breadcrumb"},"inLanguage":"es","potentialAction":[{"@type":"ReadAction","target":["https:\/\/sar.fr\/charte-de-confidentialite\/"]}]},{"@type":"BreadcrumbList","@id":"https:\/\/sar.fr\/charte-de-confidentialite\/#breadcrumb","itemListElement":[{"@type":"ListItem","position":1,"name":"Accueil","item":"https:\/\/sar.fr\/"},{"@type":"ListItem","position":2,"name":"POL\u00cdTICA DE CONFIDENCIALIDAD DE LOS DATOS"}]},{"@type":"WebSite","@id":"https:\/\/sar.fr\/#website","url":"https:\/\/sar.fr\/","name":"Sar","description":"","publisher":{"@id":"https:\/\/sar.fr\/#organization"},"potentialAction":[{"@type":"SearchAction","target":{"@type":"EntryPoint","urlTemplate":"https:\/\/sar.fr\/?s={search_term_string}"},"query-input":{"@type":"PropertyValueSpecification","valueRequired":true,"valueName":"search_term_string"}}],"inLanguage":"es"},{"@type":"Organization","@id":"https:\/\/sar.fr\/#organization","name":"Sar","url":"https:\/\/sar.fr\/","logo":{"@type":"ImageObject","inLanguage":"es","@id":"https:\/\/sar.fr\/#\/schema\/logo\/image\/","url":"","contentUrl":"","caption":"Sar"},"image":{"@id":"https:\/\/sar.fr\/#\/schema\/logo\/image\/"}}]}},"_links":{"self":[{"href":"https:\/\/sar.fr\/es\/wp-json\/wp\/v2\/pages\/4689","targetHints":{"allow":["GET"]}}],"collection":[{"href":"https:\/\/sar.fr\/es\/wp-json\/wp\/v2\/pages"}],"about":[{"href":"https:\/\/sar.fr\/es\/wp-json\/wp\/v2\/types\/page"}],"author":[{"embeddable":true,"href":"https:\/\/sar.fr\/es\/wp-json\/wp\/v2\/users\/1"}],"replies":[{"embeddable":true,"href":"https:\/\/sar.fr\/es\/wp-json\/wp\/v2\/comments?post=4689"}],"version-history":[{"count":7,"href":"https:\/\/sar.fr\/es\/wp-json\/wp\/v2\/pages\/4689\/revisions"}],"predecessor-version":[{"id":5066,"href":"https:\/\/sar.fr\/es\/wp-json\/wp\/v2\/pages\/4689\/revisions\/5066"}],"wp:attachment":[{"href":"https:\/\/sar.fr\/es\/wp-json\/wp\/v2\/media?parent=4689"}],"curies":[{"name":"wp","href":"https:\/\/api.w.org\/{rel}","templated":true}]}}