{"id":4691,"date":"2024-04-02T14:25:06","date_gmt":"2024-04-02T12:25:06","guid":{"rendered":"https:\/\/sar.fr\/contactenos\/"},"modified":"2025-10-27T16:16:12","modified_gmt":"2025-10-27T15:16:12","slug":"contactenos","status":"publish","type":"page","link":"https:\/\/sar.fr\/es\/contactenos\/","title":{"rendered":"Cont\u00e1ctenos<br>"},"content":{"rendered":"\n<p><strong>\u00bfQUIERES CONTACTAR CON NUESTROS SERVICIOS, POSTULARTE ESPONT\u00c1NEAMENTE O SIMPLEMENTE ENVIARNOS UN MENSAJE?<\/strong><\/p>\n\n<p><strong>Puede utilizar el formulario que aparece a continuaci\u00f3n. <\/strong><\/p>\n\n<p><\/p>\n\n<hr class=\"wp-block-separator has-text-color has-cyan-bluish-gray-color has-alpha-channel-opacity has-cyan-bluish-gray-background-color has-background is-style-wide\"\/>\n\n<div class=\"wpcf7 no-js\" id=\"wpcf7-f5-o1\" lang=\"fr-FR\" dir=\"ltr\" data-wpcf7-id=\"5\">\n<div class=\"screen-reader-response\"><p role=\"status\" aria-live=\"polite\" aria-atomic=\"true\"><\/p> <ul><\/ul><\/div>\n<form action=\"\/es\/wp-json\/wp\/v2\/pages\/4691#wpcf7-f5-o1\" method=\"post\" class=\"wpcf7-form init\" aria-label=\"Formulaire de contact\" novalidate=\"novalidate\" data-status=\"init\">\n<fieldset class=\"hidden-fields-container\"><input type=\"hidden\" name=\"_wpcf7\" value=\"5\" \/><input type=\"hidden\" name=\"_wpcf7_version\" value=\"6.1.5\" \/><input type=\"hidden\" name=\"_wpcf7_locale\" value=\"fr_FR\" \/><input type=\"hidden\" name=\"_wpcf7_unit_tag\" value=\"wpcf7-f5-o1\" \/><input type=\"hidden\" name=\"_wpcf7_container_post\" value=\"0\" \/><input type=\"hidden\" name=\"_wpcf7_posted_data_hash\" value=\"\" \/>\n<\/fieldset>\n<div class=\"row\">\n  <div class=\"columns medium-6\">\n    <div class=\"section-contact__line\">\n      <label for=\"contact-name\">Nom *<\/label>\n      <span class=\"wpcf7-form-control-wrap\" data-name=\"contact-name\"><input size=\"40\" maxlength=\"400\" class=\"wpcf7-form-control wpcf7-text wpcf7-validates-as-required\" id=\"contact-name\" aria-required=\"true\" aria-invalid=\"false\" value=\"\" type=\"text\" name=\"contact-name\" \/><\/span>\n    <\/div>\n  <\/div>\n  <div class=\"columns medium-6\">\n    <div class=\"section-contact__line\">\n      <label for=\"contact-firstname\">Pr\u00e9nom<\/label>\n      <span class=\"wpcf7-form-control-wrap\" data-name=\"contact-firstname\"><input size=\"40\" maxlength=\"400\" class=\"wpcf7-form-control wpcf7-text\" id=\"contact-firstname\" aria-invalid=\"false\" value=\"\" type=\"text\" name=\"contact-firstname\" \/><\/span>\n    <\/div>\n  <\/div>\n<\/div>\n\n<div class=\"row\">\n  <div class=\"columns medium-6\">\n    <div class=\"section-contact__line\">\n      <label for=\"contact-email\">Adresse e-mail *<\/label>\n      <span class=\"wpcf7-form-control-wrap\" data-name=\"contact-email\"><input size=\"40\" maxlength=\"400\" class=\"wpcf7-form-control wpcf7-email wpcf7-validates-as-required wpcf7-text wpcf7-validates-as-email\" id=\"contact-email\" aria-required=\"true\" aria-invalid=\"false\" value=\"\" type=\"email\" name=\"contact-email\" \/><\/span>\n    <\/div>\n  <\/div>\n  <div class=\"columns medium-6\">\n    <div class=\"section-contact__line\">\n      <label for=\"contact-phone\">T\u00e9l\u00e9phone<\/label>\n      <span class=\"wpcf7-form-control-wrap\" data-name=\"contact-phone\"><input size=\"40\" maxlength=\"400\" class=\"wpcf7-form-control wpcf7-text\" id=\"contact-phone\" aria-invalid=\"false\" value=\"\" type=\"text\" name=\"contact-phone\" \/><\/span>\n    <\/div>\n  <\/div>\n<\/div>\n\n<div class=\"row\">\n  <div class=\"columns medium-6\">\n    <div class=\"section-contact__line\">\n      <label for=\"contact-city\">Ville<\/label>\n      <span class=\"wpcf7-form-control-wrap\" data-name=\"contact-city\"><input size=\"40\" maxlength=\"400\" class=\"wpcf7-form-control wpcf7-text\" id=\"contact-city\" aria-invalid=\"false\" value=\"\" type=\"text\" name=\"contact-city\" \/><\/span>\n    <\/div>\n  <\/div>\n  <div class=\"columns medium-6\">\n    <div class=\"section-contact__line\">\n      <label for=\"code-postal\">Code postal*<\/label>\n      <span class=\"wpcf7-form-control-wrap\" data-name=\"code-postal\"><input size=\"40\" maxlength=\"400\" class=\"wpcf7-form-control wpcf7-text wpcf7-validates-as-required\" id=\"code-postal\" aria-required=\"true\" aria-invalid=\"false\" value=\"\" type=\"text\" name=\"code-postal\" \/><\/span>\n    <\/div>\n  <\/div>\n<\/div>\n\n<div class=\"row\">\n  <div class=\"columns small-12\">\n    <div class=\"section-contact__line\">\n      <label for=\"contact-message\">Message *<\/label>\n      <span class=\"wpcf7-form-control-wrap\" data-name=\"contact-message\"><textarea cols=\"40\" rows=\"10\" maxlength=\"2000\" class=\"wpcf7-form-control wpcf7-textarea wpcf7-validates-as-required\" id=\"contact-message\" aria-required=\"true\" aria-invalid=\"false\" name=\"contact-message\"><\/textarea><\/span>\n    <\/div>\n  <\/div>\n<\/div>\n<div class=\"wpcf7-turnstile cf-turnstile\" data-sitekey=\"0x4AAAAAADAkv0GLVhJA9iVE\" data-response-field-name=\"_wpcf7_turnstile_response\" data-appearance=\"interaction-only\"><\/div>\n\n<div class=\"row\">\n  <div class=\"columns small-12 text-center\">\n    <button class=\"btn\">Envoyer<\/button>\n  <\/div>\n<\/div><div class=\"wpcf7-response-output\" aria-hidden=\"true\"><\/div>\n<\/form>\n<\/div>\n\n\n<hr class=\"wp-block-separator has-text-color has-cyan-bluish-gray-color has-alpha-channel-opacity has-cyan-bluish-gray-background-color has-background is-style-wide\"\/>\n\n<p><\/p>\n\n<p class=\"has-cyan-bluish-gray-color has-text-color has-link-color wp-elements-340ee683b5113a09e7afb22353c04911\"><strong>Note sur les donn\u00e9es personnelles : <\/strong> Les donn\u00e9es personnelles d\u00e9signent les donn\u00e9es qui vous identifient en tant que personne physique. Nous pouvons \u00eatre amen\u00e9s \u00e0 traiter les types de donn\u00e9es personnelles suivants vous concernant : vos coordonn\u00e9es incluant votre nom, l\u2019adresse courriel ou le num\u00e9ro de t\u00e9l\u00e9phone. Ces informations utilisateur peuvent comprendre le num\u00e9ro IP, le type de p\u00e9riph\u00e9rique et le navigateur, fuseau horaire, situation g\u00e9ographique, ainsi que vos int\u00e9r\u00eat et pr\u00e9f\u00e9rences des informations sur la fa\u00e7on dont vous interagissez avec nos services, par exemple sur les fonctionnalit\u00e9s utilis\u00e9es et les boutons cliqu\u00e9s.  <\/p>\n","protected":false},"excerpt":{"rendered":"<p>\u00bfQUIERES CONTACTAR CON NUESTROS SERVICIOS, POSTULARTE ESPONT\u00c1NEAMENTE O SIMPLEMENTE ENVIARNOS UN MENSAJE? Puede utilizar el formulario que aparece a continuaci\u00f3n&#8230;.<\/p>\n","protected":false},"author":1,"featured_media":0,"parent":0,"menu_order":55,"comment_status":"closed","ping_status":"closed","template":"","meta":{"_acf_changed":false,"footnotes":""},"class_list":["post-4691","page","type-page","status-publish","hentry"],"acf":[],"yoast_head":"<!-- This site is optimized with the Yoast SEO plugin v27.4 - https:\/\/yoast.com\/product\/yoast-seo-wordpress\/ -->\n<title>Cont\u00e1ctenos - SAR<\/title>\n<meta name=\"robots\" content=\"index, follow, max-snippet:-1, max-image-preview:large, max-video-preview:-1\" \/>\n<link rel=\"canonical\" href=\"https:\/\/sar.fr\/nous-contacter\/\" \/>\n<meta property=\"og:locale\" content=\"es_ES\" \/>\n<meta property=\"og:type\" content=\"article\" \/>\n<meta property=\"og:title\" content=\"Cont\u00e1ctenos - SAR\" \/>\n<meta property=\"og:description\" content=\"\u00bfQUIERES CONTACTAR CON NUESTROS SERVICIOS, POSTULARTE ESPONT\u00c1NEAMENTE O SIMPLEMENTE ENVIARNOS UN MENSAJE? Puede utilizar el formulario que aparece a continuaci\u00f3n....\" \/>\n<meta property=\"og:url\" content=\"https:\/\/sar.fr\/nous-contacter\/\" \/>\n<meta property=\"og:site_name\" content=\"SAR\" \/>\n<meta property=\"article:modified_time\" content=\"2025-10-27T15:16:12+00:00\" \/>\n<meta name=\"twitter:card\" content=\"summary_large_image\" \/>\n<meta name=\"twitter:label1\" content=\"Tiempo de lectura\" \/>\n\t<meta name=\"twitter:data1\" content=\"1 minuto\" \/>\n<script type=\"application\/ld+json\" class=\"yoast-schema-graph\">{\"@context\":\"https:\\\/\\\/schema.org\",\"@graph\":[{\"@type\":\"WebPage\",\"@id\":\"https:\\\/\\\/sar.fr\\\/nous-contacter\\\/\",\"url\":\"https:\\\/\\\/sar.fr\\\/nous-contacter\\\/\",\"name\":\"Cont\u00e1ctenos - SAR\",\"isPartOf\":{\"@id\":\"https:\\\/\\\/sar.fr\\\/#website\"},\"datePublished\":\"2024-04-02T12:25:06+00:00\",\"dateModified\":\"2025-10-27T15:16:12+00:00\",\"breadcrumb\":{\"@id\":\"https:\\\/\\\/sar.fr\\\/nous-contacter\\\/#breadcrumb\"},\"inLanguage\":\"es\",\"potentialAction\":[{\"@type\":\"ReadAction\",\"target\":[\"https:\\\/\\\/sar.fr\\\/nous-contacter\\\/\"]}]},{\"@type\":\"BreadcrumbList\",\"@id\":\"https:\\\/\\\/sar.fr\\\/nous-contacter\\\/#breadcrumb\",\"itemListElement\":[{\"@type\":\"ListItem\",\"position\":1,\"name\":\"Accueil\",\"item\":\"https:\\\/\\\/sar.fr\\\/\"},{\"@type\":\"ListItem\",\"position\":2,\"name\":\"Cont\u00e1ctenos\"}]},{\"@type\":\"WebSite\",\"@id\":\"https:\\\/\\\/sar.fr\\\/#website\",\"url\":\"https:\\\/\\\/sar.fr\\\/\",\"name\":\"Sar\",\"description\":\"\",\"publisher\":{\"@id\":\"https:\\\/\\\/sar.fr\\\/#organization\"},\"potentialAction\":[{\"@type\":\"SearchAction\",\"target\":{\"@type\":\"EntryPoint\",\"urlTemplate\":\"https:\\\/\\\/sar.fr\\\/?s={search_term_string}\"},\"query-input\":{\"@type\":\"PropertyValueSpecification\",\"valueRequired\":true,\"valueName\":\"search_term_string\"}}],\"inLanguage\":\"es\"},{\"@type\":\"Organization\",\"@id\":\"https:\\\/\\\/sar.fr\\\/#organization\",\"name\":\"Sar\",\"url\":\"https:\\\/\\\/sar.fr\\\/\",\"logo\":{\"@type\":\"ImageObject\",\"inLanguage\":\"es\",\"@id\":\"https:\\\/\\\/sar.fr\\\/#\\\/schema\\\/logo\\\/image\\\/\",\"url\":\"\",\"contentUrl\":\"\",\"caption\":\"Sar\"},\"image\":{\"@id\":\"https:\\\/\\\/sar.fr\\\/#\\\/schema\\\/logo\\\/image\\\/\"}}]}<\/script>\n<!-- \/ Yoast SEO plugin. -->","yoast_head_json":{"title":"Cont\u00e1ctenos - SAR","robots":{"index":"index","follow":"follow","max-snippet":"max-snippet:-1","max-image-preview":"max-image-preview:large","max-video-preview":"max-video-preview:-1"},"canonical":"https:\/\/sar.fr\/nous-contacter\/","og_locale":"es_ES","og_type":"article","og_title":"Cont\u00e1ctenos - SAR","og_description":"\u00bfQUIERES CONTACTAR CON NUESTROS SERVICIOS, POSTULARTE ESPONT\u00c1NEAMENTE O SIMPLEMENTE ENVIARNOS UN MENSAJE? Puede utilizar el formulario que aparece a continuaci\u00f3n....","og_url":"https:\/\/sar.fr\/nous-contacter\/","og_site_name":"SAR","article_modified_time":"2025-10-27T15:16:12+00:00","twitter_card":"summary_large_image","twitter_misc":{"Tiempo de lectura":"1 minuto"},"schema":{"@context":"https:\/\/schema.org","@graph":[{"@type":"WebPage","@id":"https:\/\/sar.fr\/nous-contacter\/","url":"https:\/\/sar.fr\/nous-contacter\/","name":"Cont\u00e1ctenos - SAR","isPartOf":{"@id":"https:\/\/sar.fr\/#website"},"datePublished":"2024-04-02T12:25:06+00:00","dateModified":"2025-10-27T15:16:12+00:00","breadcrumb":{"@id":"https:\/\/sar.fr\/nous-contacter\/#breadcrumb"},"inLanguage":"es","potentialAction":[{"@type":"ReadAction","target":["https:\/\/sar.fr\/nous-contacter\/"]}]},{"@type":"BreadcrumbList","@id":"https:\/\/sar.fr\/nous-contacter\/#breadcrumb","itemListElement":[{"@type":"ListItem","position":1,"name":"Accueil","item":"https:\/\/sar.fr\/"},{"@type":"ListItem","position":2,"name":"Cont\u00e1ctenos"}]},{"@type":"WebSite","@id":"https:\/\/sar.fr\/#website","url":"https:\/\/sar.fr\/","name":"Sar","description":"","publisher":{"@id":"https:\/\/sar.fr\/#organization"},"potentialAction":[{"@type":"SearchAction","target":{"@type":"EntryPoint","urlTemplate":"https:\/\/sar.fr\/?s={search_term_string}"},"query-input":{"@type":"PropertyValueSpecification","valueRequired":true,"valueName":"search_term_string"}}],"inLanguage":"es"},{"@type":"Organization","@id":"https:\/\/sar.fr\/#organization","name":"Sar","url":"https:\/\/sar.fr\/","logo":{"@type":"ImageObject","inLanguage":"es","@id":"https:\/\/sar.fr\/#\/schema\/logo\/image\/","url":"","contentUrl":"","caption":"Sar"},"image":{"@id":"https:\/\/sar.fr\/#\/schema\/logo\/image\/"}}]}},"_links":{"self":[{"href":"https:\/\/sar.fr\/es\/wp-json\/wp\/v2\/pages\/4691","targetHints":{"allow":["GET"]}}],"collection":[{"href":"https:\/\/sar.fr\/es\/wp-json\/wp\/v2\/pages"}],"about":[{"href":"https:\/\/sar.fr\/es\/wp-json\/wp\/v2\/types\/page"}],"author":[{"embeddable":true,"href":"https:\/\/sar.fr\/es\/wp-json\/wp\/v2\/users\/1"}],"replies":[{"embeddable":true,"href":"https:\/\/sar.fr\/es\/wp-json\/wp\/v2\/comments?post=4691"}],"version-history":[{"count":1,"href":"https:\/\/sar.fr\/es\/wp-json\/wp\/v2\/pages\/4691\/revisions"}],"predecessor-version":[{"id":4692,"href":"https:\/\/sar.fr\/es\/wp-json\/wp\/v2\/pages\/4691\/revisions\/4692"}],"wp:attachment":[{"href":"https:\/\/sar.fr\/es\/wp-json\/wp\/v2\/media?parent=4691"}],"curies":[{"name":"wp","href":"https:\/\/api.w.org\/{rel}","templated":true}]}}