{"id":4703,"date":"2024-06-27T12:39:38","date_gmt":"2024-06-27T10:39:38","guid":{"rendered":"https:\/\/sar.fr\/unase-a-nosotros\/formacion-y-trayectoria-profesional\/"},"modified":"2025-11-03T11:46:08","modified_gmt":"2025-11-03T10:46:08","slug":"formacion-y-trayectoria-profesional","status":"publish","type":"page","link":"https:\/\/sar.fr\/es\/unase-a-nosotros\/formacion-y-trayectoria-profesional\/","title":{"rendered":"Formaci\u00f3n y trayectoria profesional"},"content":{"rendered":"\n<p class=\"has-text-align-center sous-titre\"><strong>CONSTRUYA Y DESARROLLE SU CARRERA CON SAR<\/strong><\/p>\n\n<div style=\"height:40px\" aria-hidden=\"true\" class=\"wp-block-spacer\"><\/div>\n\n<h2 class=\"wp-block-heading\">\ud83d\udcc5 Un plan de formaci\u00f3n personalizado<\/h2>\n\n<p>Porque cuidar a las mujeres y los hombres de SAR es nuestra prioridad. Cada a\u00f1o, implementamos un plan de formaci\u00f3n individualizado, definido con cada empleado durante su entrevista profesional. A trav\u00e9s del enfoque <strong>GPEC<\/strong> (Gesti\u00f3n previsional del empleo y de las competencias), identificamos sus necesidades y aspiraciones, y le brindamos los medios para hacerlas realidad con formaciones espec\u00edficas SAR:  <\/p>\n\n<ul class=\"wp-block-list\">\n<li>Formaciones t\u00e9cnicas<\/li>\n\n\n\n<li>Formaciones transversales (gesti\u00f3n, prevenci\u00f3n, etc.)<\/li>\n\n\n\n<li>Formaciones para las herramientas<\/li>\n<\/ul>\n\n<div style=\"height:80px\" aria-hidden=\"true\" class=\"wp-block-spacer\"><\/div>\n\n<h2 class=\"wp-block-heading\">\ud83d\udcc8 Promoci\u00f3n interna e igualdad de oportunidades<\/h2>\n\n<p>Todas nuestras ofertas de empleo se comparten internamente para <strong>fomentar el desarrollo profesional<\/strong> y <strong>la promoci\u00f3n interna.<\/strong> Cuando un empleado asume nuevas responsabilidades, se beneficia de las <strong>formaciones necesarias para su \u00e9xito.<\/strong> <\/p>\n\n<p>Este compromiso se inscribe en nuestra <strong>pol\u00edtica de igualdad profesional,<\/strong> orientada a construir <strong>trayectorias profesionales duraderas<\/strong> y ayudar a las mujeres y los hombres de SAR a crecer.<\/p>\n\n<div style=\"height:40px\" aria-hidden=\"true\" class=\"wp-block-spacer\"><\/div>\n\n<h3 class=\"wp-block-heading has-text-color has-link-color wp-elements-cdc401437f1d94b6ac2aac8959109836\" style=\"color:#e4211d\"><strong>En SAR,<\/strong> <strong>su futuro profesional es importante.<\/strong> \u00a1\u00danase a nosotros y convi\u00e9rtase en actor de su desarrollo!<\/h3>\n\n<p>\u00bfTiene alguna pregunta? Cont\u00e1ctenos en: <a href=\"mailto:recrutement@sar.fr\">recrutement@sar.fr<\/a> <\/p>\n","protected":false},"excerpt":{"rendered":"<p>CONSTRUYA Y DESARROLLE SU CARRERA CON SAR \ud83d\udcc5 Un plan de formaci\u00f3n personalizado Porque cuidar a las mujeres y los&#8230;<\/p>\n","protected":false},"author":1,"featured_media":0,"parent":4695,"menu_order":63,"comment_status":"closed","ping_status":"closed","template":"","meta":{"_acf_changed":false,"footnotes":""},"class_list":["post-4703","page","type-page","status-publish","hentry"],"acf":[],"yoast_head":"<!-- This site is optimized with the Yoast SEO plugin v27.3 - https:\/\/yoast.com\/product\/yoast-seo-wordpress\/ -->\n<title>Formaci\u00f3n y trayectoria profesional - SAR, Referencia en productos de se\u00f1alizaci\u00f3n vial<\/title>\n<meta name=\"description\" content=\"Desarrolla tu carrera profesional con SAR, el proveedor l\u00edder de productos de se\u00f1alizaci\u00f3n vial. \u00a1Descubre nuestras trayectorias profesionales y programas de formaci\u00f3n!\" \/>\n<meta name=\"robots\" content=\"index, follow, max-snippet:-1, max-image-preview:large, max-video-preview:-1\" \/>\n<link rel=\"canonical\" href=\"https:\/\/sar.fr\/nous-rejoindre\/parcours-formation\/\" \/>\n<meta property=\"og:locale\" content=\"es_ES\" \/>\n<meta property=\"og:type\" content=\"article\" \/>\n<meta property=\"og:title\" content=\"Formaci\u00f3n y trayectoria profesional - SAR, Referencia en productos de se\u00f1alizaci\u00f3n vial\" \/>\n<meta property=\"og:description\" content=\"Desarrolla tu carrera profesional con SAR, el proveedor l\u00edder de productos de se\u00f1alizaci\u00f3n vial. \u00a1Descubre nuestras trayectorias profesionales y programas de formaci\u00f3n!\" \/>\n<meta property=\"og:url\" content=\"https:\/\/sar.fr\/nous-rejoindre\/parcours-formation\/\" \/>\n<meta property=\"og:site_name\" content=\"SAR\" \/>\n<meta property=\"article:modified_time\" content=\"2025-11-03T10:46:08+00:00\" \/>\n<meta name=\"twitter:card\" content=\"summary_large_image\" \/>\n<meta name=\"twitter:label1\" content=\"Tiempo de lectura\" \/>\n\t<meta name=\"twitter:data1\" content=\"1 minuto\" \/>\n<script type=\"application\/ld+json\" class=\"yoast-schema-graph\">{\"@context\":\"https:\\\/\\\/schema.org\",\"@graph\":[{\"@type\":\"WebPage\",\"@id\":\"https:\\\/\\\/sar.fr\\\/nous-rejoindre\\\/parcours-formation\\\/\",\"url\":\"https:\\\/\\\/sar.fr\\\/nous-rejoindre\\\/parcours-formation\\\/\",\"name\":\"Formaci\u00f3n y trayectoria profesional - SAR, Referencia en productos de se\u00f1alizaci\u00f3n vial\",\"isPartOf\":{\"@id\":\"https:\\\/\\\/sar.fr\\\/#website\"},\"datePublished\":\"2024-06-27T10:39:38+00:00\",\"dateModified\":\"2025-11-03T10:46:08+00:00\",\"description\":\"Desarrolla tu carrera profesional con SAR, el proveedor l\u00edder de productos de se\u00f1alizaci\u00f3n vial. \u00a1Descubre nuestras trayectorias profesionales y programas de formaci\u00f3n!\",\"breadcrumb\":{\"@id\":\"https:\\\/\\\/sar.fr\\\/nous-rejoindre\\\/parcours-formation\\\/#breadcrumb\"},\"inLanguage\":\"es\",\"potentialAction\":[{\"@type\":\"ReadAction\",\"target\":[\"https:\\\/\\\/sar.fr\\\/nous-rejoindre\\\/parcours-formation\\\/\"]}]},{\"@type\":\"BreadcrumbList\",\"@id\":\"https:\\\/\\\/sar.fr\\\/nous-rejoindre\\\/parcours-formation\\\/#breadcrumb\",\"itemListElement\":[{\"@type\":\"ListItem\",\"position\":1,\"name\":\"Accueil\",\"item\":\"https:\\\/\\\/sar.fr\\\/\"},{\"@type\":\"ListItem\",\"position\":2,\"name\":\"\u00danase a nosotros\",\"item\":\"https:\\\/\\\/sar.fr\\\/nous-rejoindre\\\/\"},{\"@type\":\"ListItem\",\"position\":3,\"name\":\"Formaci\u00f3n y trayectoria profesional\"}]},{\"@type\":\"WebSite\",\"@id\":\"https:\\\/\\\/sar.fr\\\/#website\",\"url\":\"https:\\\/\\\/sar.fr\\\/\",\"name\":\"Sar\",\"description\":\"\",\"publisher\":{\"@id\":\"https:\\\/\\\/sar.fr\\\/#organization\"},\"potentialAction\":[{\"@type\":\"SearchAction\",\"target\":{\"@type\":\"EntryPoint\",\"urlTemplate\":\"https:\\\/\\\/sar.fr\\\/?s={search_term_string}\"},\"query-input\":{\"@type\":\"PropertyValueSpecification\",\"valueRequired\":true,\"valueName\":\"search_term_string\"}}],\"inLanguage\":\"es\"},{\"@type\":\"Organization\",\"@id\":\"https:\\\/\\\/sar.fr\\\/#organization\",\"name\":\"Sar\",\"url\":\"https:\\\/\\\/sar.fr\\\/\",\"logo\":{\"@type\":\"ImageObject\",\"inLanguage\":\"es\",\"@id\":\"https:\\\/\\\/sar.fr\\\/#\\\/schema\\\/logo\\\/image\\\/\",\"url\":\"\",\"contentUrl\":\"\",\"caption\":\"Sar\"},\"image\":{\"@id\":\"https:\\\/\\\/sar.fr\\\/#\\\/schema\\\/logo\\\/image\\\/\"}}]}<\/script>\n<!-- \/ Yoast SEO plugin. -->","yoast_head_json":{"title":"Formaci\u00f3n y trayectoria profesional - SAR, Referencia en productos de se\u00f1alizaci\u00f3n vial","description":"Desarrolla tu carrera profesional con SAR, el proveedor l\u00edder de productos de se\u00f1alizaci\u00f3n vial. \u00a1Descubre nuestras trayectorias profesionales y programas de formaci\u00f3n!","robots":{"index":"index","follow":"follow","max-snippet":"max-snippet:-1","max-image-preview":"max-image-preview:large","max-video-preview":"max-video-preview:-1"},"canonical":"https:\/\/sar.fr\/nous-rejoindre\/parcours-formation\/","og_locale":"es_ES","og_type":"article","og_title":"Formaci\u00f3n y trayectoria profesional - SAR, Referencia en productos de se\u00f1alizaci\u00f3n vial","og_description":"Desarrolla tu carrera profesional con SAR, el proveedor l\u00edder de productos de se\u00f1alizaci\u00f3n vial. \u00a1Descubre nuestras trayectorias profesionales y programas de formaci\u00f3n!","og_url":"https:\/\/sar.fr\/nous-rejoindre\/parcours-formation\/","og_site_name":"SAR","article_modified_time":"2025-11-03T10:46:08+00:00","twitter_card":"summary_large_image","twitter_misc":{"Tiempo de lectura":"1 minuto"},"schema":{"@context":"https:\/\/schema.org","@graph":[{"@type":"WebPage","@id":"https:\/\/sar.fr\/nous-rejoindre\/parcours-formation\/","url":"https:\/\/sar.fr\/nous-rejoindre\/parcours-formation\/","name":"Formaci\u00f3n y trayectoria profesional - SAR, Referencia en productos de se\u00f1alizaci\u00f3n vial","isPartOf":{"@id":"https:\/\/sar.fr\/#website"},"datePublished":"2024-06-27T10:39:38+00:00","dateModified":"2025-11-03T10:46:08+00:00","description":"Desarrolla tu carrera profesional con SAR, el proveedor l\u00edder de productos de se\u00f1alizaci\u00f3n vial. \u00a1Descubre nuestras trayectorias profesionales y programas de formaci\u00f3n!","breadcrumb":{"@id":"https:\/\/sar.fr\/nous-rejoindre\/parcours-formation\/#breadcrumb"},"inLanguage":"es","potentialAction":[{"@type":"ReadAction","target":["https:\/\/sar.fr\/nous-rejoindre\/parcours-formation\/"]}]},{"@type":"BreadcrumbList","@id":"https:\/\/sar.fr\/nous-rejoindre\/parcours-formation\/#breadcrumb","itemListElement":[{"@type":"ListItem","position":1,"name":"Accueil","item":"https:\/\/sar.fr\/"},{"@type":"ListItem","position":2,"name":"\u00danase a nosotros","item":"https:\/\/sar.fr\/nous-rejoindre\/"},{"@type":"ListItem","position":3,"name":"Formaci\u00f3n y trayectoria profesional"}]},{"@type":"WebSite","@id":"https:\/\/sar.fr\/#website","url":"https:\/\/sar.fr\/","name":"Sar","description":"","publisher":{"@id":"https:\/\/sar.fr\/#organization"},"potentialAction":[{"@type":"SearchAction","target":{"@type":"EntryPoint","urlTemplate":"https:\/\/sar.fr\/?s={search_term_string}"},"query-input":{"@type":"PropertyValueSpecification","valueRequired":true,"valueName":"search_term_string"}}],"inLanguage":"es"},{"@type":"Organization","@id":"https:\/\/sar.fr\/#organization","name":"Sar","url":"https:\/\/sar.fr\/","logo":{"@type":"ImageObject","inLanguage":"es","@id":"https:\/\/sar.fr\/#\/schema\/logo\/image\/","url":"","contentUrl":"","caption":"Sar"},"image":{"@id":"https:\/\/sar.fr\/#\/schema\/logo\/image\/"}}]}},"_links":{"self":[{"href":"https:\/\/sar.fr\/es\/wp-json\/wp\/v2\/pages\/4703","targetHints":{"allow":["GET"]}}],"collection":[{"href":"https:\/\/sar.fr\/es\/wp-json\/wp\/v2\/pages"}],"about":[{"href":"https:\/\/sar.fr\/es\/wp-json\/wp\/v2\/types\/page"}],"author":[{"embeddable":true,"href":"https:\/\/sar.fr\/es\/wp-json\/wp\/v2\/users\/1"}],"replies":[{"embeddable":true,"href":"https:\/\/sar.fr\/es\/wp-json\/wp\/v2\/comments?post=4703"}],"version-history":[{"count":2,"href":"https:\/\/sar.fr\/es\/wp-json\/wp\/v2\/pages\/4703\/revisions"}],"predecessor-version":[{"id":4972,"href":"https:\/\/sar.fr\/es\/wp-json\/wp\/v2\/pages\/4703\/revisions\/4972"}],"up":[{"embeddable":true,"href":"https:\/\/sar.fr\/es\/wp-json\/wp\/v2\/pages\/4695"}],"wp:attachment":[{"href":"https:\/\/sar.fr\/es\/wp-json\/wp\/v2\/media?parent=4703"}],"curies":[{"name":"wp","href":"https:\/\/api.w.org\/{rel}","templated":true}]}}