{"id":4709,"date":"2024-06-27T12:39:12","date_gmt":"2024-06-27T10:39:12","guid":{"rendered":"https:\/\/sar.fr\/unase-a-nosotros\/nuestra-politica-de-rr-hh\/"},"modified":"2025-11-03T11:44:42","modified_gmt":"2025-11-03T10:44:42","slug":"nuestra-politica-de-rr-hh","status":"publish","type":"page","link":"https:\/\/sar.fr\/es\/unase-a-nosotros\/nuestra-politica-de-rr-hh\/","title":{"rendered":"Nuestra pol\u00edtica de RR. HH."},"content":{"rendered":"\n<div style=\"height:23px\" aria-hidden=\"true\" class=\"wp-block-spacer\"><\/div>\n\n\n\n<h6 class=\"wp-block-heading has-text-align-center has-vivid-red-color has-text-color has-link-color has-medium-font-size wp-elements-a329b975964e3cc371ae3db5fdaeb12c\"><strong>ACOGER, APOYAR Y DESARROLLAR GRANDES TALENTOS<\/strong><\/h6>\n\n\n\n<div style=\"height:39px\" aria-hidden=\"true\" class=\"wp-block-spacer\"><\/div>\n\n\n\n<div class=\"wp-block-media-text alignwide is-stacked-on-mobile is-image-fill-element reveal has-background\" style=\"background-color:#8dd2fc1a;grid-template-columns:40% auto\"><figure class=\"wp-block-media-text__media\"><img loading=\"lazy\" decoding=\"async\" width=\"357\" height=\"535\" src=\"https:\/\/sar.fr\/wp-content\/uploads\/2025\/09\/SAR_2024_020-357x535.jpg\" alt=\"\" class=\"wp-image-3717 size-full\" style=\"object-position:50% 50%\" srcset=\"https:\/\/sar.fr\/wp-content\/uploads\/2025\/09\/SAR_2024_020-357x535.jpg 357w, https:\/\/sar.fr\/wp-content\/uploads\/2025\/09\/SAR_2024_020-167x250.jpg 167w, https:\/\/sar.fr\/wp-content\/uploads\/2025\/09\/SAR_2024_020-263x395.jpg 263w, https:\/\/sar.fr\/wp-content\/uploads\/2025\/09\/SAR_2024_020-1024x1536.jpg 1024w, https:\/\/sar.fr\/wp-content\/uploads\/2025\/09\/SAR_2024_020-1365x2048.jpg 1365w, https:\/\/sar.fr\/wp-content\/uploads\/2025\/09\/SAR_2024_020-scaled.jpg 1707w\" sizes=\"auto, (max-width: 357px) 100vw, 357px\" \/><\/figure><div class=\"wp-block-media-text__content\">\n<div style=\"height:20px\" aria-hidden=\"true\" class=\"wp-block-spacer\"><\/div>\n\n\n\n<p class=\"has-text-align-center has-text-color has-link-color wp-elements-1226fd6f455d6bed454f884fa68484ce\" style=\"color:#014189\"><strong>VEN Y \u00daNASE A NOSOTROS PARA COMPARTIR NUESTRA VISI\u00d3N :<\/strong><br><strong><strong style=\"color:#e4211d\">CONSTRUIR MEJOR JUNTOS<\/strong><\/strong><\/p>\n\n\n\n<p>\u00bfQuiere contribuir a mejorar la vida de todos, participar en proyectos que tengan sentido y le permitan adquirir competencias?<\/p>\n\n\n\n<p><strong>SAR ofrece una variedad de profesiones que van desde la I+D hasta la calidad, la prevenci\u00f3n, el medio ambiente y el comercio&#8230;<\/strong> <ins>Nuestros empleados forman equipos de entusiastas que comparten todos la misma visi\u00f3n:<\/ins> <a href=\"https:\/\/youtu.be\/Ijrj8ikHxX0\" target=\"_blank\" rel=\"noreferrer noopener\">Build Better Together<\/a>. <\/p>\n\n\n\n<div style=\"height:25px\" aria-hidden=\"true\" class=\"wp-block-spacer\"><\/div>\n<\/div><\/div>\n\n\n\n<div style=\"height:40px\" aria-hidden=\"true\" class=\"wp-block-spacer\"><\/div>\n\n\n\n<div class=\"wp-block-media-text is-stacked-on-mobile is-vertically-aligned-center\" style=\"grid-template-columns:40% auto\"><figure class=\"wp-block-media-text__media\"><img loading=\"lazy\" decoding=\"async\" width=\"378\" height=\"535\" src=\"https:\/\/sar.fr\/wp-content\/uploads\/2025\/10\/6-378x535.png\" alt=\"\" class=\"wp-image-4351 size-full\" srcset=\"https:\/\/sar.fr\/wp-content\/uploads\/2025\/10\/6-378x535.png 378w, https:\/\/sar.fr\/wp-content\/uploads\/2025\/10\/6-177x250.png 177w, https:\/\/sar.fr\/wp-content\/uploads\/2025\/10\/6-279x395.png 279w, https:\/\/sar.fr\/wp-content\/uploads\/2025\/10\/6-1086x1536.png 1086w, https:\/\/sar.fr\/wp-content\/uploads\/2025\/10\/6.png 1414w\" sizes=\"auto, (max-width: 378px) 100vw, 378px\" \/><\/figure><div class=\"wp-block-media-text__content\">\n<h2 class=\"wp-block-heading\"><strong><strong><strong>Construir su trayectoria<\/strong><\/strong><\/strong><\/h2>\n\n\n\n<p>Porque compartimos la <strong>misma pasi\u00f3n por construir<\/strong>. Una pasi\u00f3n \u00fatil. Al servicio de los territorios. Una profesi\u00f3n para encontrar soluciones. Y porque con nosotros, cada uno tiene la oportunidad de construirse. Desarrollando constantemente sus competencias. Utilizando t\u00e9cnicas y tecnolog\u00edas de vanguardia. Transmitiendo nuestro saber hacer. Compartiendo nuestra forma de ser.<\/p>\n\n\n\n<p><strong>Humildad. Esp\u00edritu de equipo. Excelencia. Libertad para emprender. Transparencia.    <\/strong><\/p>\n<\/div><\/div>\n\n\n\n<div style=\"height:40px\" aria-hidden=\"true\" class=\"wp-block-spacer\"><\/div>\n\n\n\n<div class=\"wp-block-media-text is-stacked-on-mobile is-vertically-aligned-center\" style=\"grid-template-columns:40% auto\"><figure class=\"wp-block-media-text__media\"><img loading=\"lazy\" decoding=\"async\" width=\"378\" height=\"535\" src=\"https:\/\/sar.fr\/wp-content\/uploads\/2025\/10\/7-378x535.png\" alt=\"\" class=\"wp-image-4353 size-full\" srcset=\"https:\/\/sar.fr\/wp-content\/uploads\/2025\/10\/7-378x535.png 378w, https:\/\/sar.fr\/wp-content\/uploads\/2025\/10\/7-177x250.png 177w, https:\/\/sar.fr\/wp-content\/uploads\/2025\/10\/7-279x395.png 279w, https:\/\/sar.fr\/wp-content\/uploads\/2025\/10\/7-1086x1536.png 1086w, https:\/\/sar.fr\/wp-content\/uploads\/2025\/10\/7.png 1414w\" sizes=\"auto, (max-width: 378px) 100vw, 378px\" \/><\/figure><div class=\"wp-block-media-text__content\">\n<h2 class=\"wp-block-heading\"><strong><strong><strong><strong><strong>Construir \u00fatil<\/strong><\/strong><\/strong><\/strong><\/strong><\/h2>\n\n\n\n<p>Porque \u201c<strong>good<\/strong>\u201d e incluso \u201c<strong>great<\/strong>\u201d no son suficientes. Cultivamos una gesti\u00f3n basada en la autonom\u00eda y la confianza. Para permitir que los responsables de nuestras obras y nuestros centros tomen decisiones sobre el terreno. Dentro de una empresa cada vez m\u00e1s <strong>inclusiva<\/strong> y cada vez m\u00e1s<strong> comprometida <\/strong>con el <strong>medio ambiente<\/strong> y la <strong>sociedad<\/strong>.   <\/p>\n\n\n\n<div style=\"height:100px\" aria-hidden=\"true\" class=\"wp-block-spacer\"><\/div>\n<\/div><\/div>\n\n\n\n<div style=\"height:40px\" aria-hidden=\"true\" class=\"wp-block-spacer\"><\/div>\n\n\n\n<div class=\"wp-block-media-text is-stacked-on-mobile\" style=\"grid-template-columns:40% auto\"><figure class=\"wp-block-media-text__media\"><img loading=\"lazy\" decoding=\"async\" width=\"535\" height=\"535\" src=\"https:\/\/sar.fr\/wp-content\/uploads\/2024\/07\/EQUIPEMENT-DE-LA-ROUTE_TOGETHER_1-535x535.png\" alt=\"\" class=\"wp-image-1810 size-full\" srcset=\"https:\/\/sar.fr\/wp-content\/uploads\/2024\/07\/EQUIPEMENT-DE-LA-ROUTE_TOGETHER_1-535x535.png 535w, https:\/\/sar.fr\/wp-content\/uploads\/2024\/07\/EQUIPEMENT-DE-LA-ROUTE_TOGETHER_1-250x250.png 250w, https:\/\/sar.fr\/wp-content\/uploads\/2024\/07\/EQUIPEMENT-DE-LA-ROUTE_TOGETHER_1-395x395.png 395w, https:\/\/sar.fr\/wp-content\/uploads\/2024\/07\/EQUIPEMENT-DE-LA-ROUTE_TOGETHER_1-500x500.png 500w, https:\/\/sar.fr\/wp-content\/uploads\/2024\/07\/EQUIPEMENT-DE-LA-ROUTE_TOGETHER_1.png 1080w\" sizes=\"auto, (max-width: 535px) 100vw, 535px\" \/><\/figure><div class=\"wp-block-media-text__content\">\n<h2 class=\"wp-block-heading\"><strong><strong><strong><strong><strong><strong><strong><strong><strong><strong>Construir con valores<\/strong><\/strong><\/strong><\/strong><\/strong><\/strong><\/strong><\/strong><\/strong><\/strong><\/h2>\n\n\n\n<p>Porque para nosotros, las <strong>personas son lo primero<\/strong>. Para nuestros empleados. Porque su \u00e9xito, su bienestar y su seguridad son nuestra prioridad. Porque creemos en el <strong>trabajo en equipo<\/strong>. Y en la solidaridad. Para nuestros clientes y aquellos para quienes trabajamos. Porque de los di\u00e1logos constructivos siempre surgen buenos proyectos. As\u00ed que s\u00ed, es tan simple como&#8230; uno, dos, tres. Y cada d\u00eda, mucho m\u00e1s. \u00a1Gracias a las mujeres y los hombres como ustedes!        <\/p>\n<\/div><\/div>\n\n\n\n<div style=\"height:40px\" aria-hidden=\"true\" class=\"wp-block-spacer\"><\/div>\n\n\n\n<div class=\"wp-block-columns is-layout-flex wp-container-core-columns-is-layout-9d6595d7 wp-block-columns-is-layout-flex\">\n<div class=\"wp-block-column is-layout-flow wp-block-column-is-layout-flow\">\n<figure class=\"wp-block-embed is-type-video is-provider-youtube wp-block-embed-youtube wp-embed-aspect-16-9 wp-has-aspect-ratio vid-centered\"><div class=\"wp-block-embed__wrapper\">\n<div class=\"oembed\">\n\t<iframe loading=\"lazy\" title=\"Build Better Together\" width=\"500\" height=\"281\" src=\"https:\/\/www.youtube.com\/embed\/Ijrj8ikHxX0?feature=oembed\" frameborder=\"0\" allow=\"accelerometer; autoplay; clipboard-write; encrypted-media; gyroscope; picture-in-picture; web-share\" referrerpolicy=\"strict-origin-when-cross-origin\" allowfullscreen><\/iframe><\/div>\n\n<\/div><\/figure>\n<\/div>\n<\/div>\n\n\n\n<p><\/p>\n","protected":false},"excerpt":{"rendered":"<p>ACOGER, APOYAR Y DESARROLLAR GRANDES TALENTOS Construir su trayectoria Porque compartimos la misma pasi\u00f3n por construir. Una pasi\u00f3n \u00fatil. Al&#8230;<\/p>\n","protected":false},"author":1,"featured_media":0,"parent":4695,"menu_order":67,"comment_status":"closed","ping_status":"closed","template":"","meta":{"_acf_changed":false,"footnotes":""},"class_list":["post-4709","page","type-page","status-publish","hentry"],"acf":[],"yoast_head":"<!-- This site is optimized with the Yoast SEO plugin v27.3 - https:\/\/yoast.com\/product\/yoast-seo-wordpress\/ -->\n<title>Nuestra pol\u00edtica de RR. HH. - SAR, Referencia en productos de se\u00f1alizaci\u00f3n vial<\/title>\n<meta name=\"description\" content=\"\u00a1En SAR, nuestros empleados forman equipos de entusiastas que comparten la misma visi\u00f3n!\" \/>\n<meta name=\"robots\" content=\"index, follow, max-snippet:-1, max-image-preview:large, max-video-preview:-1\" \/>\n<link rel=\"canonical\" href=\"https:\/\/sar.fr\/nous-rejoindre\/notre-politique-rh\/\" \/>\n<meta property=\"og:locale\" content=\"es_ES\" \/>\n<meta property=\"og:type\" content=\"article\" \/>\n<meta property=\"og:title\" content=\"Nuestra pol\u00edtica de RR. HH. - SAR, Referencia en productos de se\u00f1alizaci\u00f3n vial\" \/>\n<meta property=\"og:description\" content=\"\u00a1En SAR, nuestros empleados forman equipos de entusiastas que comparten la misma visi\u00f3n!\" \/>\n<meta property=\"og:url\" content=\"https:\/\/sar.fr\/nous-rejoindre\/notre-politique-rh\/\" \/>\n<meta property=\"og:site_name\" content=\"SAR\" \/>\n<meta property=\"article:modified_time\" content=\"2025-11-03T10:44:42+00:00\" \/>\n<meta property=\"og:image\" content=\"https:\/\/sar.fr\/wp-content\/uploads\/2025\/09\/SAR_2024_020-scaled.jpg\" \/>\n\t<meta property=\"og:image:width\" content=\"1707\" \/>\n\t<meta property=\"og:image:height\" content=\"2560\" \/>\n\t<meta property=\"og:image:type\" content=\"image\/jpeg\" \/>\n<meta name=\"twitter:card\" content=\"summary_large_image\" \/>\n<meta name=\"twitter:label1\" content=\"Tiempo de lectura\" \/>\n\t<meta name=\"twitter:data1\" content=\"3 minutos\" \/>\n<script type=\"application\/ld+json\" class=\"yoast-schema-graph\">{\"@context\":\"https:\\\/\\\/schema.org\",\"@graph\":[{\"@type\":\"WebPage\",\"@id\":\"https:\\\/\\\/sar.fr\\\/nous-rejoindre\\\/notre-politique-rh\\\/\",\"url\":\"https:\\\/\\\/sar.fr\\\/nous-rejoindre\\\/notre-politique-rh\\\/\",\"name\":\"Nuestra pol\u00edtica de RR. HH. - SAR, Referencia en productos de se\u00f1alizaci\u00f3n vial\",\"isPartOf\":{\"@id\":\"https:\\\/\\\/sar.fr\\\/#website\"},\"primaryImageOfPage\":{\"@id\":\"https:\\\/\\\/sar.fr\\\/nous-rejoindre\\\/notre-politique-rh\\\/#primaryimage\"},\"image\":{\"@id\":\"https:\\\/\\\/sar.fr\\\/nous-rejoindre\\\/notre-politique-rh\\\/#primaryimage\"},\"thumbnailUrl\":\"https:\\\/\\\/sar.fr\\\/wp-content\\\/uploads\\\/2025\\\/09\\\/SAR_2024_020-357x535.jpg\",\"datePublished\":\"2024-06-27T10:39:12+00:00\",\"dateModified\":\"2025-11-03T10:44:42+00:00\",\"description\":\"\u00a1En SAR, nuestros empleados forman equipos de entusiastas que comparten la misma visi\u00f3n!\",\"breadcrumb\":{\"@id\":\"https:\\\/\\\/sar.fr\\\/nous-rejoindre\\\/notre-politique-rh\\\/#breadcrumb\"},\"inLanguage\":\"es\",\"potentialAction\":[{\"@type\":\"ReadAction\",\"target\":[\"https:\\\/\\\/sar.fr\\\/nous-rejoindre\\\/notre-politique-rh\\\/\"]}]},{\"@type\":\"ImageObject\",\"inLanguage\":\"es\",\"@id\":\"https:\\\/\\\/sar.fr\\\/nous-rejoindre\\\/notre-politique-rh\\\/#primaryimage\",\"url\":\"https:\\\/\\\/sar.fr\\\/wp-content\\\/uploads\\\/2025\\\/09\\\/SAR_2024_020-357x535.jpg\",\"contentUrl\":\"https:\\\/\\\/sar.fr\\\/wp-content\\\/uploads\\\/2025\\\/09\\\/SAR_2024_020-357x535.jpg\"},{\"@type\":\"BreadcrumbList\",\"@id\":\"https:\\\/\\\/sar.fr\\\/nous-rejoindre\\\/notre-politique-rh\\\/#breadcrumb\",\"itemListElement\":[{\"@type\":\"ListItem\",\"position\":1,\"name\":\"Accueil\",\"item\":\"https:\\\/\\\/sar.fr\\\/\"},{\"@type\":\"ListItem\",\"position\":2,\"name\":\"\u00danase a nosotros\",\"item\":\"https:\\\/\\\/sar.fr\\\/nous-rejoindre\\\/\"},{\"@type\":\"ListItem\",\"position\":3,\"name\":\"Nuestra pol\u00edtica de RR. HH.\"}]},{\"@type\":\"WebSite\",\"@id\":\"https:\\\/\\\/sar.fr\\\/#website\",\"url\":\"https:\\\/\\\/sar.fr\\\/\",\"name\":\"Sar\",\"description\":\"\",\"publisher\":{\"@id\":\"https:\\\/\\\/sar.fr\\\/#organization\"},\"potentialAction\":[{\"@type\":\"SearchAction\",\"target\":{\"@type\":\"EntryPoint\",\"urlTemplate\":\"https:\\\/\\\/sar.fr\\\/?s={search_term_string}\"},\"query-input\":{\"@type\":\"PropertyValueSpecification\",\"valueRequired\":true,\"valueName\":\"search_term_string\"}}],\"inLanguage\":\"es\"},{\"@type\":\"Organization\",\"@id\":\"https:\\\/\\\/sar.fr\\\/#organization\",\"name\":\"Sar\",\"url\":\"https:\\\/\\\/sar.fr\\\/\",\"logo\":{\"@type\":\"ImageObject\",\"inLanguage\":\"es\",\"@id\":\"https:\\\/\\\/sar.fr\\\/#\\\/schema\\\/logo\\\/image\\\/\",\"url\":\"\",\"contentUrl\":\"\",\"caption\":\"Sar\"},\"image\":{\"@id\":\"https:\\\/\\\/sar.fr\\\/#\\\/schema\\\/logo\\\/image\\\/\"}}]}<\/script>\n<!-- \/ Yoast SEO plugin. -->","yoast_head_json":{"title":"Nuestra pol\u00edtica de RR. HH. - SAR, Referencia en productos de se\u00f1alizaci\u00f3n vial","description":"\u00a1En SAR, nuestros empleados forman equipos de entusiastas que comparten la misma visi\u00f3n!","robots":{"index":"index","follow":"follow","max-snippet":"max-snippet:-1","max-image-preview":"max-image-preview:large","max-video-preview":"max-video-preview:-1"},"canonical":"https:\/\/sar.fr\/nous-rejoindre\/notre-politique-rh\/","og_locale":"es_ES","og_type":"article","og_title":"Nuestra pol\u00edtica de RR. HH. - SAR, Referencia en productos de se\u00f1alizaci\u00f3n vial","og_description":"\u00a1En SAR, nuestros empleados forman equipos de entusiastas que comparten la misma visi\u00f3n!","og_url":"https:\/\/sar.fr\/nous-rejoindre\/notre-politique-rh\/","og_site_name":"SAR","article_modified_time":"2025-11-03T10:44:42+00:00","og_image":[{"width":1707,"height":2560,"url":"https:\/\/sar.fr\/wp-content\/uploads\/2025\/09\/SAR_2024_020-scaled.jpg","type":"image\/jpeg"}],"twitter_card":"summary_large_image","twitter_misc":{"Tiempo de lectura":"3 minutos"},"schema":{"@context":"https:\/\/schema.org","@graph":[{"@type":"WebPage","@id":"https:\/\/sar.fr\/nous-rejoindre\/notre-politique-rh\/","url":"https:\/\/sar.fr\/nous-rejoindre\/notre-politique-rh\/","name":"Nuestra pol\u00edtica de RR. HH. - SAR, Referencia en productos de se\u00f1alizaci\u00f3n vial","isPartOf":{"@id":"https:\/\/sar.fr\/#website"},"primaryImageOfPage":{"@id":"https:\/\/sar.fr\/nous-rejoindre\/notre-politique-rh\/#primaryimage"},"image":{"@id":"https:\/\/sar.fr\/nous-rejoindre\/notre-politique-rh\/#primaryimage"},"thumbnailUrl":"https:\/\/sar.fr\/wp-content\/uploads\/2025\/09\/SAR_2024_020-357x535.jpg","datePublished":"2024-06-27T10:39:12+00:00","dateModified":"2025-11-03T10:44:42+00:00","description":"\u00a1En SAR, nuestros empleados forman equipos de entusiastas que comparten la misma visi\u00f3n!","breadcrumb":{"@id":"https:\/\/sar.fr\/nous-rejoindre\/notre-politique-rh\/#breadcrumb"},"inLanguage":"es","potentialAction":[{"@type":"ReadAction","target":["https:\/\/sar.fr\/nous-rejoindre\/notre-politique-rh\/"]}]},{"@type":"ImageObject","inLanguage":"es","@id":"https:\/\/sar.fr\/nous-rejoindre\/notre-politique-rh\/#primaryimage","url":"https:\/\/sar.fr\/wp-content\/uploads\/2025\/09\/SAR_2024_020-357x535.jpg","contentUrl":"https:\/\/sar.fr\/wp-content\/uploads\/2025\/09\/SAR_2024_020-357x535.jpg"},{"@type":"BreadcrumbList","@id":"https:\/\/sar.fr\/nous-rejoindre\/notre-politique-rh\/#breadcrumb","itemListElement":[{"@type":"ListItem","position":1,"name":"Accueil","item":"https:\/\/sar.fr\/"},{"@type":"ListItem","position":2,"name":"\u00danase a nosotros","item":"https:\/\/sar.fr\/nous-rejoindre\/"},{"@type":"ListItem","position":3,"name":"Nuestra pol\u00edtica de RR. HH."}]},{"@type":"WebSite","@id":"https:\/\/sar.fr\/#website","url":"https:\/\/sar.fr\/","name":"Sar","description":"","publisher":{"@id":"https:\/\/sar.fr\/#organization"},"potentialAction":[{"@type":"SearchAction","target":{"@type":"EntryPoint","urlTemplate":"https:\/\/sar.fr\/?s={search_term_string}"},"query-input":{"@type":"PropertyValueSpecification","valueRequired":true,"valueName":"search_term_string"}}],"inLanguage":"es"},{"@type":"Organization","@id":"https:\/\/sar.fr\/#organization","name":"Sar","url":"https:\/\/sar.fr\/","logo":{"@type":"ImageObject","inLanguage":"es","@id":"https:\/\/sar.fr\/#\/schema\/logo\/image\/","url":"","contentUrl":"","caption":"Sar"},"image":{"@id":"https:\/\/sar.fr\/#\/schema\/logo\/image\/"}}]}},"_links":{"self":[{"href":"https:\/\/sar.fr\/es\/wp-json\/wp\/v2\/pages\/4709","targetHints":{"allow":["GET"]}}],"collection":[{"href":"https:\/\/sar.fr\/es\/wp-json\/wp\/v2\/pages"}],"about":[{"href":"https:\/\/sar.fr\/es\/wp-json\/wp\/v2\/types\/page"}],"author":[{"embeddable":true,"href":"https:\/\/sar.fr\/es\/wp-json\/wp\/v2\/users\/1"}],"replies":[{"embeddable":true,"href":"https:\/\/sar.fr\/es\/wp-json\/wp\/v2\/comments?post=4709"}],"version-history":[{"count":5,"href":"https:\/\/sar.fr\/es\/wp-json\/wp\/v2\/pages\/4709\/revisions"}],"predecessor-version":[{"id":4970,"href":"https:\/\/sar.fr\/es\/wp-json\/wp\/v2\/pages\/4709\/revisions\/4970"}],"up":[{"embeddable":true,"href":"https:\/\/sar.fr\/es\/wp-json\/wp\/v2\/pages\/4695"}],"wp:attachment":[{"href":"https:\/\/sar.fr\/es\/wp-json\/wp\/v2\/media?parent=4709"}],"curies":[{"name":"wp","href":"https:\/\/api.w.org\/{rel}","templated":true}]}}