{"id":4721,"date":"2024-04-02T15:12:40","date_gmt":"2024-04-02T13:12:40","guid":{"rendered":"https:\/\/sar.fr\/aviso-legal\/"},"modified":"2025-11-03T17:32:37","modified_gmt":"2025-11-03T16:32:37","slug":"aviso-legal","status":"publish","type":"page","link":"https:\/\/sar.fr\/es\/aviso-legal\/","title":{"rendered":"AVISO LEGAL"},"content":{"rendered":"\n<div style=\"height:35px\" aria-hidden=\"true\" class=\"wp-block-spacer\"><\/div>\n\n\n\n<h3 class=\"wp-block-heading\">Sociedad SAR:<\/h3>\n\n\n\n<p><br>SAR es una sociedad por acciones simplificada (<em>soci\u00e9t\u00e9 par actions simplifi\u00e9e<\/em>) con un capital de 764&nbsp;872,00 euros, cuyo domicilio social se encuentra en 12\/14 rue Louis Bl\u00e9riot, Immeuble Seine Way, 92500 Rueil-Malmaison, inscrita en el Registro Mercantil de Nanterre con el n\u00famero 509&nbsp;349&nbsp;494, representada por D. Fran\u00e7ois Chevallier en su calidad de Presidente.<\/p>\n\n\n\n<p><br>Datos de contacto: <\/p>\n\n\n\n<ul class=\"wp-block-list\">\n<li>Tel\u00e9fono: +33 1 41 20 31 00<\/li>\n<\/ul>\n\n\n\n<div style=\"height:40px\" aria-hidden=\"true\" class=\"wp-block-spacer\"><\/div>\n\n\n\n<h3 class=\"wp-block-heading\">Editor:<\/h3>\n\n\n\n<p>El sitio web <a href=\"http:\/\/www.sar.fr\">www.sar.fr<\/a> (en adelante, el \u00ab<strong>Sitio<\/strong>\u00bb) est\u00e1 editado por VCSP R\u00e9seaux France, sociedad por acciones simplificada (<em>soci\u00e9t\u00e9 par actions simplifi\u00e9e<\/em>) con un capital social de 1000,00 euros, inscrita en el Registro Mercantil de Nanterre con el n\u00famero 789\u00a0959\u00a0467, cuyo domicilio social se encuentra en 1973, boulevard de la D\u00e9fense \u2013 92000 Nanterre.<\/p>\n\n\n\n<p>Datos de contacto:<\/p>\n\n\n\n<ul class=\"wp-block-list\">\n<li>Correo electr\u00f3nico: <a href=\"mailto:communicationder@vinci-construction.com\" target=\"_blank\" rel=\"noreferrer noopener\">communicationder@vinci-construction.com<\/a><\/li>\n<\/ul>\n\n\n\n<p>Director de la publicaci\u00f3n: S\u00e9bastien Bod\u00e9, director delegado de CSP D\u00e9construction et Equipements de la route (VCSP R\u00e9seaux France).<\/p>\n\n\n\n<p>Gerente editorial: Lilia Radi, responsable de comunicaci\u00f3n \u2013 CSP D\u00e9construction et Equipements de la route (VCSP R\u00e9seaux France).<\/p>\n\n\n\n<div style=\"height:40px\" aria-hidden=\"true\" class=\"wp-block-spacer\"><\/div>\n\n\n\n<h3 class=\"wp-block-heading\">Proveedor de alojamiento:<\/h3>\n\n\n\n<p>El Sitio est\u00e1 alojado por la sociedad VINCI Construction SI, sociedad colectiva (<em>soci\u00e9t\u00e9 en nom collectif<\/em>) con un capital de 510&nbsp;000 euros, inscrita en el Registro Mercantil de Nanterre con el n\u00famero 414&nbsp;965&nbsp;053, cuyo domicilio social se encuentra en 1973, boulevard de la D\u00e9fense \u2013 92000 Nanterre, representada por Ludovic Demierre y Thierry Mirville.<\/p>\n\n\n\n<p>Datos de contacto:<\/p>\n\n\n\n<ul class=\"wp-block-list\">\n<li>Tel\u00e9fono: +33 1 57 98 61 00<\/li>\n<\/ul>\n\n\n\n<div style=\"height:40px\" aria-hidden=\"true\" class=\"wp-block-spacer\"><\/div>\n\n\n\n<h3 class=\"wp-block-heading\">Cr\u00e9ditos:<\/h3>\n\n\n\n<p>El sitio web ha sido realizado por la agencia de creaci\u00f3n web, <a href=\"https:\/\/www.people-marketing.fr\/\" target=\"_blank\" rel=\"noreferrer noopener\">People Marketing<\/a>.<\/p>\n\n\n\n<p>Fotos: fototeca SAR.<\/p>\n","protected":false},"excerpt":{"rendered":"<p>Sociedad SAR: SAR es una sociedad por acciones simplificada (soci\u00e9t\u00e9 par actions simplifi\u00e9e) con un capital de 764&nbsp;872,00 euros, cuyo&#8230;<\/p>\n","protected":false},"author":1,"featured_media":0,"parent":0,"menu_order":52,"comment_status":"closed","ping_status":"closed","template":"","meta":{"_acf_changed":false,"footnotes":""},"class_list":["post-4721","page","type-page","status-publish","hentry"],"acf":[],"yoast_head":"<!-- This site is optimized with the Yoast SEO plugin v27.4 - https:\/\/yoast.com\/product\/yoast-seo-wordpress\/ -->\n<title>AVISO LEGAL - SAR<\/title>\n<meta name=\"robots\" content=\"index, follow, max-snippet:-1, max-image-preview:large, max-video-preview:-1\" \/>\n<link rel=\"canonical\" href=\"https:\/\/sar.fr\/mentions-legales\/\" \/>\n<meta property=\"og:locale\" content=\"es_ES\" \/>\n<meta property=\"og:type\" content=\"article\" \/>\n<meta property=\"og:title\" content=\"AVISO LEGAL - SAR\" \/>\n<meta property=\"og:description\" content=\"Sociedad SAR: SAR es una sociedad por acciones simplificada (soci\u00e9t\u00e9 par actions simplifi\u00e9e) con un capital de 764&nbsp;872,00 euros, cuyo...\" \/>\n<meta property=\"og:url\" content=\"https:\/\/sar.fr\/mentions-legales\/\" \/>\n<meta property=\"og:site_name\" content=\"SAR\" \/>\n<meta property=\"article:modified_time\" content=\"2025-11-03T16:32:37+00:00\" \/>\n<meta name=\"twitter:card\" content=\"summary_large_image\" \/>\n<meta name=\"twitter:label1\" content=\"Tiempo de lectura\" \/>\n\t<meta name=\"twitter:data1\" content=\"2 minutos\" \/>\n<script type=\"application\/ld+json\" class=\"yoast-schema-graph\">{\"@context\":\"https:\\\/\\\/schema.org\",\"@graph\":[{\"@type\":\"WebPage\",\"@id\":\"https:\\\/\\\/sar.fr\\\/mentions-legales\\\/\",\"url\":\"https:\\\/\\\/sar.fr\\\/mentions-legales\\\/\",\"name\":\"AVISO LEGAL - SAR\",\"isPartOf\":{\"@id\":\"https:\\\/\\\/sar.fr\\\/#website\"},\"datePublished\":\"2024-04-02T13:12:40+00:00\",\"dateModified\":\"2025-11-03T16:32:37+00:00\",\"breadcrumb\":{\"@id\":\"https:\\\/\\\/sar.fr\\\/mentions-legales\\\/#breadcrumb\"},\"inLanguage\":\"es\",\"potentialAction\":[{\"@type\":\"ReadAction\",\"target\":[\"https:\\\/\\\/sar.fr\\\/mentions-legales\\\/\"]}]},{\"@type\":\"BreadcrumbList\",\"@id\":\"https:\\\/\\\/sar.fr\\\/mentions-legales\\\/#breadcrumb\",\"itemListElement\":[{\"@type\":\"ListItem\",\"position\":1,\"name\":\"Accueil\",\"item\":\"https:\\\/\\\/sar.fr\\\/\"},{\"@type\":\"ListItem\",\"position\":2,\"name\":\"AVISO LEGAL\"}]},{\"@type\":\"WebSite\",\"@id\":\"https:\\\/\\\/sar.fr\\\/#website\",\"url\":\"https:\\\/\\\/sar.fr\\\/\",\"name\":\"Sar\",\"description\":\"\",\"publisher\":{\"@id\":\"https:\\\/\\\/sar.fr\\\/#organization\"},\"potentialAction\":[{\"@type\":\"SearchAction\",\"target\":{\"@type\":\"EntryPoint\",\"urlTemplate\":\"https:\\\/\\\/sar.fr\\\/?s={search_term_string}\"},\"query-input\":{\"@type\":\"PropertyValueSpecification\",\"valueRequired\":true,\"valueName\":\"search_term_string\"}}],\"inLanguage\":\"es\"},{\"@type\":\"Organization\",\"@id\":\"https:\\\/\\\/sar.fr\\\/#organization\",\"name\":\"Sar\",\"url\":\"https:\\\/\\\/sar.fr\\\/\",\"logo\":{\"@type\":\"ImageObject\",\"inLanguage\":\"es\",\"@id\":\"https:\\\/\\\/sar.fr\\\/#\\\/schema\\\/logo\\\/image\\\/\",\"url\":\"\",\"contentUrl\":\"\",\"caption\":\"Sar\"},\"image\":{\"@id\":\"https:\\\/\\\/sar.fr\\\/#\\\/schema\\\/logo\\\/image\\\/\"}}]}<\/script>\n<!-- \/ Yoast SEO plugin. -->","yoast_head_json":{"title":"AVISO LEGAL - SAR","robots":{"index":"index","follow":"follow","max-snippet":"max-snippet:-1","max-image-preview":"max-image-preview:large","max-video-preview":"max-video-preview:-1"},"canonical":"https:\/\/sar.fr\/mentions-legales\/","og_locale":"es_ES","og_type":"article","og_title":"AVISO LEGAL - SAR","og_description":"Sociedad SAR: SAR es una sociedad por acciones simplificada (soci\u00e9t\u00e9 par actions simplifi\u00e9e) con un capital de 764&nbsp;872,00 euros, cuyo...","og_url":"https:\/\/sar.fr\/mentions-legales\/","og_site_name":"SAR","article_modified_time":"2025-11-03T16:32:37+00:00","twitter_card":"summary_large_image","twitter_misc":{"Tiempo de lectura":"2 minutos"},"schema":{"@context":"https:\/\/schema.org","@graph":[{"@type":"WebPage","@id":"https:\/\/sar.fr\/mentions-legales\/","url":"https:\/\/sar.fr\/mentions-legales\/","name":"AVISO LEGAL - SAR","isPartOf":{"@id":"https:\/\/sar.fr\/#website"},"datePublished":"2024-04-02T13:12:40+00:00","dateModified":"2025-11-03T16:32:37+00:00","breadcrumb":{"@id":"https:\/\/sar.fr\/mentions-legales\/#breadcrumb"},"inLanguage":"es","potentialAction":[{"@type":"ReadAction","target":["https:\/\/sar.fr\/mentions-legales\/"]}]},{"@type":"BreadcrumbList","@id":"https:\/\/sar.fr\/mentions-legales\/#breadcrumb","itemListElement":[{"@type":"ListItem","position":1,"name":"Accueil","item":"https:\/\/sar.fr\/"},{"@type":"ListItem","position":2,"name":"AVISO LEGAL"}]},{"@type":"WebSite","@id":"https:\/\/sar.fr\/#website","url":"https:\/\/sar.fr\/","name":"Sar","description":"","publisher":{"@id":"https:\/\/sar.fr\/#organization"},"potentialAction":[{"@type":"SearchAction","target":{"@type":"EntryPoint","urlTemplate":"https:\/\/sar.fr\/?s={search_term_string}"},"query-input":{"@type":"PropertyValueSpecification","valueRequired":true,"valueName":"search_term_string"}}],"inLanguage":"es"},{"@type":"Organization","@id":"https:\/\/sar.fr\/#organization","name":"Sar","url":"https:\/\/sar.fr\/","logo":{"@type":"ImageObject","inLanguage":"es","@id":"https:\/\/sar.fr\/#\/schema\/logo\/image\/","url":"","contentUrl":"","caption":"Sar"},"image":{"@id":"https:\/\/sar.fr\/#\/schema\/logo\/image\/"}}]}},"_links":{"self":[{"href":"https:\/\/sar.fr\/es\/wp-json\/wp\/v2\/pages\/4721","targetHints":{"allow":["GET"]}}],"collection":[{"href":"https:\/\/sar.fr\/es\/wp-json\/wp\/v2\/pages"}],"about":[{"href":"https:\/\/sar.fr\/es\/wp-json\/wp\/v2\/types\/page"}],"author":[{"embeddable":true,"href":"https:\/\/sar.fr\/es\/wp-json\/wp\/v2\/users\/1"}],"replies":[{"embeddable":true,"href":"https:\/\/sar.fr\/es\/wp-json\/wp\/v2\/comments?post=4721"}],"version-history":[{"count":10,"href":"https:\/\/sar.fr\/es\/wp-json\/wp\/v2\/pages\/4721\/revisions"}],"predecessor-version":[{"id":5058,"href":"https:\/\/sar.fr\/es\/wp-json\/wp\/v2\/pages\/4721\/revisions\/5058"}],"wp:attachment":[{"href":"https:\/\/sar.fr\/es\/wp-json\/wp\/v2\/media?parent=4721"}],"curies":[{"name":"wp","href":"https:\/\/api.w.org\/{rel}","templated":true}]}}