{"id":4727,"date":"2024-04-02T10:59:21","date_gmt":"2024-04-02T08:59:21","guid":{"rendered":"https:\/\/sar.fr\/?page_id=4727"},"modified":"2025-11-03T17:45:05","modified_gmt":"2025-11-03T16:45:05","slug":"inicio","status":"publish","type":"page","link":"https:\/\/sar.fr\/es\/","title":{"rendered":"Inicio"},"content":{"rendered":"\n<p class=\"has-text-align-left has-medium-font-size\">Bienvenido a SAR, su socio de confianza en equipamiento vial. Fabricante franc\u00e9s , dise\u00f1amos, fabricamos y comercializamos una gama completa de productos de se\u00f1alizaci\u00f3n horizontal<\/p>\n\n\n\n<div style=\"height:50px\" aria-hidden=\"true\" class=\"wp-block-spacer\"><\/div>\n\n\n\n<h3 class=\"wp-block-heading has-text-align-center has-text-color has-link-color wp-elements-d72c0e750eaeb38f2f4e8718fa88b3d4\" style=\"color:#014189;font-size:30px\">DESCUBRE NUESTRA GAMA FRANCIA<\/h3>\n\n\n\n<div style=\"height:40px\" aria-hidden=\"true\" class=\"wp-block-spacer\"><\/div>\n\n\n\n<div class=\"wp-block-columns is-layout-flex wp-container-core-columns-is-layout-9d6595d7 wp-block-columns-is-layout-flex\">\n<div class=\"wp-block-column p-2 is-layout-flow wp-block-column-is-layout-flow\">\n<a href=\"https:\/\/sar.fr\/nos-produits\/notre-gamme-france\/?categorie=produits-amenagement-securite\" style=\"text-decoration-color: #ffffff !important;\">\n    <div class=\"home-action\" style=\"background-color: #1a4384;\">\n        <div class=\"content\">\n            <i class=\"picto wow fadeInLeft\" style=\"background-image: url(https:\/\/sar.fr\/wp-content\/uploads\/2025\/09\/picto_blanc-amenagements-securite_V2.png)\"><\/i>\n            <span class=\"wow fadeInDown\" style=\"color: #ffffff !important;\">\n                <h4><span>Productos de ajuste de seguridad<\/span><\/h4>\n            <\/span>\n        <\/div>\n    <\/div>\n<\/a><\/div>\n\n\n\n<div class=\"wp-block-column p-2 is-layout-flow wp-block-column-is-layout-flow\">\n<a href=\"https:\/\/sar.fr\/nos-produits\/notre-gamme-france\/?categorie=produits-marquage\" style=\"text-decoration-color: #ffffff !important;\">\n    <div class=\"home-action\" style=\"background-color: #1a4384;\">\n        <div class=\"content\">\n            <i class=\"picto wow fadeInLeft\" style=\"background-image: url(https:\/\/sar.fr\/wp-content\/uploads\/2025\/05\/Pot-Peinture-1-250x250.png)\"><\/i>\n            <span class=\"wow fadeInDown\" style=\"color: #ffffff !important;\">\n                <h4><span>Productos de marcado<\/span><\/h4>\n            <\/span>\n        <\/div>\n    <\/div>\n<\/a><\/div>\n\n\n\n<div class=\"wp-block-column p-2 is-layout-flow wp-block-column-is-layout-flow\">\n<a href=\"https:\/\/sar.fr\/nos-produits\/notre-gamme-france\/?categorie=produits-specifiques\" style=\"text-decoration-color: #ffffff !important;\">\n    <div class=\"home-action\" style=\"background-color: #1a4384;\">\n        <div class=\"content\">\n            <i class=\"picto wow fadeInLeft\" style=\"background-image: url(https:\/\/sar.fr\/wp-content\/uploads\/2025\/09\/picto_blanc-prd-specifique.png)\"><\/i>\n            <span class=\"wow fadeInDown\" style=\"color: #ffffff !important;\">\n                <h4><span>Productos espec\u00edficos<\/span><\/h4>\n            <\/span>\n        <\/div>\n    <\/div>\n<\/a><\/div>\n<\/div>\n","protected":false},"excerpt":{"rendered":"<p>Bienvenido a SAR, su socio de confianza en equipamiento vial. Fabricante franc\u00e9s , dise\u00f1amos, fabricamos y comercializamos una gama completa&#8230;<\/p>\n","protected":false},"author":4,"featured_media":0,"parent":0,"menu_order":94,"comment_status":"closed","ping_status":"closed","template":"","meta":{"_acf_changed":false,"footnotes":""},"class_list":["post-4727","page","type-page","status-publish","hentry"],"acf":[],"yoast_head":"<!-- This site is optimized with the Yoast SEO plugin v27.3 - https:\/\/yoast.com\/product\/yoast-seo-wordpress\/ -->\n<title>Inicio - SAR<\/title>\n<meta name=\"robots\" content=\"index, follow, max-snippet:-1, max-image-preview:large, max-video-preview:-1\" \/>\n<link rel=\"canonical\" href=\"https:\/\/sar.fr\/\" \/>\n<meta property=\"og:locale\" content=\"es_ES\" \/>\n<meta property=\"og:type\" content=\"article\" \/>\n<meta property=\"og:title\" content=\"Inicio - SAR\" \/>\n<meta property=\"og:description\" content=\"Bienvenido a SAR, su socio de confianza en equipamiento vial. Fabricante franc\u00e9s , dise\u00f1amos, fabricamos y comercializamos una gama completa...\" \/>\n<meta property=\"og:url\" content=\"https:\/\/sar.fr\/\" \/>\n<meta property=\"og:site_name\" content=\"SAR\" \/>\n<meta property=\"article:modified_time\" content=\"2025-11-03T16:45:05+00:00\" \/>\n<meta name=\"twitter:card\" content=\"summary_large_image\" \/>\n<meta name=\"twitter:label1\" content=\"Tiempo de lectura\" \/>\n\t<meta name=\"twitter:data1\" content=\"1 minuto\" \/>\n<script type=\"application\/ld+json\" class=\"yoast-schema-graph\">{\"@context\":\"https:\\\/\\\/schema.org\",\"@graph\":[{\"@type\":\"WebPage\",\"@id\":\"https:\\\/\\\/sar.fr\\\/\",\"url\":\"https:\\\/\\\/sar.fr\\\/\",\"name\":\"Inicio - SAR\",\"isPartOf\":{\"@id\":\"https:\\\/\\\/sar.fr\\\/#website\"},\"datePublished\":\"2024-04-02T08:59:21+00:00\",\"dateModified\":\"2025-11-03T16:45:05+00:00\",\"breadcrumb\":{\"@id\":\"https:\\\/\\\/sar.fr\\\/#breadcrumb\"},\"inLanguage\":\"es\",\"potentialAction\":[{\"@type\":\"ReadAction\",\"target\":[\"https:\\\/\\\/sar.fr\\\/\"]}]},{\"@type\":\"BreadcrumbList\",\"@id\":\"https:\\\/\\\/sar.fr\\\/#breadcrumb\",\"itemListElement\":[{\"@type\":\"ListItem\",\"position\":1,\"name\":\"Accueil\",\"item\":\"https:\\\/\\\/sar.fr\\\/\"},{\"@type\":\"ListItem\",\"position\":2,\"name\":\"Inicio\"}]},{\"@type\":\"WebSite\",\"@id\":\"https:\\\/\\\/sar.fr\\\/#website\",\"url\":\"https:\\\/\\\/sar.fr\\\/\",\"name\":\"Sar\",\"description\":\"\",\"publisher\":{\"@id\":\"https:\\\/\\\/sar.fr\\\/#organization\"},\"potentialAction\":[{\"@type\":\"SearchAction\",\"target\":{\"@type\":\"EntryPoint\",\"urlTemplate\":\"https:\\\/\\\/sar.fr\\\/?s={search_term_string}\"},\"query-input\":{\"@type\":\"PropertyValueSpecification\",\"valueRequired\":true,\"valueName\":\"search_term_string\"}}],\"inLanguage\":\"es\"},{\"@type\":\"Organization\",\"@id\":\"https:\\\/\\\/sar.fr\\\/#organization\",\"name\":\"Sar\",\"url\":\"https:\\\/\\\/sar.fr\\\/\",\"logo\":{\"@type\":\"ImageObject\",\"inLanguage\":\"es\",\"@id\":\"https:\\\/\\\/sar.fr\\\/#\\\/schema\\\/logo\\\/image\\\/\",\"url\":\"\",\"contentUrl\":\"\",\"caption\":\"Sar\"},\"image\":{\"@id\":\"https:\\\/\\\/sar.fr\\\/#\\\/schema\\\/logo\\\/image\\\/\"}}]}<\/script>\n<!-- \/ Yoast SEO plugin. -->","yoast_head_json":{"title":"Inicio - SAR","robots":{"index":"index","follow":"follow","max-snippet":"max-snippet:-1","max-image-preview":"max-image-preview:large","max-video-preview":"max-video-preview:-1"},"canonical":"https:\/\/sar.fr\/","og_locale":"es_ES","og_type":"article","og_title":"Inicio - SAR","og_description":"Bienvenido a SAR, su socio de confianza en equipamiento vial. Fabricante franc\u00e9s , dise\u00f1amos, fabricamos y comercializamos una gama completa...","og_url":"https:\/\/sar.fr\/","og_site_name":"SAR","article_modified_time":"2025-11-03T16:45:05+00:00","twitter_card":"summary_large_image","twitter_misc":{"Tiempo de lectura":"1 minuto"},"schema":{"@context":"https:\/\/schema.org","@graph":[{"@type":"WebPage","@id":"https:\/\/sar.fr\/","url":"https:\/\/sar.fr\/","name":"Inicio - SAR","isPartOf":{"@id":"https:\/\/sar.fr\/#website"},"datePublished":"2024-04-02T08:59:21+00:00","dateModified":"2025-11-03T16:45:05+00:00","breadcrumb":{"@id":"https:\/\/sar.fr\/#breadcrumb"},"inLanguage":"es","potentialAction":[{"@type":"ReadAction","target":["https:\/\/sar.fr\/"]}]},{"@type":"BreadcrumbList","@id":"https:\/\/sar.fr\/#breadcrumb","itemListElement":[{"@type":"ListItem","position":1,"name":"Accueil","item":"https:\/\/sar.fr\/"},{"@type":"ListItem","position":2,"name":"Inicio"}]},{"@type":"WebSite","@id":"https:\/\/sar.fr\/#website","url":"https:\/\/sar.fr\/","name":"Sar","description":"","publisher":{"@id":"https:\/\/sar.fr\/#organization"},"potentialAction":[{"@type":"SearchAction","target":{"@type":"EntryPoint","urlTemplate":"https:\/\/sar.fr\/?s={search_term_string}"},"query-input":{"@type":"PropertyValueSpecification","valueRequired":true,"valueName":"search_term_string"}}],"inLanguage":"es"},{"@type":"Organization","@id":"https:\/\/sar.fr\/#organization","name":"Sar","url":"https:\/\/sar.fr\/","logo":{"@type":"ImageObject","inLanguage":"es","@id":"https:\/\/sar.fr\/#\/schema\/logo\/image\/","url":"","contentUrl":"","caption":"Sar"},"image":{"@id":"https:\/\/sar.fr\/#\/schema\/logo\/image\/"}}]}},"_links":{"self":[{"href":"https:\/\/sar.fr\/es\/wp-json\/wp\/v2\/pages\/4727","targetHints":{"allow":["GET"]}}],"collection":[{"href":"https:\/\/sar.fr\/es\/wp-json\/wp\/v2\/pages"}],"about":[{"href":"https:\/\/sar.fr\/es\/wp-json\/wp\/v2\/types\/page"}],"author":[{"embeddable":true,"href":"https:\/\/sar.fr\/es\/wp-json\/wp\/v2\/users\/4"}],"replies":[{"embeddable":true,"href":"https:\/\/sar.fr\/es\/wp-json\/wp\/v2\/comments?post=4727"}],"version-history":[{"count":9,"href":"https:\/\/sar.fr\/es\/wp-json\/wp\/v2\/pages\/4727\/revisions"}],"predecessor-version":[{"id":5073,"href":"https:\/\/sar.fr\/es\/wp-json\/wp\/v2\/pages\/4727\/revisions\/5073"}],"wp:attachment":[{"href":"https:\/\/sar.fr\/es\/wp-json\/wp\/v2\/media?parent=4727"}],"curies":[{"name":"wp","href":"https:\/\/api.w.org\/{rel}","templated":true}]}}