{"id":5039,"date":"2025-11-03T16:58:20","date_gmt":"2025-11-03T15:58:20","guid":{"rendered":"https:\/\/sar.fr\/condition-generales-dutilisation-cgu\/"},"modified":"2025-11-03T17:33:47","modified_gmt":"2025-11-03T16:33:47","slug":"cgu","status":"publish","type":"page","link":"https:\/\/sar.fr\/es\/cgu\/","title":{"rendered":"CONDICIONES GENERALES DE USO (GGU)"},"content":{"rendered":"\n<p>El presente sitio web (en adelante el \u00ab<strong>Sitio<\/strong>\u00bb) es el sitio institucional de la sociedad SAR que presenta en particular sus actividades.<\/p>\n\n\n\n<p>El Sitio se proporciona al Usuario de forma gratuita.<\/p>\n\n\n\n<p>El hecho de continuar navegando por el Sitio constituye la aceptaci\u00f3n sin reservas de las disposiciones y condiciones generales de uso (en adelante \u00ab<strong>CGU<\/strong>\u00bb).<\/p>\n\n\n\n<div style=\"height:40px\" aria-hidden=\"true\" class=\"wp-block-spacer\"><\/div>\n\n\n\n<h3 class=\"wp-block-heading\">1. ACCESO AL SITIO<\/h3>\n\n\n\n<p>Es t\u00e9cnicamente posible acceder al Sitio las veinticuatro (24) horas del d\u00eda, los siete (7) d\u00edas de la semana, salvo casos de fuerza mayor, posibles aver\u00edas o cualquier operaci\u00f3n de mantenimiento necesaria para su correcto funcionamiento.<\/p>\n\n\n\n<p>El acceso a determinados servicios ofrecidos en el Sitio requiere la cumplimentaci\u00f3n de los campos obligatorios del formulario de contacto. El Usuario garantiza la veracidad y exactitud de la informaci\u00f3n comunicada en este contexto. Para obtener m\u00e1s informaci\u00f3n sobre el uso de su informaci\u00f3n personal, se invita al Usuario a consultar la Pol\u00edtica<a href=\"https:\/\/vinci-construction.com\/fr\/donnees-personnelles\/\"> de protecci\u00f3n de datos personales<\/a>.<\/p>\n\n\n\n<p>El Usuario reconoce disponer de las competencias y medios necesarios para utilizar el Sitio, en particular un ordenador o dispositivo inform\u00e1tico (en adelante \u00ab<strong>Equipo<\/strong>\u00bb) con conexi\u00f3n a Internet, cuya configuraci\u00f3n permita el correcto funcionamiento del Sitio.<\/p>\n\n\n\n<p>El Usuario declara ser consciente de los riesgos asociados a la navegaci\u00f3n en sitios web y aceptarlos, en particular el hecho de que la informaci\u00f3n que pase por ellos o se almacene en ellos pueda ser interceptada o alterada independientemente de la voluntad del Editor. El Usuario garantiza tomar todas las precauciones necesarias para protegerse contra los efectos de un posible ataque inform\u00e1tico (por ejemplo, instalaci\u00f3n de software de detecci\u00f3n de virus actualizado peri\u00f3dicamente).<\/p>\n\n\n\n<div style=\"height:40px\" aria-hidden=\"true\" class=\"wp-block-spacer\"><\/div>\n\n\n\n<h3 class=\"wp-block-heading\">2. OBLIGACIONES GENERALES DEL USUARIO<\/h3>\n\n\n\n<p>El Usuario se compromete a utilizar el Sitio de conformidad con las CGU y, en particular, a no utilizarlo con fines comerciales, de prospecci\u00f3n, de captaci\u00f3n o publicitarios.<\/p>\n\n\n\n<p>El Usuario se abstendr\u00e1 en particular:<\/p>\n\n\n\n<ul class=\"wp-block-list\">\n<li>De cualquier comportamiento que pueda perjudicar a la integridad, al funcionamiento o a la seguridad del sistema de informaci\u00f3n subyacente al funcionamiento del Sitio;<\/li>\n\n\n\n<li>De cualquier intrusi\u00f3n o intento de intrusi\u00f3n en los sistemas de informaci\u00f3n del Editor o de cualquier otra empresa del Grupo VINCI;<\/li>\n\n\n\n<li>De cualquier vulneraci\u00f3n o intento de vulneraci\u00f3n de las medidas de seguridad del Sitio;<\/li>\n\n\n\n<li>De cualquier recopilaci\u00f3n, extracci\u00f3n o utilizaci\u00f3n, de cualquier forma, de la informaci\u00f3n incluida en el Sitio;<\/li>\n\n\n\n<li>Y, de manera m\u00e1s general, de cualquier acto susceptible de perjudicar los derechos e intereses del Editor o de cualquier otra empresa del Grupo VINCI.<\/li>\n<\/ul>\n\n\n\n<p>En caso de incumplimiento o uso fraudulento del Sitio, el Editor podr\u00e1 resolver la presente relaci\u00f3n contractual, de pleno derecho, sin previo aviso ni indemnizaci\u00f3n, y bloquear cualquier acceso futuro del Usuario a la totalidad o parte del Sitio.<\/p>\n\n\n\n<div style=\"height:40px\" aria-hidden=\"true\" class=\"wp-block-spacer\"><\/div>\n\n\n\n<h3 class=\"wp-block-heading\">3. RESPONSABILIDAD<\/h3>\n\n\n\n<p>El Usuario reconoce haber le\u00eddo las CGU, haberlas aceptado antes de navegar por el Sitio y se compromete a respetarlas.<\/p>\n\n\n\n<p>Aunque el Editor se esfuerza por proporcionar un Sitio de confianza, no garantiza que est\u00e9 libre de errores, inexactitudes u omisiones, per\u00edodos de indisponibilidad, fallos o defectos.<\/p>\n\n\n\n<p>El Usuario reconoce que utiliza el Sitio y el contenido publicado en el mismo bajo su exclusiva responsabilidad. El Usuario ser\u00e1 el \u00fanico responsable del uso que pretenda hacer del Sitio, as\u00ed como de preservar la seguridad e integridad de sus datos, de su Equipo y de su software cuando utilice el Sitio. El equipo utilizado para conectarse al Sitio ser\u00e1 responsabilidad exclusiva del Usuario, quien deber\u00e1 tomar todas las medidas adecuadas para proteger su Equipo y sus propios datos, en particular de ataques virales a trav\u00e9s de Internet.<\/p>\n\n\n\n<p>El Editor no se har\u00e1 responsable de ning\u00fan da\u00f1o que pueda resultar de:<\/p>\n\n\n\n<ul class=\"wp-block-list\">\n<li>Cualquier mal funcionamiento o contaminaci\u00f3n del Equipo del Usuario al navegar por el Sitio;<\/li>\n\n\n\n<li>Fallo, aver\u00eda, dificultad o interrupci\u00f3n del funcionamiento, que impida el acceso al Sitio o a alguna de sus funciones atribuible al Equipo del Usuario, al proveedor de servicios de internet, a una congesti\u00f3n en Internet o a cualquier otro motivo ajeno al Editor;<\/li>\n\n\n\n<li>Acciones legales contra el Usuario debido al uso del Sitio o al incumplimiento por parte del Usuario de las CGU;<\/li>\n\n\n\n<li>Da\u00f1os causados al Usuario, a terceros o al Equipo utilizado debido a la conexi\u00f3n o uso del Sitio por parte del Usuario;<\/li>\n\n\n\n<li>Costes de comunicaciones electr\u00f3nicas o telef\u00f3nicas incurridos por el uso del Equipo del Usuario, los cuales ser\u00e1n responsabilidad exclusiva del Usuario;<\/li>\n\n\n\n<li>Cualquier interrupci\u00f3n, temporal o permanente, de la totalidad o parte de las funciones del Sitio, en particular en caso de mantenimiento, modificaci\u00f3n o actualizaci\u00f3n del Sitio, en caso de incidente t\u00e9cnico y, de manera m\u00e1s general, en caso de un evento ajeno al Editor;<\/li>\n\n\n\n<li>Cualquier consecuencia que pudiera derivarse del contenido de sitios web de terceros a los que remitan enlaces de hipertexto que puedan estar incluidos en el Sitio;<\/li>\n\n\n\n<li>Cualquier da\u00f1o sufrido por el Usuario o un tercero como resultado de un uso del Sitio que no cumpla con las presentes CGU;<\/li>\n\n\n\n<li>Cualquier da\u00f1o indirecto sufrido por el Usuario;&nbsp;<\/li>\n\n\n\n<li>Cualquier incumplimiento de las obligaciones establecidas en las presentes CGU que se deba o tenga su origen en un caso fortuito o de fuerza mayor tal y como se define en el art\u00edculo 1218 del C\u00f3digo Civil franc\u00e9s.<\/li>\n<\/ul>\n\n\n\n<p>Si el Editor fuera objeto de procedimientos debido al uso del Sitio por parte del Usuario, podr\u00e1 emprender acciones contra el Usuario para obtener una indemnizaci\u00f3n por todos los da\u00f1os, sumas, condenas y costes que pudieran derivarse de dichos procedimientos.<\/p>\n\n\n\n<p>En caso de que el Editor sea considerado responsable por da\u00f1os no previstos en el presente art\u00edculo, su responsabilidad se limitar\u00e1, en caso de culpa causal probada, a los da\u00f1os ciertos, reales y directos. El Editor, sus directivos, sus empleados y, en general, sus representantes y socios, as\u00ed como las empresas del Grupo VINCI, no ser\u00e1n responsables en ning\u00fan caso de los da\u00f1os indirectos resultantes del uso del Sitio, as\u00ed como del contenido publicado en el mismo, y en particular del lucro cesante, de la p\u00e9rdida de beneficios, de la p\u00e9rdida de oportunidades o de los da\u00f1os resultantes de la p\u00e9rdida de datos provocada por la imposibilidad de utilizar el Sitio.<\/p>\n\n\n\n<div style=\"height:40px\" aria-hidden=\"true\" class=\"wp-block-spacer\"><\/div>\n\n\n\n<h3 class=\"wp-block-heading\">4. PROPIEDAD INTELECTUAL<\/h3>\n\n\n\n<p>El Sitio y todos los elementos que lo componen o que se ponen a disposici\u00f3n de los Usuarios, en particular las marcas, logotipos, fotograf\u00edas, programas, c\u00f3digos fuente, c\u00f3digos objeto, datos, bases de datos, im\u00e1genes animadas o no animadas, sonidos, dibujos, gr\u00e1ficos, v\u00eddeos, textos, dise\u00f1o, disposici\u00f3n, estructura, as\u00ed como cualquier otro elemento no vinculado a enlaces de hipertexto a sitios de terceros, son propiedad del Editor o son objeto de una licencia que le otorga en su beneficio cualquier titular de derechos de propiedad intelectual.<\/p>\n\n\n\n<p>Todos estos elementos est\u00e1n sujetos a las disposiciones de la normativa francesa e internacional aplicable en materia de propiedad intelectual, en particular el C\u00f3digo de Propiedad Intelectual franc\u00e9s y, en consecuencia, est\u00e1n protegidos contra cualquier uso no autorizado por la ley o las presentes CGU, bajo pena \u2014en caso de incumplimiento\u2014 de acciones judiciales. Se reservan todos los derechos de reproducci\u00f3n. La reproducci\u00f3n total o parcial de este sitio en cualquier soporte est\u00e1 estrictamente prohibida sin la autorizaci\u00f3n del Editor.<\/p>\n\n\n\n<p>El Editor concede al Usuario un derecho personal, no exclusivo y gratuito de consulta y utilizaci\u00f3n del Sitio para su propio uso y en el marco estricto de las operaciones autorizadas por las CGU.<\/p>\n\n\n\n<p>Sujeto a los derechos de uso otorgados al Usuario por el Editor, el uso del Sitio no implica ninguna licencia o transferencia de derechos relacionados con los elementos del Sitio en beneficio del Usuario. En particular, cualquier copia, reproducci\u00f3n, representaci\u00f3n, adaptaci\u00f3n, modificaci\u00f3n, distribuci\u00f3n total o parcial del Sitio, as\u00ed como de la totalidad o parte de su contenido, por cualquier procedimiento y en cualquier soporte ser\u00e1 ilegal, salvo autorizaci\u00f3n previa, expresa y por escrito del Editor o del titular de los derechos de propiedad intelectual.<\/p>\n\n\n\n<p>El incumplimiento de estas disposiciones, en particular con fines de explotaci\u00f3n comercial, podr\u00e1 ser objeto de persecuci\u00f3n mediante acci\u00f3n por infracci\u00f3n o acci\u00f3n por competencia desleal o parasitismo por parte de los titulares de los derechos en cuesti\u00f3n. Esto se entiende sin perjuicio de los dem\u00e1s derechos del Editor, en particular el derecho a obtener una indemnizaci\u00f3n por los da\u00f1os sufridos.<\/p>\n\n\n\n<div style=\"height:40px\" aria-hidden=\"true\" class=\"wp-block-spacer\"><\/div>\n\n\n\n<h3 class=\"wp-block-heading\">5. MODIFICACI\u00d3N<\/h3>\n\n\n\n<p><strong>5.1.<\/strong> Las presentes CGU entrar\u00e1n en vigor el 13 de octubre de 2025. El Editor podr\u00e1 modificarlas y actualizarlas en cualquier momento, en particular en caso de modificaciones del Sitio o de la normativa aplicable.<\/p>\n\n\n\n<p>Las CGU aplicables ser\u00e1n las publicadas en el Sitio en el momento en que el Usuario acceda al mismo. En consecuencia, el Usuario consultar\u00e1 las CGU cada vez que acceda al Sitio.<\/p>\n\n\n\n<p>La presente versi\u00f3n de las CGU reemplazar\u00e1 a cualquier versi\u00f3n anterior.<\/p>\n\n\n\n<p><strong>5.2.<\/strong> Para la adecuada administraci\u00f3n del Sitio, el Editor podr\u00e1 en cualquier momento:<\/p>\n\n\n\n<ul class=\"wp-block-list\">\n<li>Suspender, interrumpir o limitar el acceso a la totalidad o a parte del Sitio, reservar el acceso al Sitio, o a determinadas partes del Sitio, a una categor\u00eda espec\u00edfica de usuarios de Internet;<\/li>\n\n\n\n<li>Eliminar cualquier informaci\u00f3n que pueda alterar su funcionamiento o contravenir leyes nacionales o internacionales;<\/li>\n\n\n\n<li>Suspender el Sitio para realizar actualizaciones.<\/li>\n<\/ul>\n\n\n\n<div style=\"height:40px\" aria-hidden=\"true\" class=\"wp-block-spacer\"><\/div>\n\n\n\n<h3 class=\"wp-block-heading\">6. USO DE COOKIES<\/h3>\n\n\n\n<p>Se informa al Usuario de que durante sus visitas al Sitio podr\u00e1 instalarse autom\u00e1ticamente una \u00abcookie\u00bb en su software de navegaci\u00f3n. Una \u00abcookie\u00bb es un bloque de datos que no permite identificar al Usuario, pero que se utiliza para guardar informaci\u00f3n relativa a la navegaci\u00f3n del Usuario por el Sitio. Este proceso tiene como objetivo permitir al Editor realizar un seguimiento de los usuarios de Internet mientras navegan por el sitio\u00a0<a href=\"http:\/\/www.sar.fr\">www.sar.fr<\/a>\u00a0con el fin de satisfacer mejor sus expectativas y necesidades.<\/p>\n\n\n\n<p>Las cookies se utilizan para:<\/p>\n\n\n\n<ul class=\"wp-block-list\">\n<li>Recordar informaci\u00f3n de inicio de sesi\u00f3n;<\/li>\n\n\n\n<li>Identificar a un Usuario al conectarse al Sitio;<\/li>\n\n\n\n<li>Recopilar informaci\u00f3n para presentar anuncios adaptados;<\/li>\n\n\n\n<li>Memorizar las preferencias de navegaci\u00f3n (idioma, tama\u00f1o de fuente, presentaci\u00f3n o colores) para permitirle navegar por el Sitio de forma m\u00e1s r\u00e1pida y sencilla;<\/li>\n\n\n\n<li>Recopilar informaci\u00f3n anal\u00edtica para, por ejemplo, contar el n\u00famero de visitantes al Sitio e identificar las p\u00e1ginas m\u00e1s visitadas, con fines de marketing y planificaci\u00f3n de recursos;<\/li>\n\n\n\n<li>Determinar si los usuarios se adaptan f\u00e1cilmente a los cambios en el Sitio.<\/li>\n<\/ul>\n\n\n\n<p>Las cookies nos permiten recopilar informaci\u00f3n sobre c\u00f3mo el Usuario utiliza el Sitio. El Editor no mantendr\u00e1 ninguna informaci\u00f3n que pueda identificarle personalmente. Solo se registra un identificador de sesi\u00f3n \u00fanico, lo que permite encontrar al Usuario y sus preferencias durante su pr\u00f3xima visita.<\/p>\n\n\n\n<p>Tipos de cookies:<\/p>\n\n\n\n<ul class=\"wp-block-list\">\n<li>Cookies de sesi\u00f3n: se almacenan temporalmente en el ordenador o dispositivo del Usuario durante la sesi\u00f3n de navegaci\u00f3n y se eliminan al finalizar la sesi\u00f3n.<\/li>\n\n\n\n<li>Cookies permanentes: permanecen m\u00e1s tiempo en el ordenador del Usuario. Permiten reconocer al Usuario.<\/li>\n<\/ul>\n\n\n\n<p>El men\u00fa de la mayor\u00eda de los navegadores permite configurar los ajustes de las cookies, ofreciendo la posibilidad de:<\/p>\n\n\n\n<ul class=\"wp-block-list\">\n<li>Mostrar las cookies;<\/li>\n\n\n\n<li>Permitir las cookies;<\/li>\n\n\n\n<li>Desactivar todas las cookies o solo cookies espec\u00edficas;<\/li>\n\n\n\n<li>Desactivar todas las cookies al cerrar su navegador;<\/li>\n\n\n\n<li>Bloquear las cookies;<\/li>\n\n\n\n<li>Ser informado cuando recibe una cookie.<\/li>\n<\/ul>\n\n\n\n<p>Si se bloquean las cookies, la mayor\u00eda de las funciones del Sitio se desactivar\u00e1n y la navegaci\u00f3n tambi\u00e9n podr\u00e1 verse afectada. Eliminar las cookies borra las preferencias de navegaci\u00f3n cuando se cierra el navegador. En caso de no estar configurado, el sistema emitir\u00e1 cookies en cuanto el Usuario visite el Sitio.<\/p>\n\n\n\n<div style=\"height:40px\" aria-hidden=\"true\" class=\"wp-block-spacer\"><\/div>\n\n\n\n<h3 class=\"wp-block-heading\">7. ENLACES DE HIPERTEXTO A OTROS SITIOS WEB O FUENTES EXTERNAS<\/h3>\n\n\n\n<p><strong>7.1.<\/strong> El Sitio puede incluir enlaces de hipertexto a sitios web o fuentes de Internet distintos a los publicados por el Editor. En la medida en que el Editor no puede controlar dichos sitios y fuentes externas, no podr\u00e1 ser considerado responsable de ellos y, por lo tanto, declina cualquier responsabilidad por el contenido, anuncios, productos, servicios o cualquier otro material disponible en o desde dichos sitios o fuentes externas. La decisi\u00f3n de activar los enlaces de hipertexto corresponder\u00e1 exclusivamente al Usuario. Los sitios o fuentes externas est\u00e1n sujetos a sus propias condiciones generales de uso.<\/p>\n\n\n\n<p>Cualquier informaci\u00f3n a la que se pueda acceder a partir de un enlace a otros sitios no est\u00e1 bajo el control del Editor, quien declina cualquier responsabilidad por su contenido.<\/p>\n\n\n\n<p><strong>7.2.<\/strong> Queda estrictamente prohibido el establecimiento por parte del Usuario de cualquier enlace de hipertexto hacia la totalidad o parte del Sitio, salvo autorizaci\u00f3n previa por escrito del Editor, solicitada por correo electr\u00f3nico a la direcci\u00f3n: <a href=\"mailto:communicationder@vinci-construction.com\" target=\"_blank\" rel=\"noreferrer noopener\">communicationder@vinci-construction.com<\/a>.<\/p>\n\n\n\n<p>El Editor tendr\u00e1 libertad para rechazar dicha autorizaci\u00f3n sin tener que justificar de ninguna manera su decisi\u00f3n. En caso de que el Editor conceda su autorizaci\u00f3n, esta ser\u00e1 en todo caso solo temporal y podr\u00e1 retirarse en cualquier momento, sin que el Editor tenga que aportar justificaci\u00f3n alguna.<\/p>\n\n\n\n<p>En cualquier caso, cualquier enlace deber\u00e1 eliminarse previa petici\u00f3n del Editor.<\/p>\n\n\n\n<div style=\"height:40px\" aria-hidden=\"true\" class=\"wp-block-spacer\"><\/div>\n\n\n\n<h3 class=\"wp-block-heading\">8. VALIDEZ DE LAS CGU<\/h3>\n\n\n\n<p>Cada uno de los art\u00edculos de las CGU se aplicar\u00e1 por separado. Cualquier cambio en la normativa aplicable vigente, o cualquier decisi\u00f3n de un tribunal o autoridad competente que invalide una o m\u00e1s disposiciones de las CGU no afectar\u00e1 a la validez de las CGU en su totalidad. Tal modificaci\u00f3n o decisi\u00f3n no autorizar\u00e1 en ning\u00fan caso al Usuario a desconocer las disposiciones vigentes de las CGU.<\/p>\n\n\n\n<div style=\"height:40px\" aria-hidden=\"true\" class=\"wp-block-spacer\"><\/div>\n\n\n\n<h3 class=\"wp-block-heading\">9. LEGISLACI\u00d3N APLICABLE \/ ATRIBUCI\u00d3N DE JURISDICCI\u00d3N<\/h3>\n\n\n\n<p>Las presentes CGU y las operaciones que de ellas se derivan se regir\u00e1n, interpretar\u00e1n y aplicar\u00e1n de conformidad con la legislaci\u00f3n francesa.<\/p>\n\n\n\n<p>En caso de que se traduzcan las presentes CGU, solo dar\u00e1 fe el texto en franc\u00e9s en caso de litigio.<\/p>\n\n\n\n<p>En caso de controversia de cualquier naturaleza, el Editor y el Usuario buscar\u00e1n, antes de cualquier acci\u00f3n judicial, un acuerdo amistoso y se comunicar\u00e1n mutuamente toda la informaci\u00f3n necesaria a tal efecto.<\/p>\n\n\n\n<p>En ausencia de un acuerdo amistoso entre el Editor y el Usuario en el plazo de dos (2) meses a partir de la notificaci\u00f3n del litigio a la otra parte, se atribuye jurisdicci\u00f3n expresa a los tribunales de Nanterre, sin perjuicio de las disposiciones de orden p\u00fablico.<\/p>\n","protected":false},"excerpt":{"rendered":"<p>El presente sitio web (en adelante el \u00abSitio\u00bb) es el sitio institucional de la sociedad SAR que presenta en particular&#8230;<\/p>\n","protected":false},"author":4,"featured_media":0,"parent":0,"menu_order":0,"comment_status":"closed","ping_status":"closed","template":"","meta":{"_acf_changed":false,"footnotes":""},"class_list":["post-5039","page","type-page","status-publish","hentry"],"acf":[],"yoast_head":"<!-- This site is optimized with the Yoast SEO plugin v27.3 - https:\/\/yoast.com\/product\/yoast-seo-wordpress\/ -->\n<title>CONDICIONES GENERALES DE USO (GGU) - SAR<\/title>\n<meta name=\"robots\" content=\"index, follow, max-snippet:-1, max-image-preview:large, max-video-preview:-1\" \/>\n<link rel=\"canonical\" href=\"https:\/\/sar.fr\/cgu\/\" \/>\n<meta property=\"og:locale\" content=\"es_ES\" \/>\n<meta property=\"og:type\" content=\"article\" \/>\n<meta property=\"og:title\" content=\"CONDICIONES GENERALES DE USO (GGU) - SAR\" \/>\n<meta property=\"og:description\" content=\"El presente sitio web (en adelante el \u00abSitio\u00bb) es el sitio institucional de la sociedad SAR que presenta en particular...\" \/>\n<meta property=\"og:url\" content=\"https:\/\/sar.fr\/cgu\/\" \/>\n<meta property=\"og:site_name\" content=\"SAR\" \/>\n<meta property=\"article:modified_time\" content=\"2025-11-03T16:33:47+00:00\" \/>\n<meta name=\"twitter:card\" content=\"summary_large_image\" \/>\n<meta name=\"twitter:label1\" content=\"Tiempo de lectura\" \/>\n\t<meta name=\"twitter:data1\" content=\"12 minutos\" \/>\n<script type=\"application\/ld+json\" class=\"yoast-schema-graph\">{\"@context\":\"https:\\\/\\\/schema.org\",\"@graph\":[{\"@type\":\"WebPage\",\"@id\":\"https:\\\/\\\/sar.fr\\\/cgu\\\/\",\"url\":\"https:\\\/\\\/sar.fr\\\/cgu\\\/\",\"name\":\"CONDICIONES GENERALES DE USO (GGU) - SAR\",\"isPartOf\":{\"@id\":\"https:\\\/\\\/sar.fr\\\/#website\"},\"datePublished\":\"2025-11-03T15:58:20+00:00\",\"dateModified\":\"2025-11-03T16:33:47+00:00\",\"breadcrumb\":{\"@id\":\"https:\\\/\\\/sar.fr\\\/cgu\\\/#breadcrumb\"},\"inLanguage\":\"es\",\"potentialAction\":[{\"@type\":\"ReadAction\",\"target\":[\"https:\\\/\\\/sar.fr\\\/cgu\\\/\"]}]},{\"@type\":\"BreadcrumbList\",\"@id\":\"https:\\\/\\\/sar.fr\\\/cgu\\\/#breadcrumb\",\"itemListElement\":[{\"@type\":\"ListItem\",\"position\":1,\"name\":\"Accueil\",\"item\":\"https:\\\/\\\/sar.fr\\\/\"},{\"@type\":\"ListItem\",\"position\":2,\"name\":\"CONDICIONES GENERALES DE USO (GGU)\"}]},{\"@type\":\"WebSite\",\"@id\":\"https:\\\/\\\/sar.fr\\\/#website\",\"url\":\"https:\\\/\\\/sar.fr\\\/\",\"name\":\"Sar\",\"description\":\"\",\"publisher\":{\"@id\":\"https:\\\/\\\/sar.fr\\\/#organization\"},\"potentialAction\":[{\"@type\":\"SearchAction\",\"target\":{\"@type\":\"EntryPoint\",\"urlTemplate\":\"https:\\\/\\\/sar.fr\\\/?s={search_term_string}\"},\"query-input\":{\"@type\":\"PropertyValueSpecification\",\"valueRequired\":true,\"valueName\":\"search_term_string\"}}],\"inLanguage\":\"es\"},{\"@type\":\"Organization\",\"@id\":\"https:\\\/\\\/sar.fr\\\/#organization\",\"name\":\"Sar\",\"url\":\"https:\\\/\\\/sar.fr\\\/\",\"logo\":{\"@type\":\"ImageObject\",\"inLanguage\":\"es\",\"@id\":\"https:\\\/\\\/sar.fr\\\/#\\\/schema\\\/logo\\\/image\\\/\",\"url\":\"\",\"contentUrl\":\"\",\"caption\":\"Sar\"},\"image\":{\"@id\":\"https:\\\/\\\/sar.fr\\\/#\\\/schema\\\/logo\\\/image\\\/\"}}]}<\/script>\n<!-- \/ Yoast SEO plugin. -->","yoast_head_json":{"title":"CONDICIONES GENERALES DE USO (GGU) - SAR","robots":{"index":"index","follow":"follow","max-snippet":"max-snippet:-1","max-image-preview":"max-image-preview:large","max-video-preview":"max-video-preview:-1"},"canonical":"https:\/\/sar.fr\/cgu\/","og_locale":"es_ES","og_type":"article","og_title":"CONDICIONES GENERALES DE USO (GGU) - SAR","og_description":"El presente sitio web (en adelante el \u00abSitio\u00bb) es el sitio institucional de la sociedad SAR que presenta en particular...","og_url":"https:\/\/sar.fr\/cgu\/","og_site_name":"SAR","article_modified_time":"2025-11-03T16:33:47+00:00","twitter_card":"summary_large_image","twitter_misc":{"Tiempo de lectura":"12 minutos"},"schema":{"@context":"https:\/\/schema.org","@graph":[{"@type":"WebPage","@id":"https:\/\/sar.fr\/cgu\/","url":"https:\/\/sar.fr\/cgu\/","name":"CONDICIONES GENERALES DE USO (GGU) - SAR","isPartOf":{"@id":"https:\/\/sar.fr\/#website"},"datePublished":"2025-11-03T15:58:20+00:00","dateModified":"2025-11-03T16:33:47+00:00","breadcrumb":{"@id":"https:\/\/sar.fr\/cgu\/#breadcrumb"},"inLanguage":"es","potentialAction":[{"@type":"ReadAction","target":["https:\/\/sar.fr\/cgu\/"]}]},{"@type":"BreadcrumbList","@id":"https:\/\/sar.fr\/cgu\/#breadcrumb","itemListElement":[{"@type":"ListItem","position":1,"name":"Accueil","item":"https:\/\/sar.fr\/"},{"@type":"ListItem","position":2,"name":"CONDICIONES GENERALES DE USO (GGU)"}]},{"@type":"WebSite","@id":"https:\/\/sar.fr\/#website","url":"https:\/\/sar.fr\/","name":"Sar","description":"","publisher":{"@id":"https:\/\/sar.fr\/#organization"},"potentialAction":[{"@type":"SearchAction","target":{"@type":"EntryPoint","urlTemplate":"https:\/\/sar.fr\/?s={search_term_string}"},"query-input":{"@type":"PropertyValueSpecification","valueRequired":true,"valueName":"search_term_string"}}],"inLanguage":"es"},{"@type":"Organization","@id":"https:\/\/sar.fr\/#organization","name":"Sar","url":"https:\/\/sar.fr\/","logo":{"@type":"ImageObject","inLanguage":"es","@id":"https:\/\/sar.fr\/#\/schema\/logo\/image\/","url":"","contentUrl":"","caption":"Sar"},"image":{"@id":"https:\/\/sar.fr\/#\/schema\/logo\/image\/"}}]}},"_links":{"self":[{"href":"https:\/\/sar.fr\/es\/wp-json\/wp\/v2\/pages\/5039","targetHints":{"allow":["GET"]}}],"collection":[{"href":"https:\/\/sar.fr\/es\/wp-json\/wp\/v2\/pages"}],"about":[{"href":"https:\/\/sar.fr\/es\/wp-json\/wp\/v2\/types\/page"}],"author":[{"embeddable":true,"href":"https:\/\/sar.fr\/es\/wp-json\/wp\/v2\/users\/4"}],"replies":[{"embeddable":true,"href":"https:\/\/sar.fr\/es\/wp-json\/wp\/v2\/comments?post=5039"}],"version-history":[{"count":3,"href":"https:\/\/sar.fr\/es\/wp-json\/wp\/v2\/pages\/5039\/revisions"}],"predecessor-version":[{"id":5060,"href":"https:\/\/sar.fr\/es\/wp-json\/wp\/v2\/pages\/5039\/revisions\/5060"}],"wp:attachment":[{"href":"https:\/\/sar.fr\/es\/wp-json\/wp\/v2\/media?parent=5039"}],"curies":[{"name":"wp","href":"https:\/\/api.w.org\/{rel}","templated":true}]}}