{"id":5068,"date":"2025-10-31T11:59:14","date_gmt":"2025-10-31T10:59:14","guid":{"rendered":"https:\/\/sar.fr\/nuestros-productos\/nuestra-gamma-benelux\/"},"modified":"2025-11-03T17:45:38","modified_gmt":"2025-11-03T16:45:38","slug":"nuestra-gama-benelux","status":"publish","type":"page","link":"https:\/\/sar.fr\/es\/nuestros-productos\/nuestra-gama-benelux\/","title":{"rendered":"Nuestra gama Benelux"},"content":{"rendered":"","protected":false},"excerpt":{"rendered":"","protected":false},"author":6,"featured_media":0,"parent":4683,"menu_order":43,"comment_status":"closed","ping_status":"closed","template":"page-gamme.php","meta":{"_acf_changed":false,"footnotes":""},"class_list":["post-5068","page","type-page","status-publish","hentry"],"acf":[],"yoast_head":"<!-- This site is optimized with the Yoast SEO plugin v27.3 - https:\/\/yoast.com\/product\/yoast-seo-wordpress\/ -->\n<title>Nuestra gama Benelux - SAR, Referencia en productos de se\u00f1alizaci\u00f3n vial<\/title>\n<meta name=\"description\" content=\"Descubra nuestra gama Benelux de productos. SAR, referente en productos de se\u00f1alizaci\u00f3n vial en el mercado franc\u00e9s y europeo desde 1964.\" \/>\n<meta name=\"robots\" content=\"index, follow, max-snippet:-1, max-image-preview:large, max-video-preview:-1\" \/>\n<link rel=\"canonical\" href=\"https:\/\/sar.fr\/nos-produits\/notre-gamme-benelux\/\" \/>\n<meta property=\"og:locale\" content=\"es_ES\" \/>\n<meta property=\"og:type\" content=\"article\" \/>\n<meta property=\"og:title\" content=\"Nuestra gama Benelux - SAR, Referencia en productos de se\u00f1alizaci\u00f3n vial\" \/>\n<meta property=\"og:description\" content=\"Descubra nuestra gama Benelux de productos. SAR, referente en productos de se\u00f1alizaci\u00f3n vial en el mercado franc\u00e9s y europeo desde 1964.\" \/>\n<meta property=\"og:url\" content=\"https:\/\/sar.fr\/nos-produits\/notre-gamme-benelux\/\" \/>\n<meta property=\"og:site_name\" content=\"SAR\" \/>\n<meta property=\"article:modified_time\" content=\"2025-11-03T16:45:38+00:00\" \/>\n<meta name=\"twitter:card\" content=\"summary_large_image\" \/>\n<script type=\"application\/ld+json\" class=\"yoast-schema-graph\">{\"@context\":\"https:\\\/\\\/schema.org\",\"@graph\":[{\"@type\":\"WebPage\",\"@id\":\"https:\\\/\\\/sar.fr\\\/nos-produits\\\/notre-gamme-benelux\\\/\",\"url\":\"https:\\\/\\\/sar.fr\\\/nos-produits\\\/notre-gamme-benelux\\\/\",\"name\":\"Nuestra gama Benelux - SAR, Referencia en productos de se\u00f1alizaci\u00f3n vial\",\"isPartOf\":{\"@id\":\"https:\\\/\\\/sar.fr\\\/#website\"},\"datePublished\":\"2025-10-31T10:59:14+00:00\",\"dateModified\":\"2025-11-03T16:45:38+00:00\",\"description\":\"Descubra nuestra gama Benelux de productos. SAR, referente en productos de se\u00f1alizaci\u00f3n vial en el mercado franc\u00e9s y europeo desde 1964.\",\"breadcrumb\":{\"@id\":\"https:\\\/\\\/sar.fr\\\/nos-produits\\\/notre-gamme-benelux\\\/#breadcrumb\"},\"inLanguage\":\"es\",\"potentialAction\":[{\"@type\":\"ReadAction\",\"target\":[\"https:\\\/\\\/sar.fr\\\/nos-produits\\\/notre-gamme-benelux\\\/\"]}]},{\"@type\":\"BreadcrumbList\",\"@id\":\"https:\\\/\\\/sar.fr\\\/nos-produits\\\/notre-gamme-benelux\\\/#breadcrumb\",\"itemListElement\":[{\"@type\":\"ListItem\",\"position\":1,\"name\":\"Accueil\",\"item\":\"https:\\\/\\\/sar.fr\\\/\"},{\"@type\":\"ListItem\",\"position\":2,\"name\":\"Nuestros productos\",\"item\":\"https:\\\/\\\/sar.fr\\\/nos-produits\\\/\"},{\"@type\":\"ListItem\",\"position\":3,\"name\":\"Nuestra gama Benelux\"}]},{\"@type\":\"WebSite\",\"@id\":\"https:\\\/\\\/sar.fr\\\/#website\",\"url\":\"https:\\\/\\\/sar.fr\\\/\",\"name\":\"Sar\",\"description\":\"\",\"publisher\":{\"@id\":\"https:\\\/\\\/sar.fr\\\/#organization\"},\"potentialAction\":[{\"@type\":\"SearchAction\",\"target\":{\"@type\":\"EntryPoint\",\"urlTemplate\":\"https:\\\/\\\/sar.fr\\\/?s={search_term_string}\"},\"query-input\":{\"@type\":\"PropertyValueSpecification\",\"valueRequired\":true,\"valueName\":\"search_term_string\"}}],\"inLanguage\":\"es\"},{\"@type\":\"Organization\",\"@id\":\"https:\\\/\\\/sar.fr\\\/#organization\",\"name\":\"Sar\",\"url\":\"https:\\\/\\\/sar.fr\\\/\",\"logo\":{\"@type\":\"ImageObject\",\"inLanguage\":\"es\",\"@id\":\"https:\\\/\\\/sar.fr\\\/#\\\/schema\\\/logo\\\/image\\\/\",\"url\":\"\",\"contentUrl\":\"\",\"caption\":\"Sar\"},\"image\":{\"@id\":\"https:\\\/\\\/sar.fr\\\/#\\\/schema\\\/logo\\\/image\\\/\"}}]}<\/script>\n<!-- \/ Yoast SEO plugin. -->","yoast_head_json":{"title":"Nuestra gama Benelux - SAR, Referencia en productos de se\u00f1alizaci\u00f3n vial","description":"Descubra nuestra gama Benelux de productos. SAR, referente en productos de se\u00f1alizaci\u00f3n vial en el mercado franc\u00e9s y europeo desde 1964.","robots":{"index":"index","follow":"follow","max-snippet":"max-snippet:-1","max-image-preview":"max-image-preview:large","max-video-preview":"max-video-preview:-1"},"canonical":"https:\/\/sar.fr\/nos-produits\/notre-gamme-benelux\/","og_locale":"es_ES","og_type":"article","og_title":"Nuestra gama Benelux - SAR, Referencia en productos de se\u00f1alizaci\u00f3n vial","og_description":"Descubra nuestra gama Benelux de productos. SAR, referente en productos de se\u00f1alizaci\u00f3n vial en el mercado franc\u00e9s y europeo desde 1964.","og_url":"https:\/\/sar.fr\/nos-produits\/notre-gamme-benelux\/","og_site_name":"SAR","article_modified_time":"2025-11-03T16:45:38+00:00","twitter_card":"summary_large_image","schema":{"@context":"https:\/\/schema.org","@graph":[{"@type":"WebPage","@id":"https:\/\/sar.fr\/nos-produits\/notre-gamme-benelux\/","url":"https:\/\/sar.fr\/nos-produits\/notre-gamme-benelux\/","name":"Nuestra gama Benelux - SAR, Referencia en productos de se\u00f1alizaci\u00f3n vial","isPartOf":{"@id":"https:\/\/sar.fr\/#website"},"datePublished":"2025-10-31T10:59:14+00:00","dateModified":"2025-11-03T16:45:38+00:00","description":"Descubra nuestra gama Benelux de productos. SAR, referente en productos de se\u00f1alizaci\u00f3n vial en el mercado franc\u00e9s y europeo desde 1964.","breadcrumb":{"@id":"https:\/\/sar.fr\/nos-produits\/notre-gamme-benelux\/#breadcrumb"},"inLanguage":"es","potentialAction":[{"@type":"ReadAction","target":["https:\/\/sar.fr\/nos-produits\/notre-gamme-benelux\/"]}]},{"@type":"BreadcrumbList","@id":"https:\/\/sar.fr\/nos-produits\/notre-gamme-benelux\/#breadcrumb","itemListElement":[{"@type":"ListItem","position":1,"name":"Accueil","item":"https:\/\/sar.fr\/"},{"@type":"ListItem","position":2,"name":"Nuestros productos","item":"https:\/\/sar.fr\/nos-produits\/"},{"@type":"ListItem","position":3,"name":"Nuestra gama Benelux"}]},{"@type":"WebSite","@id":"https:\/\/sar.fr\/#website","url":"https:\/\/sar.fr\/","name":"Sar","description":"","publisher":{"@id":"https:\/\/sar.fr\/#organization"},"potentialAction":[{"@type":"SearchAction","target":{"@type":"EntryPoint","urlTemplate":"https:\/\/sar.fr\/?s={search_term_string}"},"query-input":{"@type":"PropertyValueSpecification","valueRequired":true,"valueName":"search_term_string"}}],"inLanguage":"es"},{"@type":"Organization","@id":"https:\/\/sar.fr\/#organization","name":"Sar","url":"https:\/\/sar.fr\/","logo":{"@type":"ImageObject","inLanguage":"es","@id":"https:\/\/sar.fr\/#\/schema\/logo\/image\/","url":"","contentUrl":"","caption":"Sar"},"image":{"@id":"https:\/\/sar.fr\/#\/schema\/logo\/image\/"}}]}},"_links":{"self":[{"href":"https:\/\/sar.fr\/es\/wp-json\/wp\/v2\/pages\/5068","targetHints":{"allow":["GET"]}}],"collection":[{"href":"https:\/\/sar.fr\/es\/wp-json\/wp\/v2\/pages"}],"about":[{"href":"https:\/\/sar.fr\/es\/wp-json\/wp\/v2\/types\/page"}],"author":[{"embeddable":true,"href":"https:\/\/sar.fr\/es\/wp-json\/wp\/v2\/users\/6"}],"replies":[{"embeddable":true,"href":"https:\/\/sar.fr\/es\/wp-json\/wp\/v2\/comments?post=5068"}],"version-history":[{"count":2,"href":"https:\/\/sar.fr\/es\/wp-json\/wp\/v2\/pages\/5068\/revisions"}],"predecessor-version":[{"id":5074,"href":"https:\/\/sar.fr\/es\/wp-json\/wp\/v2\/pages\/5068\/revisions\/5074"}],"up":[{"embeddable":true,"href":"https:\/\/sar.fr\/es\/wp-json\/wp\/v2\/pages\/4683"}],"wp:attachment":[{"href":"https:\/\/sar.fr\/es\/wp-json\/wp\/v2\/media?parent=5068"}],"curies":[{"name":"wp","href":"https:\/\/api.w.org\/{rel}","templated":true}]}}