{"id":5954,"date":"2025-12-03T09:24:19","date_gmt":"2025-12-03T08:24:19","guid":{"rendered":"https:\/\/sar.fr\/nos-expertises\/nuestros-tutoriales-tecnicos\/"},"modified":"2025-12-03T09:40:55","modified_gmt":"2025-12-03T08:40:55","slug":"nuestros-tutoriales-tecnicos","status":"publish","type":"page","link":"https:\/\/sar.fr\/es\/nos-expertises\/nuestros-tutoriales-tecnicos\/","title":{"rendered":"Nuestros tutoriales t\u00e9cnicos"},"content":{"rendered":"\n<p>Todo lo que quer\u00eda saber sobre la aplicaci\u00f3n de los productos SAR:<\/p>\n\n<div class=\"wp-block-columns is-layout-flex wp-container-core-columns-is-layout-9d6595d7 wp-block-columns-is-layout-flex\">\n<div class=\"wp-block-column is-layout-flow wp-block-column-is-layout-flow\">\n<ul class=\"wp-block-list wp-embed-aspect-16-9 wp-has-aspect-ratio\">\n<li>Aplicaci\u00f3n de la imprimaci\u00f3n de adherencia \u2013 PRIMAJET Z<\/li>\n<\/ul>\n\n\n\n<figure class=\"wp-block-embed aligncenter is-type-video is-provider-youtube wp-block-embed-youtube wp-embed-aspect-16-9 wp-has-aspect-ratio\"><div class=\"wp-block-embed__wrapper\">\n<div class=\"oembed\">\n\t<iframe loading=\"lazy\" title=\"Application primaire  d&#039;accrochage pour thermo  PRIMAJET\" width=\"500\" height=\"281\" src=\"https:\/\/www.youtube.com\/embed\/bn7zR8rVmLE?feature=oembed\" frameborder=\"0\" allow=\"accelerometer; autoplay; clipboard-write; encrypted-media; gyroscope; picture-in-picture; web-share\" referrerpolicy=\"strict-origin-when-cross-origin\" allowfullscreen><\/iframe><\/div>\n\n<\/div><\/figure>\n\n\n\n<ul class=\"wp-block-list wp-embed-aspect-16-9 wp-has-aspect-ratio\">\n<li>Aplicaci\u00f3n del recubrimiento en fr\u00edo &#8211; ROLLFLEX<\/li>\n<\/ul>\n\n\n\n<figure class=\"wp-block-embed aligncenter is-type-video is-provider-youtube wp-block-embed-youtube wp-embed-aspect-16-9 wp-has-aspect-ratio\"><div class=\"wp-block-embed__wrapper\">\n<div class=\"oembed\">\n\t<iframe loading=\"lazy\" title=\"Application enduit \u00e0 chaud - REBELLION\" width=\"500\" height=\"281\" src=\"https:\/\/www.youtube.com\/embed\/QH99e_-q3ck?feature=oembed\" frameborder=\"0\" allow=\"accelerometer; autoplay; clipboard-write; encrypted-media; gyroscope; picture-in-picture; web-share\" referrerpolicy=\"strict-origin-when-cross-origin\" allowfullscreen><\/iframe><\/div>\n\n<\/div><\/figure>\n\n\n\n<ul class=\"wp-block-list wp-embed-aspect-16-9 wp-has-aspect-ratio\">\n<li>Aplicaci\u00f3n manual de pintura vial con cargas antideslizantes mediante inyecci\u00f3n<\/li>\n<\/ul>\n\n\n\n<figure class=\"wp-block-embed aligncenter is-type-video is-provider-youtube wp-block-embed-youtube\"><div class=\"wp-block-embed__wrapper\">\nhttps:\/\/www.youtube.com\/watch?v=DAyCz09SVnYu0026t=18s\n<\/div><\/figure>\n\n\n\n<ul class=\"wp-block-list wp-embed-aspect-16-9 wp-has-aspect-ratio\">\n<li>Aplicaci\u00f3n de recubrimientos en fr\u00edo<\/li>\n<\/ul>\n\n\n\n<figure class=\"wp-block-embed aligncenter is-type-video is-provider-youtube wp-block-embed-youtube\"><div class=\"wp-block-embed__wrapper\">\nhttps:\/\/www.youtube.com\/watch?v=PTdSIIgW3fou0026t=43s\n<\/div><\/figure>\n<\/div>\n\n\n\n<div class=\"wp-block-column is-layout-flow wp-block-column-is-layout-flow\">\n<ul class=\"wp-block-list wp-embed-aspect-16-9 wp-has-aspect-ratio\">\n<li>Aplicaci\u00f3n del recubrimiento en fr\u00edo &#8211; ROLLFLEX<\/li>\n<\/ul>\n\n\n\n<figure class=\"wp-block-embed aligncenter is-type-video is-provider-youtube wp-block-embed-youtube wp-embed-aspect-16-9 wp-has-aspect-ratio\"><div class=\"wp-block-embed__wrapper\">\n<div class=\"oembed\">\n\t<iframe loading=\"lazy\" title=\"Application ROLLFLEX SAR\" width=\"500\" height=\"281\" src=\"https:\/\/www.youtube.com\/embed\/_ucCoZa8cH8?feature=oembed\" frameborder=\"0\" allow=\"accelerometer; autoplay; clipboard-write; encrypted-media; gyroscope; picture-in-picture; web-share\" referrerpolicy=\"strict-origin-when-cross-origin\" allowfullscreen><\/iframe><\/div>\n\n<\/div><\/figure>\n\n\n\n<ul class=\"wp-block-list wp-embed-aspect-16-9 wp-has-aspect-ratio\">\n<li> Aplicaci\u00f3n de asfalto &#8211; EUROPHALT +<\/li>\n<\/ul>\n\n\n\n<figure class=\"wp-block-embed aligncenter is-provider-youtube wp-block-embed-youtube wp-embed-aspect-16-9 wp-has-aspect-ratio\"><div class=\"wp-block-embed__wrapper\">\nhttps:\/\/www.youtube.com\/watch?v=vb7CjIRp2sIu0026t=13s\n<\/div><\/figure>\n\n\n\n<ul class=\"wp-block-list wp-embed-aspect-16-9 wp-has-aspect-ratio\">\n<li>Aplicaci\u00f3n de productos de acondicionamiento y seguridad &#8211; P\u00c9PITE<\/li>\n<\/ul>\n\n\n\n<figure class=\"wp-block-embed aligncenter is-type-video is-provider-youtube wp-block-embed-youtube\"><div class=\"wp-block-embed__wrapper\">\nhttps:\/\/www.youtube.com\/watch?v=2hzXQOfcODku0026t=45s\n<\/div><\/figure>\n<\/div>\n<\/div>\n","protected":false},"excerpt":{"rendered":"<p>Todo lo que quer\u00eda saber sobre la aplicaci\u00f3n de los productos SAR:<\/p>\n","protected":false},"author":1,"featured_media":0,"parent":4646,"menu_order":3,"comment_status":"closed","ping_status":"closed","template":"page-formation.php","meta":{"_acf_changed":false,"footnotes":""},"class_list":["post-5954","page","type-page","status-publish","hentry"],"acf":[],"yoast_head":"<!-- This site is optimized with the Yoast SEO plugin v27.3 - https:\/\/yoast.com\/product\/yoast-seo-wordpress\/ -->\n<title>Nuestros tutoriales t\u00e9cnicos - SAR, Referencia en productos de se\u00f1alizaci\u00f3n vial<\/title>\n<meta name=\"description\" content=\"Descubra los diversos programas de formaci\u00f3n que ofrece SAR, experto l\u00edder en productos de se\u00f1alizaci\u00f3n vial. Nuestros cursos de formaci\u00f3n forman parte de nuestra experiencia.\" \/>\n<meta name=\"robots\" content=\"index, follow, max-snippet:-1, max-image-preview:large, max-video-preview:-1\" \/>\n<link rel=\"canonical\" href=\"https:\/\/sar.fr\/es\/nos-expertises\/nuestros-tutoriales-tecnicos\/\" \/>\n<meta property=\"og:locale\" content=\"es_ES\" \/>\n<meta property=\"og:type\" content=\"article\" \/>\n<meta property=\"og:title\" content=\"Nuestros tutoriales t\u00e9cnicos - SAR, Referencia en productos de se\u00f1alizaci\u00f3n vial\" \/>\n<meta property=\"og:description\" content=\"Descubra los diversos programas de formaci\u00f3n que ofrece SAR, experto l\u00edder en productos de se\u00f1alizaci\u00f3n vial. Nuestros cursos de formaci\u00f3n forman parte de nuestra experiencia.\" \/>\n<meta property=\"og:url\" content=\"https:\/\/sar.fr\/es\/nos-expertises\/nuestros-tutoriales-tecnicos\/\" \/>\n<meta property=\"og:site_name\" content=\"SAR\" \/>\n<meta property=\"article:modified_time\" content=\"2025-12-03T08:40:55+00:00\" \/>\n<meta name=\"twitter:card\" content=\"summary_large_image\" \/>\n<script type=\"application\/ld+json\" class=\"yoast-schema-graph\">{\"@context\":\"https:\\\/\\\/schema.org\",\"@graph\":[{\"@type\":\"WebPage\",\"@id\":\"https:\\\/\\\/sar.fr\\\/es\\\/nos-expertises\\\/nuestros-tutoriales-tecnicos\\\/\",\"url\":\"https:\\\/\\\/sar.fr\\\/es\\\/nos-expertises\\\/nuestros-tutoriales-tecnicos\\\/\",\"name\":\"Nuestros tutoriales t\u00e9cnicos - SAR, Referencia en productos de se\u00f1alizaci\u00f3n vial\",\"isPartOf\":{\"@id\":\"https:\\\/\\\/sar.fr\\\/#website\"},\"datePublished\":\"2025-12-03T08:24:19+00:00\",\"dateModified\":\"2025-12-03T08:40:55+00:00\",\"description\":\"Descubra los diversos programas de formaci\u00f3n que ofrece SAR, experto l\u00edder en productos de se\u00f1alizaci\u00f3n vial. Nuestros cursos de formaci\u00f3n forman parte de nuestra experiencia.\",\"breadcrumb\":{\"@id\":\"https:\\\/\\\/sar.fr\\\/es\\\/nos-expertises\\\/nuestros-tutoriales-tecnicos\\\/#breadcrumb\"},\"inLanguage\":\"es\",\"potentialAction\":[{\"@type\":\"ReadAction\",\"target\":[\"https:\\\/\\\/sar.fr\\\/es\\\/nos-expertises\\\/nuestros-tutoriales-tecnicos\\\/\"]}]},{\"@type\":\"BreadcrumbList\",\"@id\":\"https:\\\/\\\/sar.fr\\\/es\\\/nos-expertises\\\/nuestros-tutoriales-tecnicos\\\/#breadcrumb\",\"itemListElement\":[{\"@type\":\"ListItem\",\"position\":1,\"name\":\"Accueil\",\"item\":\"https:\\\/\\\/sar.fr\\\/\"},{\"@type\":\"ListItem\",\"position\":2,\"name\":\"NUESTRA EXPERIENCIA\",\"item\":\"https:\\\/\\\/sar.fr\\\/nos-expertises\\\/\"},{\"@type\":\"ListItem\",\"position\":3,\"name\":\"Nuestros tutoriales t\u00e9cnicos\"}]},{\"@type\":\"WebSite\",\"@id\":\"https:\\\/\\\/sar.fr\\\/#website\",\"url\":\"https:\\\/\\\/sar.fr\\\/\",\"name\":\"Sar\",\"description\":\"\",\"publisher\":{\"@id\":\"https:\\\/\\\/sar.fr\\\/#organization\"},\"potentialAction\":[{\"@type\":\"SearchAction\",\"target\":{\"@type\":\"EntryPoint\",\"urlTemplate\":\"https:\\\/\\\/sar.fr\\\/?s={search_term_string}\"},\"query-input\":{\"@type\":\"PropertyValueSpecification\",\"valueRequired\":true,\"valueName\":\"search_term_string\"}}],\"inLanguage\":\"es\"},{\"@type\":\"Organization\",\"@id\":\"https:\\\/\\\/sar.fr\\\/#organization\",\"name\":\"Sar\",\"url\":\"https:\\\/\\\/sar.fr\\\/\",\"logo\":{\"@type\":\"ImageObject\",\"inLanguage\":\"es\",\"@id\":\"https:\\\/\\\/sar.fr\\\/#\\\/schema\\\/logo\\\/image\\\/\",\"url\":\"\",\"contentUrl\":\"\",\"caption\":\"Sar\"},\"image\":{\"@id\":\"https:\\\/\\\/sar.fr\\\/#\\\/schema\\\/logo\\\/image\\\/\"}}]}<\/script>\n<!-- \/ Yoast SEO plugin. -->","yoast_head_json":{"title":"Nuestros tutoriales t\u00e9cnicos - SAR, Referencia en productos de se\u00f1alizaci\u00f3n vial","description":"Descubra los diversos programas de formaci\u00f3n que ofrece SAR, experto l\u00edder en productos de se\u00f1alizaci\u00f3n vial. Nuestros cursos de formaci\u00f3n forman parte de nuestra experiencia.","robots":{"index":"index","follow":"follow","max-snippet":"max-snippet:-1","max-image-preview":"max-image-preview:large","max-video-preview":"max-video-preview:-1"},"canonical":"https:\/\/sar.fr\/es\/nos-expertises\/nuestros-tutoriales-tecnicos\/","og_locale":"es_ES","og_type":"article","og_title":"Nuestros tutoriales t\u00e9cnicos - SAR, Referencia en productos de se\u00f1alizaci\u00f3n vial","og_description":"Descubra los diversos programas de formaci\u00f3n que ofrece SAR, experto l\u00edder en productos de se\u00f1alizaci\u00f3n vial. Nuestros cursos de formaci\u00f3n forman parte de nuestra experiencia.","og_url":"https:\/\/sar.fr\/es\/nos-expertises\/nuestros-tutoriales-tecnicos\/","og_site_name":"SAR","article_modified_time":"2025-12-03T08:40:55+00:00","twitter_card":"summary_large_image","schema":{"@context":"https:\/\/schema.org","@graph":[{"@type":"WebPage","@id":"https:\/\/sar.fr\/es\/nos-expertises\/nuestros-tutoriales-tecnicos\/","url":"https:\/\/sar.fr\/es\/nos-expertises\/nuestros-tutoriales-tecnicos\/","name":"Nuestros tutoriales t\u00e9cnicos - SAR, Referencia en productos de se\u00f1alizaci\u00f3n vial","isPartOf":{"@id":"https:\/\/sar.fr\/#website"},"datePublished":"2025-12-03T08:24:19+00:00","dateModified":"2025-12-03T08:40:55+00:00","description":"Descubra los diversos programas de formaci\u00f3n que ofrece SAR, experto l\u00edder en productos de se\u00f1alizaci\u00f3n vial. Nuestros cursos de formaci\u00f3n forman parte de nuestra experiencia.","breadcrumb":{"@id":"https:\/\/sar.fr\/es\/nos-expertises\/nuestros-tutoriales-tecnicos\/#breadcrumb"},"inLanguage":"es","potentialAction":[{"@type":"ReadAction","target":["https:\/\/sar.fr\/es\/nos-expertises\/nuestros-tutoriales-tecnicos\/"]}]},{"@type":"BreadcrumbList","@id":"https:\/\/sar.fr\/es\/nos-expertises\/nuestros-tutoriales-tecnicos\/#breadcrumb","itemListElement":[{"@type":"ListItem","position":1,"name":"Accueil","item":"https:\/\/sar.fr\/"},{"@type":"ListItem","position":2,"name":"NUESTRA EXPERIENCIA","item":"https:\/\/sar.fr\/nos-expertises\/"},{"@type":"ListItem","position":3,"name":"Nuestros tutoriales t\u00e9cnicos"}]},{"@type":"WebSite","@id":"https:\/\/sar.fr\/#website","url":"https:\/\/sar.fr\/","name":"Sar","description":"","publisher":{"@id":"https:\/\/sar.fr\/#organization"},"potentialAction":[{"@type":"SearchAction","target":{"@type":"EntryPoint","urlTemplate":"https:\/\/sar.fr\/?s={search_term_string}"},"query-input":{"@type":"PropertyValueSpecification","valueRequired":true,"valueName":"search_term_string"}}],"inLanguage":"es"},{"@type":"Organization","@id":"https:\/\/sar.fr\/#organization","name":"Sar","url":"https:\/\/sar.fr\/","logo":{"@type":"ImageObject","inLanguage":"es","@id":"https:\/\/sar.fr\/#\/schema\/logo\/image\/","url":"","contentUrl":"","caption":"Sar"},"image":{"@id":"https:\/\/sar.fr\/#\/schema\/logo\/image\/"}}]}},"_links":{"self":[{"href":"https:\/\/sar.fr\/es\/wp-json\/wp\/v2\/pages\/5954","targetHints":{"allow":["GET"]}}],"collection":[{"href":"https:\/\/sar.fr\/es\/wp-json\/wp\/v2\/pages"}],"about":[{"href":"https:\/\/sar.fr\/es\/wp-json\/wp\/v2\/types\/page"}],"author":[{"embeddable":true,"href":"https:\/\/sar.fr\/es\/wp-json\/wp\/v2\/users\/1"}],"replies":[{"embeddable":true,"href":"https:\/\/sar.fr\/es\/wp-json\/wp\/v2\/comments?post=5954"}],"version-history":[{"count":2,"href":"https:\/\/sar.fr\/es\/wp-json\/wp\/v2\/pages\/5954\/revisions"}],"predecessor-version":[{"id":5959,"href":"https:\/\/sar.fr\/es\/wp-json\/wp\/v2\/pages\/5954\/revisions\/5959"}],"up":[{"embeddable":true,"href":"https:\/\/sar.fr\/es\/wp-json\/wp\/v2\/pages\/4646"}],"wp:attachment":[{"href":"https:\/\/sar.fr\/es\/wp-json\/wp\/v2\/media?parent=5954"}],"curies":[{"name":"wp","href":"https:\/\/api.w.org\/{rel}","templated":true}]}}